{"id":4426,"date":"2019-01-27T17:00:06","date_gmt":"2019-01-27T16:00:06","guid":{"rendered":"https:\/\/www.toulineprestige.com\/?page_id=1835"},"modified":"2024-04-02T08:09:06","modified_gmt":"2024-04-02T08:09:06","slug":"car-rental-morocco","status":"publish","type":"page","link":"https:\/\/www.toulineprestige.com\/en\/location-voiture-maroc\/","title":{"rendered":"Car rental in Morocco"},"content":{"rendered":"<div data-elementor-type=\"wp-page\" data-elementor-id=\"4426\" class=\"elementor elementor-4426\">\n\t\t\t\t\t\t<section class=\"elementor-section elementor-top-section elementor-element elementor-element-57e18da9 elementor-section-boxed elementor-section-height-default elementor-section-height-default\" data-id=\"57e18da9\" data-element_type=\"section\" data-e-type=\"section\">\n\t\t\t\t\t\t<div class=\"elementor-container elementor-column-gap-default\">\n\t\t\t\t\t<div class=\"elementor-column elementor-col-100 elementor-top-column elementor-element elementor-element-253d5b34\" data-id=\"253d5b34\" data-element_type=\"column\" data-e-type=\"column\">\n\t\t\t<div class=\"elementor-widget-wrap elementor-element-populated\">\n\t\t\t\t\t\t<div class=\"elementor-element elementor-element-651b2d78 elementor-widget elementor-widget-text-editor\" data-id=\"651b2d78\" data-element_type=\"widget\" data-e-type=\"widget\" data-widget_type=\"text-editor.default\">\n\t\t\t\t<div class=\"elementor-widget-container\">\n\t\t\t\t\t\t\t\t\t<h1>Car Rental in Morocco: Explore the Country at Affordable Rates<\/h1><p style=\"text-align: justify;\">Located just a 2-hour flight from Paris, Morocco is an enchanting destination where history blends with natural beauty. From its palaces with lush gardens to its bustling souks and vast deserts, Morocco offers a rich experience in discoveries.<\/p><p style=\"text-align: justify;\">To explore this fascinating country, opt for our service of <strong>Car rental at affordable rates in Morocco<\/strong>. Book online through our comparison platform and enjoy a wide range of vehicles, from compact cars to comfortable SUVs, at competitive rates.<\/p><p><img fetchpriority=\"high\" decoding=\"async\" class=\"aligncenter wp-image-7033 size-full\" src=\"https:\/\/www.toulineprestige.com\/wp-content\/uploads\/location-voiture-au-maroc-pas-cher-1.png\" alt=\"\" width=\"615\" height=\"400\" srcset=\"https:\/\/www.toulineprestige.com\/wp-content\/uploads\/location-voiture-au-maroc-pas-cher-1.png 615w, https:\/\/www.toulineprestige.com\/wp-content\/uploads\/location-voiture-au-maroc-pas-cher-1-600x390.png 600w, https:\/\/www.toulineprestige.com\/wp-content\/uploads\/location-voiture-au-maroc-pas-cher-1-360x234.png 360w, https:\/\/www.toulineprestige.com\/wp-content\/uploads\/location-voiture-au-maroc-pas-cher-1-123x80.png 123w\" sizes=\"(max-width: 615px) 100vw, 615px\" \/><\/p><h2 style=\"text-align: justify;\">Why book your car rental in Morocco before your departure ?<\/h2><p style=\"text-align: justify;\">Our service allows you to compare prices from different rental companies and find the best car rental deal in Morocco. With our online booking system, you can save time and money while enjoying a hassle-free experience upon your arrival.<\/p><p style=\"text-align: justify;\">Explore every corner of Morocco, from historic medinas to magnificent coasts, at your own pace. With our car rental service, you have the freedom to discover the country's wonders according to your own desires.<\/p><p style=\"text-align: justify;\">Don't miss out on Morocco's must-see attractions, such as the Medina of Fez, the Dades Gorges, and the Roman ruins of Volubilis. Renting a car in Morocco gives you the flexibility to explore these hidden treasures and create unforgettable memories during your trip.<\/p><p style=\"text-align: justify;\">Book your <strong>car rental in Morocco<\/strong> Start your adventure today!<\/p><p style=\"text-align: justify;\">\u00a0<\/p>\t\t\t\t\t\t\t\t<\/div>\n\t\t\t\t<\/div>\n\t\t\t\t\t<\/div>\n\t\t<\/div>\n\t\t\t\t\t<\/div>\n\t\t<\/section>\n\t\t\t\t<\/div>","protected":false},"excerpt":{"rendered":"<p>Location de voiture au Maroc : Explorez le pays \u00e0 prix abordable Situ\u00e9 \u00e0 seulement&hellip;<\/p>","protected":false},"author":2,"featured_media":0,"parent":0,"menu_order":0,"comment_status":"closed","ping_status":"closed","template":"","meta":{"footnotes":""},"class_list":["post-4426","page","type-page","status-publish","hentry"],"_links":{"self":[{"href":"https:\/\/www.toulineprestige.com\/en\/wp-json\/wp\/v2\/pages\/4426","targetHints":{"allow":["GET"]}}],"collection":[{"href":"https:\/\/www.toulineprestige.com\/en\/wp-json\/wp\/v2\/pages"}],"about":[{"href":"https:\/\/www.toulineprestige.com\/en\/wp-json\/wp\/v2\/types\/page"}],"author":[{"embeddable":true,"href":"https:\/\/www.toulineprestige.com\/en\/wp-json\/wp\/v2\/users\/2"}],"replies":[{"embeddable":true,"href":"https:\/\/www.toulineprestige.com\/en\/wp-json\/wp\/v2\/comments?post=4426"}],"version-history":[{"count":0,"href":"https:\/\/www.toulineprestige.com\/en\/wp-json\/wp\/v2\/pages\/4426\/revisions"}],"wp:attachment":[{"href":"https:\/\/www.toulineprestige.com\/en\/wp-json\/wp\/v2\/media?parent=4426"}],"curies":[{"name":"wp","href":"https:\/\/api.w.org\/{rel}","templated":true}]}}