{"id":4428,"date":"2018-08-03T01:21:54","date_gmt":"2018-08-02T23:21:54","guid":{"rendered":"\/\/www.toulineprestige.com\/?page_id=222"},"modified":"2026-01-05T21:30:09","modified_gmt":"2026-01-05T20:30:09","slug":"location-voiture-pas-cher","status":"publish","type":"page","link":"https:\/\/www.toulineprestige.com\/en\/location-voiture-pas-cher\/","title":{"rendered":"Location de voiture pas cher \u00e0 Casablanca"},"content":{"rendered":"<h1 style=\"text-align: justify;\">Location voiture pas cher \u00e0 Casablanca<\/h1>\n<p style=\"text-align: justify;\">Pour un s\u00e9jour inoubliable au Casablanca, Touline Prestige agence de <a href=\"https:\/\/www.toulineprestige.com\/en\/car-rental-casablanca\/\"><span style=\"color: #000000;\"><strong>car rental in casablanca<\/strong><\/span><\/a> vous propose des v\u00e9hicules de nouvelle g\u00e9n\u00e9ration, et m\u00eame r\u00e9cent en fonction de votre budget. Professionnel dans le domaine de la <span style=\"color: #000000;\"><strong><a style=\"color: #000000;\" href=\"https:\/\/www.toulineprestige.com\/en\/\">Casablanca car rental<\/a><\/strong><\/span>, depuis 2001, Touline Prestige vous propose des offres de location voiture \u00e0 petit prix.<\/p>\n<h2 style=\"text-align: justify;\">D\u00e9couvrez la location de voiture de luxe par Touline Prestige<\/h2>\n<p style=\"text-align: justify;\">Touline Prestige <strong>agence de location de voiture \u00e0 Casablanca<\/strong>, situ\u00e9e au centre ville maarif, dispose de la plus grande flotte de voitures de prestige : v\u00e9hicules haut de gamme et v\u00e9hicules de sport. Cela vous permet de b\u00e9n\u00e9ficier de tarifs les plus bas toute l&rsquo;ann\u00e9e sur ces types de v\u00e9hicules : 4&#215;4, cabriolets, coup\u00e9s&#8230;<\/p>\n<p style=\"text-align: justify;\">Pour b\u00e9n\u00e9ficier de tarifs moins chers rien de plus simple. Il vous faut juste consulter notre formulaire de r\u00e9servation pour nos offres de location de voiture pas cher au Maroc.<\/p>\n<p style=\"text-align: justify;\">Sur des tarifs mensuels vous pourrez trouvez des prix encore moins cher <a href=\"https:\/\/www.toulineprestige.com\/en\/location-voiture-casablanca-200-dhs\/\">location de voiture \u00e0 partir de 200 Dhs\/jour<\/a>.<\/p>\n<h3 style=\"text-align: justify;\">Cat\u00e9gories de v\u00e9hicules de location et services disponibles<\/h3>\n<ul style=\"text-align: justify;\">\n<li><a href=\"https:\/\/www.toulineprestige.com\/en\/gamme-des-voitures-de-location-citadines-et-compactes\/\">Urban &amp; compact<\/a><\/li>\n<li><a href=\"https:\/\/www.toulineprestige.com\/en\/location-vehicule-casablanca\/suv-4x2-4w4\/\">SUV &amp; 4WD<\/a><\/li>\n<li><a href=\"https:\/\/www.toulineprestige.com\/en\/location-vehicule-casablanca\/voitures-luxe-prestige\/\">Premium<\/a><\/li>\n<li><a href=\"https:\/\/www.toulineprestige.com\/en\/location-vehicule-casablanca\/voitures-familiales\/\">Familiales &amp; Minibus<\/a><\/li>\n<li><a href=\"https:\/\/www.toulineprestige.com\/en\/location-vehicule-casablanca\/utilitaires\/\">Utilitaires<\/a><\/li>\n<\/ul>\n<h3 style=\"text-align: justify;\">Le mod\u00e8le de voiture de votre r\u00eave<\/h3>\n<p style=\"text-align: justify;\">Ciblant aussi bien les particuliers que les professionnels, Touline Prestige l&rsquo;agence de <strong>location de voiture au Maroc<\/strong> met \u00e0 la disposition des touristes, vacanciers et voyageurs d\u2019affaires, plusieurs types de voiture au multiple choix. Pour votre balade en ville, vous pouvez opter pour la <a href=\"https:\/\/www.toulineprestige.com\/en\/voiture\/location-renault-clio-4-casablanca\/\">Renault Clio 4<\/a> ou la <a href=\"https:\/\/www.toulineprestige.com\/en\/voiture\/location-volkswagen-golf-7-casablanca\/\">Volkswagen Golf 7<\/a>, surtout si vous \u00eates en solo ou en couple.<\/p>\n<p style=\"text-align: justify;\">Entre amis ou en famille, optez plut\u00f4t les voitures de cat\u00e9gories familiales ou le minibus. Dans la mesure o\u00f9 vous souhaitez traverser toutes les rues jusqu\u2019\u00e0 la c\u00f4te, les minis <a href=\"https:\/\/www.toulineprestige.com\/en\/location-4x4\/\">4&#215;4<\/a> sont d\u00e9j\u00e0 \u00e0 votre disposition pour vous faire profiter d\u2019un s\u00e9jour inoubliable. Pour votre <a href=\"https:\/\/www.toulineprestige.com\/en\/location-voiture-aeroport-casablanca\/\">transfert a\u00e9roport Casablanca<\/a>, plus pr\u00e9cis\u00e9ment de l&rsquo;a\u00e9roport international Mohamed V \u2013 Nouasser nich\u00e9 \u00e0 une vingtaine de kilom\u00e8tres du centre-ville, Touline Prestige met \u00e0 votre disposition tout une s\u00e9rie de voiture pour assurer votre confort.<\/p>\n<h3 style=\"text-align: justify;\">Des options, rien que pour votre confort<\/h3>\n<p style=\"text-align: justify;\">La proposition d\u2019options satisfaisantes prouve le professionnalisme de Touline Prestige, concernant la location voiture pas cher dans la ville de Casablanca, dont le GPS, l\u2019Airbug et bien d\u2019autres. Il garantit les comp\u00e9tences du conducteur et impose certaines conditions pour que les touristes ou les vacanciers puissent jouir des s\u00e9jours en toute s\u00e9r\u00e9nit\u00e9. Ce n\u2019est pas \u00e9tonnant s\u2019il existe souvent un deuxi\u00e8me chauffeur exp\u00e9riment\u00e9 pour assurer le relai, tout le long de la balade au sein de la merveilleuse ville de Casablanca. Les services sont faits particuli\u00e8rement pour r\u00e9pondre \u00e0 vos exigences; vous \u00eates libres de r\u00e9cup\u00e9rer la voiture partout o\u00f9 vous \u00eates, soit \u00e0 l\u2019h\u00f4tel soit \u00e0 la gare. Ils concernent \u00e9galement votre transfert a\u00e9roport Casablanca. Inutile d\u2019avoir des soucis au niveau de votre s\u00e9curit\u00e9, car les v\u00e9hicules disposent des assurances tous risques. Pour ce qui concerne le paiement, le virement Swift et la carte cr\u00e9dit sont acceptables.<\/p>\n<h3 style=\"text-align: justify;\">Location voiture pas cher de courte \u00e0 longue dur\u00e9e<\/h3>\n<p style=\"text-align: justify;\">Avec Touline Prestige, vous pouvez jouir d\u2019une prolongation conventionnelle de location voiture pas cher, outre que la dur\u00e9e de location est d\u00e9j\u00e0 d\u00e9finie. La location de courte dur\u00e9e va d\u2019une journ\u00e9e \u00e0 une semaine (correspondant \u00e0 7 jours) visant \u00e0 vous permettre de visiter tous les points attractifs de la ville. Pour une location voiture pas cher de longue dur\u00e9e de plus d\u2019un mois, une r\u00e9duction de tarif est mise \u00e0 disposition des locataires. Touline Prestige satisfait \u00e9galement les exigences des personnes souhaitant profiter d\u2019une location de voiture \u00e0 prix mini pendant seulement quelques heures.<\/p>\n<p style=\"text-align: justify;\">Notre agence Touline Prestige vous offre des services de transport de vos personnel.<br \/>\nVous \u00eates un organisateur de voyages ou agence de voyage? Faites vos <strong>locations de voitures<\/strong> avec Touline Prestige.<\/p>\n<p style=\"text-align: justify;\">Faites vos d\u00e9placements depuis et vers les a\u00e9roports du Maroc avec Touline Prestige, notre agence mets \u00e0 votre disposition le pack Samilease: une location d&rsquo;une voiture neuve, de marque et surtout une location voiture moins cher garanti.<\/p>","protected":false},"excerpt":{"rendered":"<p>Location voiture pas cher \u00e0 Casablanca Pour un s\u00e9jour inoubliable au Casablanca, Touline Prestige agence&hellip;<\/p>","protected":false},"author":2,"featured_media":0,"parent":0,"menu_order":0,"comment_status":"closed","ping_status":"closed","template":"","meta":{"footnotes":""},"class_list":["post-4428","page","type-page","status-publish","hentry"],"_links":{"self":[{"href":"https:\/\/www.toulineprestige.com\/en\/wp-json\/wp\/v2\/pages\/4428","targetHints":{"allow":["GET"]}}],"collection":[{"href":"https:\/\/www.toulineprestige.com\/en\/wp-json\/wp\/v2\/pages"}],"about":[{"href":"https:\/\/www.toulineprestige.com\/en\/wp-json\/wp\/v2\/types\/page"}],"author":[{"embeddable":true,"href":"https:\/\/www.toulineprestige.com\/en\/wp-json\/wp\/v2\/users\/2"}],"replies":[{"embeddable":true,"href":"https:\/\/www.toulineprestige.com\/en\/wp-json\/wp\/v2\/comments?post=4428"}],"version-history":[{"count":1,"href":"https:\/\/www.toulineprestige.com\/en\/wp-json\/wp\/v2\/pages\/4428\/revisions"}],"predecessor-version":[{"id":12793,"href":"https:\/\/www.toulineprestige.com\/en\/wp-json\/wp\/v2\/pages\/4428\/revisions\/12793"}],"wp:attachment":[{"href":"https:\/\/www.toulineprestige.com\/en\/wp-json\/wp\/v2\/media?parent=4428"}],"curies":[{"name":"wp","href":"https:\/\/api.w.org\/{rel}","templated":true}]}}