{"id":4431,"date":"2018-08-26T17:37:38","date_gmt":"2018-08-26T15:37:38","guid":{"rendered":"\/\/www.toulineprestige.com\/?page_id=535"},"modified":"2022-11-08T00:23:13","modified_gmt":"2022-11-07T23:23:13","slug":"location-minibus","status":"publish","type":"page","link":"https:\/\/www.toulineprestige.com\/en\/location-minibus\/","title":{"rendered":"Location minibus"},"content":{"rendered":"<h1 style=\"text-align: justify;\">Location minibus \u00e0 Casablanca<\/h1>\n<p style=\"text-align: justify;\">Besoin d\u2019un v\u00e9hicule spacieux pour un d\u00e9placement \u00e0 6, 7, 8 ou 9 personnes ? La flotte de notre agence de location de voiture \u00e0 Casablanca est dot\u00e9e de minibus toutes marques aux capacit\u00e9s variables. Ils peuvent \u00eatre lou\u00e9s avec un permis B pour de courtes ou longues dur\u00e9es. Dans de nombreux pays, Touline Prestige propose la location minibus encore plus grands, jusqu\u2019\u00e0 9 places !<\/p>\n<h3 style=\"text-align: justify;\">Comment louer un minibus chez Touline Prestige ?<\/h3>\n<p style=\"text-align: justify;\">La r\u00e9servation d\u2019une location minibus est vivement recommand\u00e9e et peut se faire jusqu\u2019\u00e0 48 heures, 24 heures voire quelques heures avant la r\u00e9cup\u00e9ration du v\u00e9hicule mais plus vous r\u00e9serverez longtemps \u00e0 l\u2019avance et plus vous aurez la libert\u00e9 de choisir votre type de v\u00e9hicule et vos options aupr\u00e8s de l\u2019agence Touline Prestige Casablanca Centre Anfa M\u00e2arif situ\u00e9e pr\u00e8s de mosqu\u00e9e Hassan 2. La proc\u00e9dure est la m\u00eame que pour tous les autres v\u00e9hicules de tourisme.<\/p>\n<h3 style=\"text-align: justify;\">Possibilit\u00e9s pour r\u00e9server votre minibus<\/h3>\n<p style=\"text-align: justify;\">Vous pouvez effectuer cette r\u00e9servation en ligne, par t\u00e9l\u00e9phone, sur votre smartphone ou dans votre agence, au cas o\u00f9 vous loueriez pr\u00e8s de chez vous ou de votre lieu de travail. Renseignez-vous d\u00e8s maintenant pour votre location minibus avec Touline Prestige. Quel que soit votre projet, nous pourrons \u00e9tudier ensemble les meilleures solutions.<\/p>\n<h3 style=\"text-align: justify;\">Pourquoi louer un minibus chez Touline Prestige?<\/h3>\n<p style=\"text-align: justify;\">Avec Touline Prestige, un grand nombre d\u2019options vous est propos\u00e9 dans le but de faciliter votre exp\u00e9rience que ce soit pour une journ\u00e9e ou une semaine. Votre minibus pourrait par exemple, \u00eatre livr\u00e9 \u00e0 l\u2019adresse de votre choix et l\u2019un de nos agents peut venir le r\u00e9cup\u00e9rer \u00e0 cette m\u00eame adresse ou \u00e0 une adresse diff\u00e9rente. Pour ne pas perdre de temps, vous pouvez utiliser Touline Prestige Online Check-in et vous \u00e9vitez ainsi la proc\u00e9dure administrative qui est d\u00e9j\u00e0 compl\u00e9t\u00e9e en ligne. Cette option est disponible dans les agences participantes. Selon vos besoins, Touline Prestige propose une option kilom\u00e9trage illimit\u00e9 et, dans pr\u00e8s d\u2019une centaine de pays, la location de minibus avec chauffeur gr\u00e2ce au service Touline Prestige. Vous avez \u00e9galement la possibilit\u00e9 de louer un minibus en aller simple.<\/p>\n<h3 style=\"text-align: justify;\">Location Minibus Hyundai H1<\/h3>\n<p style=\"text-align: justify;\">Vous pouvez\u00a0 essayer la location minibus H1 de Hyundai \u00e0 Casablanca, notre flotte \u00e9tant r\u00e9guli\u00e8rement remise \u00e0 jour, N\u2019h\u00e9sitez surtout pas \u00e0 jeter un coup d\u2019\u0153il \u00e0 notre simulateur de devis qui vous informera sur la disponibilit\u00e9 et les tarifs de location Hyundai H1 dans l&rsquo;agence Touline Prestige Casablanca Maroc.<\/p>","protected":false},"excerpt":{"rendered":"<p>Location minibus \u00e0 Casablanca Besoin d\u2019un v\u00e9hicule spacieux pour un d\u00e9placement \u00e0 6, 7, 8&hellip;<\/p>","protected":false},"author":2,"featured_media":0,"parent":0,"menu_order":0,"comment_status":"closed","ping_status":"closed","template":"","meta":{"footnotes":""},"class_list":["post-4431","page","type-page","status-publish","hentry"],"_links":{"self":[{"href":"https:\/\/www.toulineprestige.com\/en\/wp-json\/wp\/v2\/pages\/4431","targetHints":{"allow":["GET"]}}],"collection":[{"href":"https:\/\/www.toulineprestige.com\/en\/wp-json\/wp\/v2\/pages"}],"about":[{"href":"https:\/\/www.toulineprestige.com\/en\/wp-json\/wp\/v2\/types\/page"}],"author":[{"embeddable":true,"href":"https:\/\/www.toulineprestige.com\/en\/wp-json\/wp\/v2\/users\/2"}],"replies":[{"embeddable":true,"href":"https:\/\/www.toulineprestige.com\/en\/wp-json\/wp\/v2\/comments?post=4431"}],"version-history":[{"count":0,"href":"https:\/\/www.toulineprestige.com\/en\/wp-json\/wp\/v2\/pages\/4431\/revisions"}],"wp:attachment":[{"href":"https:\/\/www.toulineprestige.com\/en\/wp-json\/wp\/v2\/media?parent=4431"}],"curies":[{"name":"wp","href":"https:\/\/api.w.org\/{rel}","templated":true}]}}