{"id":4435,"date":"2019-11-13T06:36:40","date_gmt":"2019-11-13T05:36:40","guid":{"rendered":"https:\/\/www.toulineprestige.com\/?page_id=3203"},"modified":"2025-11-04T00:08:16","modified_gmt":"2025-11-03T23:08:16","slug":"location-voiture-black-friday-maroc","status":"publish","type":"page","link":"https:\/\/www.toulineprestige.com\/en\/location-voiture-black-friday-maroc\/","title":{"rendered":"Location voiture Black Friday 2025 Maroc"},"content":{"rendered":"<div data-elementor-type=\"wp-page\" data-elementor-id=\"4435\" class=\"elementor elementor-4435\">\n\t\t\t\t\t\t<section class=\"elementor-section elementor-top-section elementor-element elementor-element-5394c06 elementor-section-full_width elementor-section-stretched elementor-section-height-default elementor-section-height-default\" data-id=\"5394c06\" data-element_type=\"section\" data-e-type=\"section\" data-settings=\"{&quot;stretch_section&quot;:&quot;section-stretched&quot;}\">\n\t\t\t\t\t\t<div class=\"elementor-container elementor-column-gap-no\">\n\t\t\t\t\t<div class=\"elementor-column elementor-col-100 elementor-top-column elementor-element elementor-element-b145ad8\" data-id=\"b145ad8\" data-element_type=\"column\" data-e-type=\"column\">\n\t\t\t<div class=\"elementor-widget-wrap elementor-element-populated\">\n\t\t\t\t\t\t<div class=\"elementor-element elementor-element-98fdcbf elementor-widget elementor-widget-templines-page-header\" data-id=\"98fdcbf\" data-element_type=\"widget\" data-e-type=\"widget\" data-widget_type=\"templines-page-header.default\">\n\t\t\t\t<div class=\"elementor-widget-container\">\n\t\t\t\t\t\n\t<header\n\t\tclass=\"l-section h-round c-page-header c-page-header--header-type-1\" style=\"background-image:url(https:\/\/www.toulineprestige.com\/wp-content\/uploads\/black-friday-toulineprestige-slide.jpg)\">\n\t\t<div class=\"c-page-header__wrap c-page-header__wrap--long\">\n\t\t\t\t\t\t\t\t\t\t\t\t<h1 class=\"c-page-header__title c-page-header__title--long\">Promo Black Friday : Louez et roulez moins cher !<\/h1>\n\t\t\t\t\t\t\t\t\t\t\t\t<\/div>\n\t<\/header>\n\n\t\t\t\t<\/div>\n\t\t\t\t<\/div>\n\t\t\t\t\t<\/div>\n\t\t<\/div>\n\t\t\t\t\t<\/div>\n\t\t<\/section>\n\t\t\t\t<section class=\"elementor-section elementor-top-section elementor-element elementor-element-6285bd16 elementor-section-boxed elementor-section-height-default elementor-section-height-default\" data-id=\"6285bd16\" data-element_type=\"section\" data-e-type=\"section\">\n\t\t\t\t\t\t<div class=\"elementor-container elementor-column-gap-default\">\n\t\t\t\t\t<div class=\"elementor-column elementor-col-100 elementor-top-column elementor-element elementor-element-357c72aa\" data-id=\"357c72aa\" data-element_type=\"column\" data-e-type=\"column\">\n\t\t\t<div class=\"elementor-widget-wrap elementor-element-populated\">\n\t\t\t\t\t\t<div class=\"elementor-element elementor-element-d4e65b0 elementor-widget elementor-widget-templines-heading\" data-id=\"d4e65b0\" data-element_type=\"widget\" data-e-type=\"widget\" data-widget_type=\"templines-heading.default\">\n\t\t\t\t<div class=\"elementor-widget-container\">\n\t\t\t\t\t<div class=\"c-heading c-heading--large c-heading--\"><span class=\"c-heading__inner\">Le Black Friday chez Touline Prestige ?<\/span><\/div>\t\t\t\t<\/div>\n\t\t\t\t<\/div>\n\t\t\t\t<div class=\"elementor-element elementor-element-7c050ec1 elementor-widget elementor-widget-text-editor\" data-id=\"7c050ec1\" data-element_type=\"widget\" data-e-type=\"widget\" data-widget_type=\"text-editor.default\">\n\t\t\t\t<div class=\"elementor-widget-container\">\n\t\t\t\t\t\t\t\t\t<p style=\"text-align: justify;\">Pr\u00e9parez-vous pour les week-end sp\u00e9ciaux \u00e0 l&rsquo;occasion du <strong>Black Friday 2025 au Maroc<\/strong> avec de nombreuses <strong>offres et remises<\/strong> sur les locations de voitures \u00e0 Casablanca.<\/p><p style=\"text-align: justify;\">Nous vous pr\u00e9parons nos plus beaux cadeaux et les meilleures offres du <strong>Black Friday<\/strong>, que vous trouverez sur notre site de location de voitures.<\/p><p style=\"text-align: justify;\">Suivez-nous sur instagram <a href=\"https:\/\/www.instagram.com\/toulineprestige\" target=\"_blank\" rel=\"noopener\">@toulineprestige<\/a> pour \u00eatre inform\u00e9 des r\u00e9ductions et des prix exceptionnels du Black Friday ! Ou serait-ce m\u00eame une <strong>Black Week<\/strong> cette ann\u00e9e ?<\/p><p>Prenez les devants et r\u00e9servez votre location de voiture \u00e0 prix Black Friday Maroc 2025 avec Touline Prestige, le loueur de v\u00e9hicules particuliers ou utilitaires \u00e0 prix raisonnables !<\/p><h1>LOUEZ 4 JOURS AU PRIX DE 3 Week-end seulement !<\/h1><p>Pour mieux vous servir \u00e0 moindre co\u00fbt, nous vous proposons notre formule sp\u00e9ciale weekend 4 jours au prix de 3; Profitez du Black Week le (17 Novembre au 21 Novembre, et 24 Novembre et 28 Novembre) et b\u00e9n\u00e9ficiez des r\u00e9ductions sur toutes vos r\u00e9servations du weekend.<\/p><p><strong>Nb: Cette offre est valable uniquement pour certaines cat\u00e9gorie de voitures seulement, selon disponibilit\u00e9.<\/strong><\/p>\t\t\t\t\t\t\t\t<\/div>\n\t\t\t\t<\/div>\n\t\t\t\t\t<\/div>\n\t\t<\/div>\n\t\t\t\t\t<\/div>\n\t\t<\/section>\n\t\t\t\t<section class=\"elementor-section elementor-top-section elementor-element elementor-element-7785346 elementor-section-full_width elementor-section-stretched elementor-section-height-default elementor-section-height-default\" data-id=\"7785346\" data-element_type=\"section\" data-e-type=\"section\" data-settings=\"{&quot;stretch_section&quot;:&quot;section-stretched&quot;,&quot;background_background&quot;:&quot;classic&quot;}\">\n\t\t\t\t\t\t<div class=\"elementor-container elementor-column-gap-default\">\n\t\t\t\t\t<div class=\"elementor-column elementor-col-100 elementor-top-column elementor-element elementor-element-2682828\" data-id=\"2682828\" data-element_type=\"column\" data-e-type=\"column\">\n\t\t\t<div class=\"elementor-widget-wrap elementor-element-populated\">\n\t\t\t\t\t\t<div class=\"elementor-element elementor-element-c1a5a61 elementor-widget elementor-widget-image\" data-id=\"c1a5a61\" data-element_type=\"widget\" data-e-type=\"widget\" data-widget_type=\"image.default\">\n\t\t\t\t<div class=\"elementor-widget-container\">\n\t\t\t\t\t\t\t\t\t\t\t\t\t\t\t<img decoding=\"async\" src=\"https:\/\/www.toulineprestige.com\/wp-content\/uploads\/elementor\/thumbs\/tp-icon-rouge-rkisall9sbz9q1ngf4d0aur7mgnyt6tka729yw7y5c.png\" title=\"\" alt=\"\" loading=\"lazy\" \/>\t\t\t\t\t\t\t\t\t\t\t\t\t\t\t<\/div>\n\t\t\t\t<\/div>\n\t\t\t\t<div class=\"elementor-element elementor-element-dcfca1c elementor-widget elementor-widget-templines-heading\" data-id=\"dcfca1c\" data-element_type=\"widget\" data-e-type=\"widget\" data-widget_type=\"templines-heading.default\">\n\t\t\t\t<div class=\"elementor-widget-container\">\n\t\t\t\t\t<div class=\"c-heading c-heading--large c-heading--center\"><span class=\"c-heading__inner\">Notre flotte de v\u00e9hicules en promotion<\/span><\/div>\t\t\t\t<\/div>\n\t\t\t\t<\/div>\n\t\t\t\t<div class=\"elementor-element elementor-element-239a5d1 elementor-hidden-mobile elementor-widget elementor-widget-templines-heading\" data-id=\"239a5d1\" data-element_type=\"widget\" data-e-type=\"widget\" data-widget_type=\"templines-heading.default\">\n\t\t\t\t<div class=\"elementor-widget-container\">\n\t\t\t\t\t<div class=\"c-heading c-heading--small c-heading--center\"><span class=\"c-heading__inner\">Profitez d'\u00e9conomies incroyables du Black Friday au Maroc<\/span><\/div>\t\t\t\t<\/div>\n\t\t\t\t<\/div>\n\t\t\t\t<div class=\"elementor-element elementor-element-a9c9c71 elementor-widget elementor-widget-templines-product-carousel\" data-id=\"a9c9c71\" data-element_type=\"widget\" data-e-type=\"widget\" data-widget_type=\"templines-product-carousel.default\">\n\t\t\t\t<div class=\"elementor-widget-container\">\n\t\t\t\t\t\t\t<div class=\"c-product-carousel\">\n\t\t\t\t\t\t\t\t\t\t\t<div class=\"c-product-carousel__filter-wrap\">\n\t\t\t\t\t<ul class=\"c-product-carousel__filter c-product-carousel__filter--desktop\">\n\t\t\t\t\t\t\t\t\t\t\t\t\t\t\t\t\t\t\t\t\t\t\t\t\t\t\t\t<li class=\"c-product-carousel__filter-item active\">\n\t\t\t\t\t\t\t\t\t<a class=\"js-product-carousel-filter\" href=\"https:\/\/www.toulineprestige.com\/en\/vehicle_type\/citadines-compactes\/\" data-id=\"5092\" data-limit=\"60\" data-sort=\"price\" data-on-sale=\"yes\">Urban &amp; compact<\/a>\n\t\t\t\t\t\t\t\t<\/li>\n\t\t\t\t\t\t\t\t\t\t\t\t\t\t\t\t\t\t\t\t\t\t\t\t\t\t\t\t\t\t\t\t\t\t\t\t\t\t\t\t\t\t<li class=\"c-product-carousel__filter-item\">\n\t\t\t\t\t\t\t\t\t<a class=\"js-product-carousel-filter\" href=\"https:\/\/www.toulineprestige.com\/en\/vehicle_type\/suv-4wd\/\" data-id=\"5094\" data-limit=\"60\" data-sort=\"price\" data-on-sale=\"yes\">SUV &amp; 4WD<\/a>\n\t\t\t\t\t\t\t\t<\/li>\n\t\t\t\t\t\t\t\t\t\t\t\t\t\t\t\t\t\t\t\t\t\t\t\t\t\t\t\t\t\t\t\t\t\t\t\t\t\t\t\t\t\t<li class=\"c-product-carousel__filter-item\">\n\t\t\t\t\t\t\t\t\t<a class=\"js-product-carousel-filter\" href=\"https:\/\/www.toulineprestige.com\/en\/vehicle_type\/premium\/\" data-id=\"5093\" data-limit=\"60\" data-sort=\"price\" data-on-sale=\"yes\">Premium<\/a>\n\t\t\t\t\t\t\t\t<\/li>\n\t\t\t\t\t\t\t\t\t\t\t\t\t\t\t\t\t\t\t\t\t\t\t\t\t\t\t\t\t\t\t\t\t\t\t\t\t\t\t\t\t\t<li class=\"c-product-carousel__filter-item\">\n\t\t\t\t\t\t\t\t\t<a class=\"js-product-carousel-filter\" href=\"https:\/\/www.toulineprestige.com\/en\/vehicle_type\/familiale-minibus\/\" data-id=\"5091\" data-limit=\"60\" data-sort=\"price\" data-on-sale=\"yes\">Family car &amp; Minibus<\/a>\n\t\t\t\t\t\t\t\t<\/li>\n\t\t\t\t\t\t\t\t\t\t\t\t\t\t\t\t\t\t\t\t\t\t\t\t\t<\/ul>\n\t\t\t\t\t<span class=\"c-product-carousel__filter c-product-carousel__filter--mobile\">\n\t\t\t\t\t\t<select class=\"h-cb styled js-product-carousel-filter-select\">\n\t\t\t\t\t\t\t\t\t\t\t\t\t\t\t\t\t\t\t\t\t\t\t\t\t\t\t\t\t\t\t\t<option  value=\"5092\">Urban &amp; compact\t\t\t\t\t\t\t\t\t<\/option>\n\t\t\t\t\t\t\t\t\t\t\t\t\t\t\t\t\t\t\t\t\t\t\t\t\t\t\t\t\t\t\t\t\t\t\t\t\t\t\t\t\t\t\t\t\t\t\t\t<option  value=\"5094\">SUV &amp; 4WD\t\t\t\t\t\t\t\t\t<\/option>\n\t\t\t\t\t\t\t\t\t\t\t\t\t\t\t\t\t\t\t\t\t\t\t\t\t\t\t\t\t\t\t\t\t\t\t\t\t\t\t\t\t\t\t\t\t\t\t\t<option  value=\"5093\">Premium\t\t\t\t\t\t\t\t\t<\/option>\n\t\t\t\t\t\t\t\t\t\t\t\t\t\t\t\t\t\t\t\t\t\t\t\t\t\t\t\t\t\t\t\t\t\t\t\t\t\t\t\t\t\t\t\t\t\t\t\t<option  value=\"5091\">Family car &amp; Minibus\t\t\t\t\t\t\t\t\t<\/option>\n\t\t\t\t\t\t\t\t\t\t\t\t\t\t\t\t\t\t\t\t\t\t\t\t\t\t\t\t\t<\/select>\n\t\t\t\t\t<\/span>\n\t\t\t\t<\/div>\n\t\t\t\t\t\t<div class=\"c-product-carousel__wrap\">\n\t\t\t\t<div\n\t\t\t\t\tclass=\"c-product-carousel__list c-product-carousel__list--1 js-product-carousel h-carousel h-carousel--flex h-carousel--dark\">\n\t\t\t\t\t\t\t\t\t\t\t\t\t\t\t\t\t\t\t\t\t\t<div class=\"c-vehicle\">\n\t<div class=\"c-vehicle__thumb-wrap\">\n\t\t\t\t\t\t\t\t\t\t\t<img decoding=\"async\" width=\"300\" height=\"155\" src=\"https:\/\/www.toulineprestige.com\/wp-content\/uploads\/location-renault-clio-5-casablanca-maroc-300x155.png\" class=\"c-vehicle__thumb c-vehicle__thumb--contain wp-post-image\" alt=\"\" srcset=\"https:\/\/www.toulineprestige.com\/wp-content\/uploads\/location-renault-clio-5-casablanca-maroc-300x155.png 300w, https:\/\/www.toulineprestige.com\/wp-content\/uploads\/location-renault-clio-5-casablanca-maroc-266x138.png 266w, https:\/\/www.toulineprestige.com\/wp-content\/uploads\/location-renault-clio-5-casablanca-maroc.png 350w\" sizes=\"(max-width: 300px) 100vw, 300px\" \/>\t\t\t\t\t\t\t\t\t\t\t\t\t<div class=\"c-vehicle__sale\">\n\t\t\t\tToutes options\t\t\t<\/div>\n\t\t\t<\/div>\n\t<div\n\t\tclass=\"c-vehicle__content-wrap\">\n\t\t\t\t\t<div class=\"c-vehicle__subtitle\">(Urban &amp; Compact | EMDR) or similar<\/div>\n\t\t\t\t<div class=\"c-vehicle__title\"><a onclick=\"return false;\" class=\"js-vehicle-name\">Renault Clio 5<\/a><\/div>\n\t\t\n\t\t\n\t\t\t\t\t<ul class=\"c-vehicle__detail-list\">\n\t\t\t\t\n\t\t\t\t\t\t\t\t\t\t\t\t\t\t\t\t\t\t\t\t\t\t\t\t\t\t\t\t\t\t\t\t\t\t\t\t\t\t\t<li class=\"c-vehicle__detail-item c-detail\">\n\t\t\t\t\t\t\t<div class=\"c-vehicle__detail-icon-wrap\"\n\t\t\t\t\t\t\t\t title=\"Unlimited mileage\">\n\t\t\t\t\t\t\t\t\t\t\t\t\t\t\t\t\t<i class=\"c-feature__icon fi-bd21-check\"><\/i>\t\t\t\t\t\t\t\t\t\t\t\t\t\t\t<\/div>\n\t\t\t\t\t\t\t<span class=\"c-detail__text\">Unlimited mileage<\/span>\t\t\t\t\t\t<\/li>\n\t\t\t\t\t\t\t\t\t\t\t\t\t\t\t\t\t\t\t\t\t\t\t<li class=\"c-vehicle__detail-item c-detail\">\n\t\t\t\t\t\t\t<div class=\"c-vehicle__detail-icon-wrap\"\n\t\t\t\t\t\t\t\t title=\"Deductible for damage or theft\">\n\t\t\t\t\t\t\t\t\t\t\t\t\t\t\t\t\t<i class=\"c-feature__icon fi-bd21-check\"><\/i>\t\t\t\t\t\t\t\t\t\t\t\t\t\t\t<\/div>\n\t\t\t\t\t\t\t<span class=\"c-detail__text\">Deductible for damage or theft<\/span>\t\t\t\t\t\t<\/li>\n\t\t\t\t\t\t\t\t\t\t\t\t\t\t\t\t\t\t\t\t\t\t\t<li class=\"c-vehicle__detail-item c-detail\">\n\t\t\t\t\t\t\t<div class=\"c-vehicle__detail-icon-wrap\"\n\t\t\t\t\t\t\t\t title=\"Administration fees\">\n\t\t\t\t\t\t\t\t\t\t\t\t\t\t\t\t\t<i class=\"c-feature__icon fi-bd21-check\"><\/i>\t\t\t\t\t\t\t\t\t\t\t\t\t\t\t<\/div>\n\t\t\t\t\t\t\t<span class=\"c-detail__text\">Administration fees<\/span>\t\t\t\t\t\t<\/li>\n\t\t\t\t\t\t\t\t\t\t\t\t\t\t\t\t\t\t<\/ul>\n\t\t\t\t\t\t\t<div class=\"c-vehicle__price\">\n\n\t\t\t\t\n\t\t\t\t\t\t\t\t\t\t\tFrom <span\n\t\t\t\t\t\t\tclass=\"c-vehicle__price-value\"><span class=\"woocommerce-Price-amount amount\"><bdi>290&nbsp;<span class=\"woocommerce-Price-currencySymbol\">DH<\/span><\/bdi><\/span>&nbsp;\/&nbsp;night<\/span>\n\t\t\t\t\t\n\t\t\t\t\n\t\t\t<\/div>\n\t\t\n\t\t\t\t\t<div class=\"c-vehicle__space\"><\/div>\n\t\t\t\t\t\t\t<button type=\"button\"\n\t\t\t\t\t\tdata-lang=\"\"\n\t\t\t\t\t\tdata-id=\"7231\"\n\t\t\t\t\t\tclass=\"c-button c-button--large c-button--outline c-button--fullwidth c-vehicle__more js-get-booking-form\">Book\t\t\t\t\t<i class=\"ip-z-arrow-right c-button__arrow\"><\/i><\/button>\n\t\t\t\t\t\t<\/div>\n\t<div class=\"c-vehicle__popup js-vehicle-popup\" data-id=\"7231\">\n\t\t<div class=\"c-vehicle__popup-content js-vehicle-popup-content\"><\/div>\n\t\t<button type=\"button\" class=\"h-cb h-cb--svg c-vehicle__popup-close js-vehicle-popup-close\"><i\n\t\t\t\tclass=\"ip-close\"><\/i><\/button>\n\t<\/div>\n<\/div>\t\t\t\t\t\t\t\t\t<\/div>\n\t\t\t<\/div>\n\t\t<\/div>\n\t\t\t\t\t\t<\/div>\n\t\t\t\t<\/div>\n\t\t\t\t<div class=\"elementor-element elementor-element-b4391ee elementor-align-center elementor-widget elementor-widget-templines-button\" data-id=\"b4391ee\" data-element_type=\"widget\" data-e-type=\"widget\" data-widget_type=\"templines-button.default\">\n\t\t\t\t<div class=\"elementor-widget-container\">\n\t\t\t\t\t\t\t<div class=\"c-button__wrap\">\n\t\t\t<a role=\"button\" href=\"https:\/\/www.toulineprestige.com\/en\/voiture\/\" class=\"c-button c-button--large\">\n\t\t\t\t\t\t\t\t<span class=\"c-button__text\">D\u00e9couvrir toute notre flotte de v\u00e9hicules<\/span>\n\t\t<i class=\"ip-z-arrow-right c-button__arrow\"><\/i>\t\t\t\t\t<\/a>\n\t\t<\/div>\n\t\t\t\t\t\t<\/div>\n\t\t\t\t<\/div>\n\t\t\t\t\t<\/div>\n\t\t<\/div>\n\t\t\t\t\t<\/div>\n\t\t<\/section>\n\t\t\t\t<section class=\"elementor-section elementor-top-section elementor-element elementor-element-634ff3d elementor-section-boxed elementor-section-height-default elementor-section-height-default\" data-id=\"634ff3d\" data-element_type=\"section\" data-e-type=\"section\">\n\t\t\t\t\t\t<div class=\"elementor-container elementor-column-gap-default\">\n\t\t\t\t\t<div class=\"elementor-column elementor-col-100 elementor-top-column elementor-element elementor-element-5386006\" data-id=\"5386006\" data-element_type=\"column\" data-e-type=\"column\">\n\t\t\t<div class=\"elementor-widget-wrap elementor-element-populated\">\n\t\t\t\t\t\t<div class=\"elementor-element elementor-element-ec8571c elementor-widget elementor-widget-spacer\" data-id=\"ec8571c\" data-element_type=\"widget\" data-e-type=\"widget\" data-widget_type=\"spacer.default\">\n\t\t\t\t<div class=\"elementor-widget-container\">\n\t\t\t\t\t\t\t<div class=\"elementor-spacer\">\n\t\t\t<div class=\"elementor-spacer-inner\"><\/div>\n\t\t<\/div>\n\t\t\t\t\t\t<\/div>\n\t\t\t\t<\/div>\n\t\t\t\t\t<\/div>\n\t\t<\/div>\n\t\t\t\t\t<\/div>\n\t\t<\/section>\n\t\t\t\t<\/div>","protected":false},"excerpt":{"rendered":"<p>Promo Black Friday : Louez et roulez moins cher ! Le Black Friday chez Touline&hellip;<\/p>","protected":false},"author":2,"featured_media":0,"parent":0,"menu_order":0,"comment_status":"closed","ping_status":"closed","template":"elementor_header_footer","meta":{"footnotes":""},"class_list":["post-4435","page","type-page","status-publish","hentry"],"_links":{"self":[{"href":"https:\/\/www.toulineprestige.com\/en\/wp-json\/wp\/v2\/pages\/4435","targetHints":{"allow":["GET"]}}],"collection":[{"href":"https:\/\/www.toulineprestige.com\/en\/wp-json\/wp\/v2\/pages"}],"about":[{"href":"https:\/\/www.toulineprestige.com\/en\/wp-json\/wp\/v2\/types\/page"}],"author":[{"embeddable":true,"href":"https:\/\/www.toulineprestige.com\/en\/wp-json\/wp\/v2\/users\/2"}],"replies":[{"embeddable":true,"href":"https:\/\/www.toulineprestige.com\/en\/wp-json\/wp\/v2\/comments?post=4435"}],"version-history":[{"count":7,"href":"https:\/\/www.toulineprestige.com\/en\/wp-json\/wp\/v2\/pages\/4435\/revisions"}],"predecessor-version":[{"id":12539,"href":"https:\/\/www.toulineprestige.com\/en\/wp-json\/wp\/v2\/pages\/4435\/revisions\/12539"}],"wp:attachment":[{"href":"https:\/\/www.toulineprestige.com\/en\/wp-json\/wp\/v2\/media?parent=4435"}],"curies":[{"name":"wp","href":"https:\/\/api.w.org\/{rel}","templated":true}]}}