{"id":4437,"date":"2018-09-06T00:57:12","date_gmt":"2018-09-05T23:57:12","guid":{"rendered":"https:\/\/www.toulineprestige.com\/?page_id=613"},"modified":"2025-11-04T00:17:21","modified_gmt":"2025-11-03T23:17:21","slug":"location-voiture-casablanca-200-dhs","status":"publish","type":"page","link":"https:\/\/www.toulineprestige.com\/en\/location-voiture-casablanca-200-dhs\/","title":{"rendered":"Location voiture casablanca 200 dhs"},"content":{"rendered":"<h1 style=\"text-align: justify;\">Location de voiture Casablanca \u00e0 partir de 200 dhs<\/h1>\n<p style=\"text-align: justify;\">Les \u00e9quipes de notre agence de location de voiture \u00e0 Casablanca vous proposent une large gamme de v\u00e9hicules en <strong>location \u00e0 partir de 200 dhs<\/strong> par jour seulement pour tous vos d\u00e9placements familiaux, professionnels ou autres. Nous vous proposons aussi bien une citadine pour vous faufiler dans les ruelles marocaines, qu\u2019un v\u00e9hicule utilitaire ou encore une berline confortable pour faire de longs trajets le long du littoral. Tout \u00e9quip\u00e9, l\u2019ensemble de notre parc automobile est parfaitement entretenu et r\u00e9vis\u00e9 pour vous assurer un voyage sans anicroche. Situ\u00e9e dans le centre-ville de Casablanca et ouverte tous les jours, notre agence de location\u00a0 de voiture \u00e0 Casablanca vous assure un retrait facile et rapide de votre v\u00e9hicule de location.<\/p>\n<h2 style=\"text-align: justify;\">Voyagez en toute libert\u00e9 et louez une voiture \u00e0 Casablanca pour partir \u00e0 la d\u00e9couverte de la Ville Blanche !<\/h2>\n<p style=\"text-align: justify;\">Capital \u00e9conomique du pays, Casablanca est une ville jeune et dynamique qui regroupe 4 millions d&rsquo;habitants. Ouverte et en pleine expansion, elle concentre pr\u00e8s de 60% des activit\u00e9s \u00e9conomique du pays. Modernit\u00e9 et tradition se c\u00f4toient et les activit\u00e9s et choses \u00e0 voir sont nombreuses. Alors louez une voiture \u00e0 Casablanca et partez en excursion facilement avec Touline Prestige ! En visitant le quartier des Habous, la mosqu\u00e9e Hassan II ou encore l&rsquo;ancienne Medina, vous d\u00e9couvrirez l&rsquo;histoire de cette tr\u00e8s ancienne cit\u00e9. Le Morocco Mall ou l&rsquo;AnfaPlace Shopping Center vous plongeront quant \u00e0 eux dans le Casablanca r\u00e9cent et moderne. Plut\u00f4t baignade ? La corniche ou le Tamaris Aquaparc sont fait pour vous. N&rsquo;h\u00e9sitez plus et partez \u00e0 la d\u00e9couverte de cette ville aux mille facettes. Avec Touline Prestige, votre <strong><a href=\"https:\/\/www.toulineprestige.com\/en\/car-rental-casablanca\/\">car rental in casablanca<\/a><\/strong> \u00e0 partir de 200 dhs sera facile et votre s\u00e9jour plein de d\u00e9couvertes !<\/p>\n<h2 style=\"text-align: justify;\">Choisissez la libert\u00e9 en louant une voiture pour votre s\u00e9jour \u00e0 Casablanca<\/h2>\n<p style=\"text-align: justify;\">Pour ne rien rater de la ville marocaine et ses alentours, optez pour la location d\u2019une voiture \u00e0 Casablanca. C\u2019est le meilleur moyen de d\u00e9couvrir tous les visages de cette cit\u00e9 aux allures des Mille et une Nuits. Quelques clics suffisent pour r\u00e9server votre location de voiture \u00e0 Casablanca avec Touline Prestige. Vous \u00eates ainsi certain de trouver un v\u00e9hicule \u00e0 votre disposition d\u00e8s votre arriv\u00e9e. Un emp\u00eachement ? Aucun probl\u00e8me : nous ne prenons aucun frais en cas d\u2019annulation, m\u00eame \u00e0 la derni\u00e8re minute !<\/p>\n<h2 style=\"text-align: justify;\">Cat\u00e9gories de v\u00e9hicules de location et services disponibles<\/h2>\n<ul>\n<li style=\"text-align: justify;\"><a href=\"https:\/\/www.toulineprestige.com\/en\/gamme-des-voitures-de-location-citadines-et-compactes\/\">Urban &amp; compact<\/a><\/li>\n<li style=\"text-align: justify;\"><a href=\"https:\/\/www.toulineprestige.com\/en\/location-vehicule-casablanca\/suv-4x2-4w4\/\">SUV &amp; 4WD<\/a><\/li>\n<li style=\"text-align: justify;\"><a href=\"https:\/\/www.toulineprestige.com\/en\/location-vehicule-casablanca\/voitures-luxe-prestige\/\">Premium<\/a><\/li>\n<li style=\"text-align: justify;\"><a href=\"https:\/\/www.toulineprestige.com\/en\/location-vehicule-casablanca\/voitures-familiales\/\">Familiales &amp; Minibus<\/a><\/li>\n<li style=\"text-align: justify;\"><a href=\"https:\/\/www.toulineprestige.com\/en\/location-vehicule-casablanca\/utilitaires\/\">Utilitaires<\/a><\/li>\n<\/ul>","protected":false},"excerpt":{"rendered":"<p>Location de voiture Casablanca \u00e0 partir de 200 dhs Les \u00e9quipes de notre agence de&hellip;<\/p>","protected":false},"author":2,"featured_media":0,"parent":0,"menu_order":0,"comment_status":"closed","ping_status":"closed","template":"","meta":{"footnotes":""},"class_list":["post-4437","page","type-page","status-publish","hentry"],"_links":{"self":[{"href":"https:\/\/www.toulineprestige.com\/en\/wp-json\/wp\/v2\/pages\/4437","targetHints":{"allow":["GET"]}}],"collection":[{"href":"https:\/\/www.toulineprestige.com\/en\/wp-json\/wp\/v2\/pages"}],"about":[{"href":"https:\/\/www.toulineprestige.com\/en\/wp-json\/wp\/v2\/types\/page"}],"author":[{"embeddable":true,"href":"https:\/\/www.toulineprestige.com\/en\/wp-json\/wp\/v2\/users\/2"}],"replies":[{"embeddable":true,"href":"https:\/\/www.toulineprestige.com\/en\/wp-json\/wp\/v2\/comments?post=4437"}],"version-history":[{"count":1,"href":"https:\/\/www.toulineprestige.com\/en\/wp-json\/wp\/v2\/pages\/4437\/revisions"}],"predecessor-version":[{"id":12542,"href":"https:\/\/www.toulineprestige.com\/en\/wp-json\/wp\/v2\/pages\/4437\/revisions\/12542"}],"wp:attachment":[{"href":"https:\/\/www.toulineprestige.com\/en\/wp-json\/wp\/v2\/media?parent=4437"}],"curies":[{"name":"wp","href":"https:\/\/api.w.org\/{rel}","templated":true}]}}