{"id":4438,"date":"2019-08-14T12:40:45","date_gmt":"2019-08-14T11:40:45","guid":{"rendered":"https:\/\/www.toulineprestige.com\/?page_id=3092"},"modified":"2025-11-04T00:11:31","modified_gmt":"2025-11-03T23:11:31","slug":"location-voiture-casablanca-maarif","status":"publish","type":"page","link":"https:\/\/www.toulineprestige.com\/en\/location-voiture-casablanca-maarif\/","title":{"rendered":"Location voiture Maarif centre ville Casablanca"},"content":{"rendered":"<h1 style=\"text-align: justify;\">Location de voiture \u00e0 Casablanca Maarif<\/h1>\n<p style=\"text-align: justify;\">Comment louer une voiture \u00e0 Casablanca ? Et \u00e0 proximit\u00e9 des immeubles importants du centre de Casablanca Maarif ? Notre agence de location de voitures de luxe abordables au centre-ville de Casablanca est situ\u00e9e sur le boulevard Moulay Youssef, \u00e0 moins de 5 minutes \u00e0 pied de la grande mosqu\u00e9e Hassan II. Affaires, shopping, voyages&#8230; tout se passe \u00e0 Casablanca ! La ville de Casablanca, capitale \u00e9conomique du royaume, poss\u00e8de certains attraits touristiques, comme la grande mosqu\u00e9e Hassan II, l&rsquo;une des rares mosqu\u00e9es de tout le monde arabe ouverte aux non-musulmans, ou sa vieille ville aux senteurs parfum . nostalgique. R\u00e9servez une voiture de location avec Tourine Prestige et partez \u00e0 la d\u00e9couverte de cette magnifique ville.<\/p>\n<h4 style=\"text-align: justify;\">Agence location de voiture Touline Prestige \u00e0 Casablanca Centre-Ville Maarif<\/h4>\n<p style=\"text-align: justify;\">Notre \u00e9quipe de loueurs de voitures \u00e0 Casablanca\u00a0 Maarif, vous propose une large gamme de v\u00e9hicules pour tous vos d\u00e9placements familiaux, professionnels ou autres. Nous proposons des citadines pour se faufiler dans les ruelles marocaines, des v\u00e9hicules utilitaires ou des berlines confortables pour les longs trajets le long de la c\u00f4te. Bien am\u00e9nag\u00e9e, l&rsquo;ensemble de notre flotte a \u00e9t\u00e9 parfaitement entretenue et r\u00e9vis\u00e9e pour assurer un voyage en douceur. Notre agence de location de voitures \u00e0 Casablanca est situ\u00e9e au centre-ville de Casablanca et est ouverte tous les jours pour garantir une prise en charge rapide et facile de votre voiture. Comparez les prix et choisissez celui qui vous convient le mieux parmi les nombreux mod\u00e8les les plus r\u00e9cents.<\/p>\n<h4 style=\"text-align: justify;\">Visitez la ville et les alentours gr\u00e2ce \u00e0 votre location de voiture \u00e0 Casablanca Maarif<\/h4>\n<p style=\"text-align: justify;\">Casablanca, capitale \u00e9conomique du pays, est une ville jeune et dynamique de 4 millions d&rsquo;habitants. L&rsquo;ouverture et l&rsquo;expansion ont concentr\u00e9 pr\u00e8s de 60% des activit\u00e9s \u00e9conomiques du pays. Modernit\u00e9 et tradition se c\u00f4toient, avec beaucoup d&rsquo;activit\u00e9s et de choses \u00e0 voir. Alors louez une voiture \u00e0 Casablanca et faites un tour relaxant avec Touline Prestige ! En visitant le quartier des Habous, la mosqu\u00e9e Hassan II ou l&rsquo;ancienne m\u00e9dina, vous d\u00e9couvrirez l&rsquo;histoire de cette ville tr\u00e8s ancienne. Morocco Mall ou AnfaPlace Mall vous plongeront dans un Casablanca r\u00e9cent et moderne. Plut\u00f4t que de nager ? Corniche ou Tamaris Aquaparc fait pour vous. Ne cherchez plus et explorez cette ville vari\u00e9e. Avec Touline Prestige, votre location de voiture \u00e0 Casablanca Maarif sera facile et votre s\u00e9jour sera riche en d\u00e9couvertes !<\/p>\n<h4 style=\"text-align: justify;\">Cat\u00e9gories de v\u00e9hicules de location et services disponibles<\/h4>\n<ul style=\"text-align: justify;\">\n<li><a href=\"https:\/\/www.toulineprestige.com\/en\/gamme-des-voitures-de-location-citadines-et-compactes\/\">Location de voitures Citadines &amp; Compactes<\/a><\/li>\n<li><a href=\"https:\/\/www.toulineprestige.com\/en\/location-vehicule-casablanca\/suv-4x2-4w4\/\">Location de voitures SUV &amp; 4WD<\/a><\/li>\n<li><a href=\"https:\/\/www.toulineprestige.com\/en\/location-vehicule-casablanca\/voitures-luxe-prestige\/\">Location de voitures Premium<\/a><\/li>\n<li><a href=\"https:\/\/www.toulineprestige.com\/en\/location-vehicule-casablanca\/voitures-familiales\/\">Location de voitures Familiales &amp; Minibus<\/a><\/li>\n<li><a href=\"https:\/\/www.toulineprestige.com\/en\/location-vehicule-casablanca\/utilitaires\/\">Location de voitures Utilitaires<\/a><\/li>\n<\/ul>\n<h4 style=\"text-align: justify;\">Votre voiture de location livr\u00e9e chez vous<\/h4>\n<p style=\"text-align: justify;\">Que vous soyez \u00e0 la maison, \u00e0 l&rsquo;h\u00f4tel, au travail, \u00e0 la gare, ou m\u00eame \u00e0 l&rsquo;a\u00e9roport Mohamed 5 de Casablanca, vous \u00eates libre de r\u00e9cup\u00e9rer votre voiture. Nous fournissons des voitures dans la communaut\u00e9 casablancaise : Maarif, Bourgone, Oulfa, Sidi Maarouf, Hay Hassani, Hay Mohammadi, Bournazel, Derb Ghalef, Derb Sultan, Beaus\u00e9jour ou Hay Moulay Abdallah.<\/p>","protected":false},"excerpt":{"rendered":"<p>Location de voiture \u00e0 Casablanca Maarif Comment louer une voiture \u00e0 Casablanca ? Et \u00e0&hellip;<\/p>","protected":false},"author":2,"featured_media":0,"parent":0,"menu_order":0,"comment_status":"closed","ping_status":"closed","template":"","meta":{"footnotes":""},"class_list":["post-4438","page","type-page","status-publish","hentry"],"_links":{"self":[{"href":"https:\/\/www.toulineprestige.com\/en\/wp-json\/wp\/v2\/pages\/4438","targetHints":{"allow":["GET"]}}],"collection":[{"href":"https:\/\/www.toulineprestige.com\/en\/wp-json\/wp\/v2\/pages"}],"about":[{"href":"https:\/\/www.toulineprestige.com\/en\/wp-json\/wp\/v2\/types\/page"}],"author":[{"embeddable":true,"href":"https:\/\/www.toulineprestige.com\/en\/wp-json\/wp\/v2\/users\/2"}],"replies":[{"embeddable":true,"href":"https:\/\/www.toulineprestige.com\/en\/wp-json\/wp\/v2\/comments?post=4438"}],"version-history":[{"count":1,"href":"https:\/\/www.toulineprestige.com\/en\/wp-json\/wp\/v2\/pages\/4438\/revisions"}],"predecessor-version":[{"id":12541,"href":"https:\/\/www.toulineprestige.com\/en\/wp-json\/wp\/v2\/pages\/4438\/revisions\/12541"}],"wp:attachment":[{"href":"https:\/\/www.toulineprestige.com\/en\/wp-json\/wp\/v2\/media?parent=4438"}],"curies":[{"name":"wp","href":"https:\/\/api.w.org\/{rel}","templated":true}]}}