{"id":4439,"date":"2019-08-14T16:42:13","date_gmt":"2019-08-14T15:42:13","guid":{"rendered":"https:\/\/www.toulineprestige.com\/?page_id=3105"},"modified":"2025-11-04T00:19:51","modified_gmt":"2025-11-03T23:19:51","slug":"location-voiture-casablanca-sidi-maarouf","status":"publish","type":"page","link":"https:\/\/www.toulineprestige.com\/en\/location-voiture-casablanca-sidi-maarouf\/","title":{"rendered":"location voiture casablanca sidi maarouf"},"content":{"rendered":"<h1 style=\"text-align: justify;\">Location voiture casablanca sidi maarouf<\/h1>\n<h2 style=\"text-align: justify;\"><img fetchpriority=\"high\" decoding=\"async\" class=\"wp-image-3095 alignleft\" src=\"https:\/\/www.toulineprestige.com\/wp-content\/uploads\/location-voiture-casablanca-maarif-touline-prestige-300x169.jpg\" alt=\"\" width=\"500\" height=\"281\" \/><\/h2>\n<p style=\"text-align: justify;\">Comment louer une voiture \u00e0 Casablanca Sidi Maarouf ? et \u00eatre proche des \u00e9difices incontournables du centre ville de Casablanca ? Notre agence de location de voiture \u00e9conomiques et luxueuses au centre ville de Casablanca est situ\u00e9e au boulevard Moulay youssef, se trouvant notamment \u00e0 moins de 5 min \u00e0 pied de la grande mosqu\u00e9e Hassan II.<\/p>\n<p style=\"text-align: justify;\">Sidi Ma\u00e2rouf est un quartier d&rsquo;affaires casablancais situ\u00e9 \u00e0 mi-chemin entre l&rsquo;a\u00e9roport international Mohamed V et le centre de Casablanca. Adjacent au quartier hupp\u00e9 Californie, Sidi Maarouf habrite aussi bien des logements, HLM que des maisons de standing, le quartier est connu surtout pour son centre d&rsquo;activit\u00e9 qui connait une croissance fulgurante attirant les plus grandes multinationales ainsi une population de plus en plus importante.<\/p>\n<h4 style=\"text-align: justify;\">Agence Touline Prestige au centre ville de Casablanca<\/h4>\n<p style=\"text-align: justify;\">Si vous recherchez une voiture de location \u00e0 Casablanca, Touline Prestige saura \u00e9gayer votre s\u00e9jour. Nous vous proposons un service professionnel au Maroc. Vous \u00eates en qu\u00eate d&rsquo;une citadine pour stationner facilement en ville ? D&rsquo;une berline confortable pour r\u00e9aliser de longs trajets et admirer le littoral marocain ? D&rsquo;un monospace pour transporter toutes vos valises et voyager en famille ? Vous pr\u00e9f\u00e9rez un SUV pour vous aventurer dans l&rsquo;arri\u00e8re-pays ? Notre service de location de voitures est adapt\u00e9 \u00e0 tous les besoins et \u00e0 tous les budgets. \u00c0 Casablanca, nous poss\u00e9dons une agence au centre-ville. Consultez la <span style=\"color: #000000;\"><a style=\"color: #000000;\" href=\"https:\/\/www.toulineprestige.com\/en\/flotte-location-voiture-casablanca\/\">flotte<\/a> <\/span>disponible de chacune d&rsquo;entre elles pour faire votre choix. Comparez les prix et choisissez la voiture qui vous convient le mieux parmi un large <a href=\"https:\/\/www.toulineprestige.com\/en\/flotte-location-voiture-casablanca\/\"><strong><span style=\"color: #000000;\">choix de v\u00e9hicules<\/span><\/strong><\/a> les plus r\u00e9cents.<\/p>\n<h4 style=\"text-align: justify;\">Visitez la ville et les alentours gr\u00e2ce \u00e0 votre location de voiture au prix r\u00e9duit<\/h4>\n<h4 style=\"text-align: justify;\"><img decoding=\"async\" class=\"wp-image-3096 alignleft\" src=\"https:\/\/www.toulineprestige.com\/wp-content\/uploads\/voiture-de-location-casablanca-maarif-300x169.jpg\" alt=\"\" width=\"500\" height=\"281\" \/><\/h4>\n<p style=\"text-align: justify;\">Situ\u00e9e sur la c\u00f4te atlantique, Casablanca, capitale \u00e9conomique du Maroc est la plus grande ville par sa superficie, sa richesse culturelle, son m\u00e9tissage r\u00e9gionale, son dynamisme social et son ouverture sur le monde. Casablanca ne cesse de rayonner au fil du temps marquant sa grandeur et imposant sa popularit\u00e9.<\/p>\n<p style=\"text-align: justify;\">Ses habitants, acteurs de son expansion, vivent la mutation de son mode de vie avec s\u00e9r\u00e9nit\u00e9 et harmonie. Les g\u00e9n\u00e9rations se succ\u00e8dent et ne se ressemblent pas. Ses anciens \u00e9difices illustrent particuli\u00e8rement son histoire autant que ses nouvelles constructions r\u00e9v\u00e8lent la splendeur de son devenir.<\/p>\n<p style=\"text-align: justify;\">\n<h4><\/h4>\n<h4 style=\"text-align: justify;\">Cat\u00e9gories de v\u00e9hicules de location et services disponibles<\/h4>\n<ul style=\"text-align: justify;\">\n<li><a href=\"https:\/\/www.toulineprestige.com\/en\/gamme-des-voitures-de-location-citadines-et-compactes\/\">Location de voitures Citadines &amp; Compactes<\/a><\/li>\n<li><a href=\"https:\/\/www.toulineprestige.com\/en\/location-vehicule-casablanca\/suv-4x2-4w4\/\">Location de voitures SUV &amp; 4WD<\/a><\/li>\n<li><a href=\"https:\/\/www.toulineprestige.com\/en\/location-vehicule-casablanca\/voitures-luxe-prestige\/\">Location de voitures Premium<\/a><\/li>\n<li><a href=\"https:\/\/www.toulineprestige.com\/en\/location-vehicule-casablanca\/voitures-familiales\/\">Location de voitures Familiales &amp; Minibus<\/a><\/li>\n<li><a href=\"https:\/\/www.toulineprestige.com\/en\/location-vehicule-casablanca\/utilitaires\/\">Location de voitures Utilitaires<\/a><\/li>\n<\/ul>\n<h4 style=\"text-align: justify;\">Votre voiture de location livr\u00e9e chez vous<\/h4>\n<p style=\"text-align: justify;\">Vous \u00eates libres de r\u00e9cup\u00e9rer la voiture partout o\u00f9 vous \u00eates, soit chez vous, \u00e0 l\u2019h\u00f4tel, \u00e0 votre travail, \u00e0 la gare, ou m\u00eame a l&rsquo;<strong><a href=\"https:\/\/www.toulineprestige.com\/en\/location-voiture-aeroport-casablanca\/\"><span style=\"color: #000000;\">a\u00e9roport Mohammed 5 de Casablanca<\/span><\/a><\/strong>. Nous livrons les voitures dans tout Casablanca quartiers : Maarif, Bourgone, Oulfa, Sidi Maarouf, Hay Hassani, Hay Mohammadi, Bournazel, Derb Ghalef, Derb Sultan, Beaus\u00e9jour ou Hay Moulay Abdallah.<\/p>","protected":false},"excerpt":{"rendered":"<p>Location voiture casablanca sidi maarouf Comment louer une voiture \u00e0 Casablanca Sidi Maarouf ? et&hellip;<\/p>","protected":false},"author":2,"featured_media":0,"parent":0,"menu_order":0,"comment_status":"closed","ping_status":"closed","template":"","meta":{"footnotes":""},"class_list":["post-4439","page","type-page","status-publish","hentry"],"_links":{"self":[{"href":"https:\/\/www.toulineprestige.com\/en\/wp-json\/wp\/v2\/pages\/4439","targetHints":{"allow":["GET"]}}],"collection":[{"href":"https:\/\/www.toulineprestige.com\/en\/wp-json\/wp\/v2\/pages"}],"about":[{"href":"https:\/\/www.toulineprestige.com\/en\/wp-json\/wp\/v2\/types\/page"}],"author":[{"embeddable":true,"href":"https:\/\/www.toulineprestige.com\/en\/wp-json\/wp\/v2\/users\/2"}],"replies":[{"embeddable":true,"href":"https:\/\/www.toulineprestige.com\/en\/wp-json\/wp\/v2\/comments?post=4439"}],"version-history":[{"count":1,"href":"https:\/\/www.toulineprestige.com\/en\/wp-json\/wp\/v2\/pages\/4439\/revisions"}],"predecessor-version":[{"id":12543,"href":"https:\/\/www.toulineprestige.com\/en\/wp-json\/wp\/v2\/pages\/4439\/revisions\/12543"}],"wp:attachment":[{"href":"https:\/\/www.toulineprestige.com\/en\/wp-json\/wp\/v2\/media?parent=4439"}],"curies":[{"name":"wp","href":"https:\/\/api.w.org\/{rel}","templated":true}]}}