{"id":4440,"date":"2018-09-22T17:42:02","date_gmt":"2018-09-22T16:42:02","guid":{"rendered":"https:\/\/www.toulineprestige.com\/?page_id=758"},"modified":"2022-11-08T02:23:34","modified_gmt":"2022-11-08T01:23:34","slug":"location-voiture-particulier","status":"publish","type":"page","link":"https:\/\/www.toulineprestige.com\/en\/location-voiture-particulier\/","title":{"rendered":"Location voiture particulier"},"content":{"rendered":"<h1 style=\"text-align: justify;\">Location de v\u00e9hicules pour les particuliers<\/h1>\n<p style=\"text-align: justify;\">Les raisons qui poussent un particulier \u00e0 louer une voiture peuvent \u00eatre multiples. Vacances au Maroc, voiture qui tombe en panne avant un d\u00e9placement, besoin d&rsquo;un utilitaire pour un d\u00e9m\u00e9nagement&#8230; Quelles que soient les raisons, trouver un <a href=\"https:\/\/www.toulineprestige.com\/en\/car-rental-casablanca\/\">v\u00e9hicule de location \u00e0 Casablanca<\/a>, c&rsquo;est le choix du confort, sinon une n\u00e9cessit\u00e9. Lorsqu&rsquo;un particulier d\u00e9cide de louer un v\u00e9hicule, il peut faire appel \u00e0 une <a href=\"https:\/\/www.toulineprestige.com\/en\/location-voiture-pas-cher\/\">location de voiture pas cher<\/a> entre particuliers ou bien \u00e0 une location professionnelle. En tant qu&rsquo;expert de la location de v\u00e9hicules depuis plus de 20 ans, Touline Prestige vous explique pourquoi se tourner vers une enseigne professionnelle reconnue vous permet de b\u00e9n\u00e9ficier d&rsquo;un contrat de location souple et d&rsquo;un maximum de s\u00e9curit\u00e9.<\/p>\n<h3 style=\"text-align: justify;\">Touline Prestige vous donne le choix de la voiture particuli\u00e8re que vous cherchez<\/h3>\n<p style=\"text-align: justify;\">Afin de subvenir \u00e0 tous vos besoins, Touline Prestige vous propose une flotte vari\u00e9e de v\u00e9hicules de location accessibles aux particuliers. La location de voiture aupr\u00e8s de nos services permet un choix plus large de v\u00e9hicules parmi des mod\u00e8les neufs ou tr\u00e8s r\u00e9cents, d&rsquo;une qualit\u00e9 irr\u00e9prochable. Vous pourrez louer une citadine, un <a href=\"https:\/\/www.toulineprestige.com\/en\/location-4x4\/\">4&#215;4<\/a>, un cabriolet, une voiture de sport, une camionnette, un <a href=\"https:\/\/www.toulineprestige.com\/en\/voiture\/location-hyundai-h1-casablanca\/\">minibus<\/a> aussi bien qu&rsquo;une limousine selon vos besoins et vos envies ! Nos v\u00e9hicules comptent parmi les plus grandes marques du march\u00e9 et vous sont remis neufs pour une conduite des plus agr\u00e9ables. Vous trouverez notamment parmi notre flotte des v\u00e9hicules d&rsquo;exception haut de gamme tels que la Mercedes-Benz Classe S, une Range Rover Sport, une Porsche Macan. Parmi nos v\u00e9hicules tout terrain, vous pourrez b\u00e9n\u00e9ficier d&rsquo;une conduite \u00e0 toute \u00e9preuve avec la VW Touareg ou une Range Rover Evoque. Quelque soit votre budget, nous trouvons un v\u00e9hicule \u00e0 la hauteur de vos attentes, que votre choix se porte sur une petite citadine \u00e9conomique ou une <a href=\"https:\/\/www.toulineprestige.com\/en\/location-voiture-luxe\/\">voiture de luxe<\/a>.<\/p>\n<h2 style=\"text-align: justify;\">Touline Prestige loue des voitures pour les particuliers depuis plus de 20 ans.<\/h2>\n<p style=\"text-align: justify;\">Faire confiance \u00e0 une grande marque comme Touline Prestige, c&rsquo;est s&rsquo;offrir le confort d&rsquo;un service bien huil\u00e9, de v\u00e9hicules neufs et d&rsquo;une flexibilit\u00e9 totale. Dans la plupart des cas, vous pouvez nous retourner le v\u00e9hicule 24h\/24 et b\u00e9n\u00e9ficiez d\u2019assurances sur mesures et d&rsquo;un panel d&rsquo;options tel qu&rsquo;un si\u00e8ge pour enfant, un GPS garanti, des v\u00e9hicules avec bo\u00eete de vitesse automatique, ou encore le choix d&rsquo;obtenir un moteur diesel. Certains v\u00e9hicules sont aussi disponibles avec le kilom\u00e9trage illimit\u00e9. Chez Touline Prestige, vous b\u00e9n\u00e9ficiez d&rsquo;un contrat flexible, de la s\u00e9curit\u00e9 et du confort d&rsquo;une flotte moderne en excellent \u00e9tat et d&rsquo;un service exemplaire \u00e0 votre \u00e9coute. De plus, les conditions de location sont claires, ce qui vous \u00e9vitera des m\u00e9sententes avec un autre particulier. Touline Prestige propose un service de r\u00e9servation de votre v\u00e9hicule de location en ligne \u00e0 Casablanca et poss\u00e8de de nombreux v\u00e9hicules. Ainsi, vous ne prenez pas le risque d&rsquo;un d\u00e9sistement.? Enfin si vous \u00eates press\u00e9, nos services vous permettent de louer une voiture au Maroc sans perte de temps ni trop de formalit\u00e9s gr\u00e2ce \u00e0 notre syst\u00e8me de r\u00e9servation en ligne. Vous pourrez s\u00e9lectionner la cat\u00e9gorie de v\u00e9hicules de votre choix, ajouter les options et accessoires dont vous voudriez b\u00e9n\u00e9ficier, compl\u00e9ter vos donn\u00e9es personnelles et r\u00e9gler \u00e0 l&rsquo;avance si vous le pr\u00e9f\u00e9rez, de sorte que votre passage en agence sera des plus brefs pour prendre la route au plus vite !<\/p>\n<h3 style=\"text-align: justify;\">Touline Prestige s&rsquo;adapte \u00e0 toutes les situations de ses clients particuliers :<\/h3>\n<p style=\"text-align: justify;\">La plupart du temps les particuliers choisissent de louer une voiture lorsqu&rsquo;ils partent en vacances loin de chez eux. Dans ce cas, il est bien agr\u00e9able de profiter de conditions de mobilit\u00e9 maximales sans avoir \u00e0 emmener son propre v\u00e9hicule. Cela est notamment le cas pour toutes les destinations rurales, o\u00f9 les amoureux de la nature pourront s&rsquo;aventurer l\u00e0 o\u00f9 les transports en communs ne desservent pas. Et puis, rien ne vaut le confort de s&rsquo;assoir dans une voiture de location d\u00e8s son arriv\u00e9e \u00e0 <a href=\"https:\/\/www.toulineprestige.com\/en\/location-voiture-aeroport-casablanca\/\">l&rsquo;a\u00e9roport mohammed V de Casablanca<\/a>, au lieu de trimballer de lourds bagages \u00e0 travers dans les d\u00e9dales des transports en commun ! Cette solution peut m\u00eame s&rsquo;av\u00e9rer \u00e9conomique pour les groupes et les familles nombreuses qui choisiraient de louer un minibus. Ne risquez pas vos pr\u00e9cieuses vacances au Maroc \u00e0 louer une voiture entre particuliers, car vous n&rsquo;\u00eates pas \u00e0 l&rsquo;abri d&rsquo;un d\u00e9sistement ou d&rsquo;une panne de la voiture de location. Touline Prestige dispose d&rsquo;une flotte dense et vari\u00e9e et vous garanti l&rsquo;obtention d&rsquo;un v\u00e9hicule quoi qu&rsquo;il arrive !<\/p>\n<h3 style=\"text-align: justify;\">Location v\u00e9hicule pour particulier<\/h3>\n<p style=\"text-align: justify;\">La location de v\u00e9hicules pour les particuliers est \u00e9galement tr\u00e8s r\u00e9pandue dans le cas de d\u00e9m\u00e9nagements. Effectivement, la location d&rsquo;un utilitaire permet aux particuliers de transporter leurs affaires jusqu&rsquo;\u00e0 leur nouveau lieu d&rsquo;habitation en une seule fois, au lieu de faire des aller-retour \u00e0 travers la ville, parfois dans les embouteillages, source de fatigue suppl\u00e9mentaire et perte de temps colossale. <a href=\"https:\/\/www.toulineprestige.com\/en\/location-vehicule-utilitaire\/\">Louer un v\u00e9hicule utilitaire<\/a> est pour un particulier un confort \u00e9vident dans ses d\u00e9m\u00e9nagements, que Touline Prestige vous propose dans son agence \u00e0 Casablanca Centre Ville Maarif.<\/p>\n<p style=\"text-align: justify;\">Enfin, il y a dans la vie des moments o\u00f9 tout doit \u00eatre parfait, o\u00f9 le confort n&rsquo;\u00e0 pas de prix. C&rsquo;est notamment le cas du mariage, \u00e9v\u00e8nement unique pour lequel les particuliers font souvent appel \u00e0 des services de location de voiture. Pour ce jour exceptionnel, on oublie son v\u00e9hicule habituel pour s&rsquo;offrir luxe et confort aux c\u00f4t\u00e9s de son\/sa bien aim\u00e9(e). Plus qu&rsquo;un v\u00e9hicule d&rsquo;exception, Touline Prestige vous fait b\u00e9n\u00e9ficier d&rsquo;un service \u00e9v\u00e8nementiel complet selon vos d\u00e9sirs !<\/p>\n<h3 style=\"text-align: justify;\">Comment louer une voiture avec Touline Prestige ?<\/h3>\n<p style=\"text-align: justify;\">Louer une voiture pour un particulier est simple avec Touline Prestige. Que ce soit sur internet ou via notre application smartphone, vous pouvez choisir une cat\u00e9gorie de v\u00e9hicules et r\u00e9server votre voiture de location avant votre arriv\u00e9e. Celle-ci vous attendra \u00e0 l&rsquo;agence, vous n&rsquo;aurez qu&rsquo;\u00e0 venir la r\u00e9cup\u00e9rer pendant nos horaires d&rsquo;ouverture. Afin de louer une voiture chez Touline Prestige, vous devrez remplir certaines conditions \u00e9l\u00e9mentaires, li\u00e9es aux r\u00e8gles et restrictions de conduite valables au Maroc. Vous devrez pr\u00e9senter un permis de conduire valable ainsi qu&rsquo;une pi\u00e8ce d&rsquo;identit\u00e9. Vous devez \u00e9galement \u00eatre \u00e2g\u00e9 d&rsquo;au moins 21 ans et justifier d&rsquo;une exp\u00e9rience de conduite d&rsquo;1 an minimum.<\/p>\n<h3 style=\"text-align: justify;\">Cat\u00e9gories de v\u00e9hicules de location et services disponibles<\/h3>\n<ul>\n<li style=\"text-align: justify;\"><a href=\"https:\/\/www.toulineprestige.com\/en\/gamme-des-voitures-de-location-citadines-et-compactes\/\">Urban &amp; compact<\/a><\/li>\n<li style=\"text-align: justify;\"><a href=\"https:\/\/www.toulineprestige.com\/en\/location-vehicule-casablanca\/suv-4x2-4w4\/\">SUV &amp; 4WD<\/a><\/li>\n<li style=\"text-align: justify;\"><a href=\"https:\/\/www.toulineprestige.com\/en\/location-vehicule-casablanca\/voitures-luxe-prestige\/\">Premium<\/a><\/li>\n<li style=\"text-align: justify;\"><a href=\"https:\/\/www.toulineprestige.com\/en\/location-vehicule-casablanca\/voitures-familiales\/\">Familiales &amp; Minibus<\/a><\/li>\n<li style=\"text-align: justify;\"><a href=\"https:\/\/www.toulineprestige.com\/en\/location-vehicule-casablanca\/utilitaires\/\">Utilitaires<\/a><\/li>\n<\/ul>","protected":false},"excerpt":{"rendered":"<p>Location de v\u00e9hicules pour les particuliers Les raisons qui poussent un particulier \u00e0 louer une&hellip;<\/p>","protected":false},"author":2,"featured_media":0,"parent":0,"menu_order":0,"comment_status":"closed","ping_status":"closed","template":"","meta":{"footnotes":""},"class_list":["post-4440","page","type-page","status-publish","hentry"],"_links":{"self":[{"href":"https:\/\/www.toulineprestige.com\/en\/wp-json\/wp\/v2\/pages\/4440","targetHints":{"allow":["GET"]}}],"collection":[{"href":"https:\/\/www.toulineprestige.com\/en\/wp-json\/wp\/v2\/pages"}],"about":[{"href":"https:\/\/www.toulineprestige.com\/en\/wp-json\/wp\/v2\/types\/page"}],"author":[{"embeddable":true,"href":"https:\/\/www.toulineprestige.com\/en\/wp-json\/wp\/v2\/users\/2"}],"replies":[{"embeddable":true,"href":"https:\/\/www.toulineprestige.com\/en\/wp-json\/wp\/v2\/comments?post=4440"}],"version-history":[{"count":0,"href":"https:\/\/www.toulineprestige.com\/en\/wp-json\/wp\/v2\/pages\/4440\/revisions"}],"wp:attachment":[{"href":"https:\/\/www.toulineprestige.com\/en\/wp-json\/wp\/v2\/media?parent=4440"}],"curies":[{"name":"wp","href":"https:\/\/api.w.org\/{rel}","templated":true}]}}