{"id":4442,"date":"2019-06-13T02:06:45","date_gmt":"2019-06-13T01:06:45","guid":{"rendered":"https:\/\/www.toulineprestige.com\/?page_id=3045"},"modified":"2022-11-08T02:28:01","modified_gmt":"2022-11-08T01:28:01","slug":"location-voiture-vacances-ete-maroc","status":"publish","type":"page","link":"https:\/\/www.toulineprestige.com\/en\/location-voiture-vacances-ete-maroc\/","title":{"rendered":"Location voiture vacances \u00e9t\u00e9 Maroc"},"content":{"rendered":"<h1 style=\"text-align: justify;\">Vacances : louer la voiture adapt\u00e9e \u00e0 ses besoins<\/h1>\n<p style=\"text-align: justify;\">Pour vos <strong>vacances<\/strong>, Touline Prestige propose diff\u00e9rents mod\u00e8les de voitures de tourisme. Faites votre choix en fonction de vos besoins.<\/p>\n<h3 style=\"text-align: justify;\">Location de voitures Citadines et Compactes<\/h3>\n<p style=\"text-align: justify;\">La gamme Citadines et Compactes est compos\u00e9e de <strong>voitures routi\u00e8res<\/strong> id\u00e9ales pour se d\u00e9placer sur autoroutes et plus g\u00e9n\u00e9ralement pour couvrir de longues distances. Un ma\u00eetre mot : le plaisir de conduire. Propos\u00e9es en version 5 portes, ces <strong>voitures<\/strong> sont adapt\u00e9es aux vacances en famille ou entre amis.<\/p>\n<p style=\"text-align: justify;\"><strong><a href=\"https:\/\/www.toulineprestige.com\/en\/gamme-des-voitures-de-location-citadines-et-compactes\/\">Louer une voiture Confort<\/a><\/strong><\/p>\n<h3 style=\"text-align: justify;\">Location de SUV, 4\u00d72 et 4WD<\/h3>\n<p style=\"text-align: justify;\">La SUV, 4&#215;3 ou 4w est id\u00e9ale dans toutes les situations. Confortable et spacieuse, les v\u00e9hicules de type SUV disposent d\u2019une motorisation puissante. Autant d\u2019arguments qui en font une pr\u00e9tendante s\u00e9rieuse pour les longs trajets, donc les d\u00e9parts en vacances. Touline Prestige vous propose des voitures SUV 5 places, de type Citro\u00ebn C3, Volkswagen Touareg ou Dacia Duster&#8230; etc Il existe cependant d\u2019autres mod\u00e8les 4X4 de luxe : renseignez-vous aupr\u00e8s de notre agence situ\u00e9e au centre ville de Casablanca Maarif pour davantage d\u2019informations.<\/p>\n<p style=\"text-align: justify;\"><a href=\"https:\/\/www.toulineprestige.com\/en\/location-vehicule-casablanca\/suv-4x2-4w4\/\"><strong>Louer une SUV, 4X4<\/strong><\/a><\/p>\n<h3 style=\"text-align: justify;\">Location de minibus<\/h3>\n<p style=\"text-align: justify;\">Vous pr\u00e9voyez de partir en famille ou entre amis ? Le <strong>minibus <\/strong>est un classique ind\u00e9modable pour les voyages en groupe. Plus qu\u2019une voiture, un espace de vie et de convivialit\u00e9 qui marquera durablement vos vacances.<\/p>\n<p style=\"text-align: justify;\"><strong><a href=\"https:\/\/www.toulineprestige.com\/en\/location-vehicule-casablanca\/voitures-familiales\/\">Louer un minibus<\/a><\/strong><\/p>\n<h3 style=\"text-align: justify;\">Location de monospaces<\/h3>\n<p style=\"text-align: justify;\">Avec sept places assises, le monospace est la <strong>voiture familiale<\/strong> par excellence. Il r\u00e9unit tous les crit\u00e8res de confort et de s\u00e9curit\u00e9 pour voyager \u00e0 plusieurs en toute simplicit\u00e9. Ce v\u00e9hicule est naturellement adapt\u00e9 pour les d\u00e9parts en vacances avec des enfants ou des amis. Le monospace, c\u2019est aussi beaucoup de place dans le coffre pour ranger des bagages !<\/p>\n<p style=\"text-align: justify;\"><strong><a href=\"https:\/\/www.toulineprestige.com\/en\/location-vehicule-casablanca\/voitures-familiales\/\">Louer un monospace<\/a><\/strong><\/p>\n<h3 style=\"text-align: justify;\">\u00c9quipements et options<\/h3>\n<p style=\"text-align: justify;\">Radio CD, GPS, cha\u00eenes neige, mais aussi si\u00e8ges b\u00e9b\u00e9s et rehausseurs pour les enfants : Touline Prestige vous propose diff\u00e9rentes options pour optimiser votre voyage en voiture. Vous trouverez plus de d\u00e9tails sur les fiches v\u00e9hicule. N\u2019h\u00e9sitez pas \u00e0 contacter directement l\u2019une de nos agences de location de voitures pour tout type de question.<\/p>","protected":false},"excerpt":{"rendered":"<p>Vacances : louer la voiture adapt\u00e9e \u00e0 ses besoins Pour vos vacances, Touline Prestige propose&hellip;<\/p>","protected":false},"author":2,"featured_media":0,"parent":0,"menu_order":0,"comment_status":"closed","ping_status":"closed","template":"","meta":{"footnotes":""},"class_list":["post-4442","page","type-page","status-publish","hentry"],"_links":{"self":[{"href":"https:\/\/www.toulineprestige.com\/en\/wp-json\/wp\/v2\/pages\/4442","targetHints":{"allow":["GET"]}}],"collection":[{"href":"https:\/\/www.toulineprestige.com\/en\/wp-json\/wp\/v2\/pages"}],"about":[{"href":"https:\/\/www.toulineprestige.com\/en\/wp-json\/wp\/v2\/types\/page"}],"author":[{"embeddable":true,"href":"https:\/\/www.toulineprestige.com\/en\/wp-json\/wp\/v2\/users\/2"}],"replies":[{"embeddable":true,"href":"https:\/\/www.toulineprestige.com\/en\/wp-json\/wp\/v2\/comments?post=4442"}],"version-history":[{"count":0,"href":"https:\/\/www.toulineprestige.com\/en\/wp-json\/wp\/v2\/pages\/4442\/revisions"}],"wp:attachment":[{"href":"https:\/\/www.toulineprestige.com\/en\/wp-json\/wp\/v2\/media?parent=4442"}],"curies":[{"name":"wp","href":"https:\/\/api.w.org\/{rel}","templated":true}]}}