{"id":4443,"date":"2019-11-12T06:26:00","date_gmt":"2019-11-12T05:26:00","guid":{"rendered":"https:\/\/www.toulineprestige.com\/?page_id=3192"},"modified":"2025-11-04T00:21:22","modified_gmt":"2025-11-03T23:21:22","slug":"location-voiture-nouvel-an-noel-maroc","status":"publish","type":"page","link":"https:\/\/www.toulineprestige.com\/en\/location-voiture-nouvel-an-noel-maroc\/","title":{"rendered":"Louez une voiture pour les f\u00eates de No\u00ebl"},"content":{"rendered":"<h1>Louez une voiture pour les f\u00eates de No\u00ebl 2022<\/h1>\n<p>Que ce soit pour rejoindre votre famille \u00e0 No\u00ebl ou pour des vacances aux sports d\u2019hiver au Maroc, une location de voiture \u00e0 Casablanca vous permet de rester flexible et ind\u00e9pendant pour les f\u00eates de fin d\u2019ann\u00e9e. Avec nos offres sp\u00e9ciales de location de voitures Touline Prestige \u00e0 No\u00ebl 2020, \u00e9conomisez votre argent et un temps pr\u00e9cieux en compagnie de vos proches !<\/p>\n<h3>Location de voitures Citadines et Compactes<\/h3>\n<p>La gamme Citadines et Compactes est compos\u00e9e de <strong>voitures routi\u00e8res<\/strong> id\u00e9ales pour se d\u00e9placer sur autoroutes et plus g\u00e9n\u00e9ralement pour couvrir de longues distances. Un ma\u00eetre mot : le plaisir de conduire. Propos\u00e9es en version 5 portes, ces <strong>voitures<\/strong> sont adapt\u00e9es aux vacances en famille ou entre amis.<\/p>\n<p><strong><a href=\"https:\/\/www.toulineprestige.com\/en\/gamme-des-voitures-de-location-citadines-et-compactes\/\">Louer une voiture Confort<\/a><\/strong><\/p>\n<h3>Location de SUV, 4\u00d72 et 4WD<\/h3>\n<p>La SUV, 4&#215;3 ou 4w est id\u00e9ale dans toutes les situations. Confortable et spacieuse, les v\u00e9hicules de type SUV disposent d\u2019une motorisation puissante. Autant d\u2019arguments qui en font une pr\u00e9tendante s\u00e9rieuse pour les longs trajets, donc les d\u00e9parts en vacances. Touline Prestige vous propose des voitures SUV 5 places, de type Citro\u00ebn C3, Volkswagen Touareg ou Dacia Duster&#8230; etc Il existe cependant d\u2019autres mod\u00e8les 4X4 de luxe : renseignez-vous aupr\u00e8s de notre agence situ\u00e9e au centre ville de Casablanca Maarif pour davantage d\u2019informations.<\/p>\n<p><a href=\"https:\/\/www.toulineprestige.com\/en\/location-vehicule-casablanca\/suv-4x2-4w4\/\"><strong>Louer une SUV, 4X4<\/strong><\/a><\/p>\n<h3>Location de minibus<\/h3>\n<p>Vous pr\u00e9voyez de partir en famille ou entre amis ? Le <strong>minibus <\/strong>est un classique ind\u00e9modable pour les voyages en groupe. Plus qu\u2019une voiture, un espace de vie et de convivialit\u00e9 qui marquera durablement vos vacances.<\/p>\n<p><strong><a href=\"https:\/\/www.toulineprestige.com\/en\/location-vehicule-casablanca\/voitures-familiales\/\">Louer un minibus<\/a><\/strong><\/p>\n<h3>Location de monospaces<\/h3>\n<p>Avec sept places assises, le monospace est la <strong>voiture familiale<\/strong> par excellence. Il r\u00e9unit tous les crit\u00e8res de confort et de s\u00e9curit\u00e9 pour voyager \u00e0 plusieurs en toute simplicit\u00e9. Ce v\u00e9hicule est naturellement adapt\u00e9 pour les d\u00e9parts en vacances avec des enfants ou des amis. Le monospace, c\u2019est aussi beaucoup de place dans le coffre pour ranger des bagages !<\/p>\n<p><strong><a href=\"https:\/\/www.toulineprestige.com\/en\/location-vehicule-casablanca\/voitures-familiales\/\">Louer un monospace<\/a><\/strong><\/p>\n<h3>\u00c9quipements et options<\/h3>\n<p>Radio CD, GPS, cha\u00eenes neige, mais aussi si\u00e8ges b\u00e9b\u00e9s et rehausseurs pour les enfants : Touline Prestige vous propose diff\u00e9rentes options pour optimiser votre voyage en voiture. Vous trouverez plus de d\u00e9tails sur les fiches v\u00e9hicule. N\u2019h\u00e9sitez pas \u00e0 contacter directement l\u2019une de nos agences de location de voitures pour tout type de question.<\/p>","protected":false},"excerpt":{"rendered":"<p>Louez une voiture pour les f\u00eates de No\u00ebl 2022 Que ce soit pour rejoindre votre&hellip;<\/p>","protected":false},"author":2,"featured_media":0,"parent":0,"menu_order":0,"comment_status":"closed","ping_status":"closed","template":"","meta":{"footnotes":""},"class_list":["post-4443","page","type-page","status-publish","hentry"],"_links":{"self":[{"href":"https:\/\/www.toulineprestige.com\/en\/wp-json\/wp\/v2\/pages\/4443","targetHints":{"allow":["GET"]}}],"collection":[{"href":"https:\/\/www.toulineprestige.com\/en\/wp-json\/wp\/v2\/pages"}],"about":[{"href":"https:\/\/www.toulineprestige.com\/en\/wp-json\/wp\/v2\/types\/page"}],"author":[{"embeddable":true,"href":"https:\/\/www.toulineprestige.com\/en\/wp-json\/wp\/v2\/users\/2"}],"replies":[{"embeddable":true,"href":"https:\/\/www.toulineprestige.com\/en\/wp-json\/wp\/v2\/comments?post=4443"}],"version-history":[{"count":1,"href":"https:\/\/www.toulineprestige.com\/en\/wp-json\/wp\/v2\/pages\/4443\/revisions"}],"predecessor-version":[{"id":12544,"href":"https:\/\/www.toulineprestige.com\/en\/wp-json\/wp\/v2\/pages\/4443\/revisions\/12544"}],"wp:attachment":[{"href":"https:\/\/www.toulineprestige.com\/en\/wp-json\/wp\/v2\/media?parent=4443"}],"curies":[{"name":"wp","href":"https:\/\/api.w.org\/{rel}","templated":true}]}}