{"id":4424,"date":"2018-08-03T01:50:58","date_gmt":"2018-08-02T23:50:58","guid":{"rendered":"\/\/www.toulineprestige.com\/?page_id=234"},"modified":"2025-11-04T00:22:11","modified_gmt":"2025-11-03T23:22:11","slug":"location-4x4","status":"publish","type":"page","link":"https:\/\/www.toulineprestige.com\/es\/location-4x4\/","title":{"rendered":"Location de 4&#215;4"},"content":{"rendered":"<h1 style=\"text-align: justify;\">Location 4&#215;4 \u00e0 Casablanca<\/h1>\n<p style=\"text-align: justify;\">Quoi de plus grisant que de rouler sur les petites routes de montagnes en SUV ? Chez Touline Prestige, nous vous proposons, \u00e0 la location, un large choix de v\u00e9hicules tout-terrains avec 4 roues motrices : 4&#215;4 ou 2 roues motrices : SUV. Et gr\u00e2ce \u00e0 Touline Prestige, une location 4&#215;4 SUV ne vous ruinera pas ! Ainsi que vous pouvez trouver en <a href=\"https:\/\/www.toulineprestige.com\/es\/flotte-location-voiture-casablanca\/\">location des voitures pas cher<\/a> dans notre agence \u00e0 Casablanca.<\/p>\n<h2 style=\"text-align: justify;\">Touline Prestige ne manque de SUV, 4&#215;4 et tout terrains<\/h2>\n<p style=\"text-align: justify;\">Que vous soyez \u00e0 la recherche d&rsquo;une location 4&#215;4 aux 4 coins du Maroc, dans les destinations les plus exotiques, vous pouvez compter sur Touline Prestige vous asseoir sur le si\u00e8ge conducteur d&rsquo;un tout-terrain moderne et performant qui vous permettra d&rsquo;atteindre les endroits les plus inaccessibles. Et pour ne pas vous perdre, louez en option un GPS si votre mod\u00e8le de propose pas la navigation satellite par d\u00e9faut.<\/p>\n<h2 style=\"text-align: justify;\">Location de tout-terrain pour tous les budgets<\/h2>\n<p style=\"text-align: justify;\">Chez Touline Prestige, louer un 4&#215;4, c\u2019est possible quel que soit votre budget ! Au Maroc, vous pourrez ainsi choisir entre la <a href=\"https:\/\/www.toulineprestige.com\/es\/voiture\/location-range-rover-evoque-casablanca\/\">Range Rover Evoque<\/a>, la <a href=\"https:\/\/www.toulineprestige.com\/es\/voiture\/location-range-rover-sport-casablanca\/\">Range Rover Sport<\/a>, ou la <a href=\"https:\/\/www.toulineprestige.com\/es\/voiture\/location-volkswagen-touareg-casablanca\/\">Volkswagen Touareg<\/a> parmi les mod\u00e8les les moins co\u00fbteux. Des mod\u00e8les qu\u2019il sera possible de retrouver au Maroc, o\u00f9 la gamme de v\u00e9hicules tous terrains est encore plus vari\u00e9e. De m\u00eame, si votre route vous m\u00e8ne de l\u2019autre c\u00f4t\u00e9 du Sahara Marocaine et que vous avez toujours r\u00eav\u00e9 de visiter le Sud.<\/p>\n<h2 style=\"text-align: justify;\">Pourquoi louer un 4&#215;4 chez Touline Prestige Casablanca ?<\/h2>\n<p style=\"text-align: justify;\">Toutefois, si vous souhaitez plus de confort et de puissance, nous vous proposons aussi un certain nombre de <a href=\"https:\/\/www.toulineprestige.com\/es\/location-voiture-luxe\/\">v\u00e9hicules haut de gamme<\/a> tels que la Mercedes Classe S ou encore la Mercedes-Benz Classe E. Notre gamme de v\u00e9hicules tous terrains propose une grande vari\u00e9t\u00e9 de mod\u00e8les. Il vous sera aussi possible de r\u00e9server une <a href=\"https:\/\/www.toulineprestige.com\/es\/voiture\/location-jeep-grand-cherokee-casablanca\/\">Jeep Grand Cherokee<\/a> ou une <a href=\"https:\/\/www.toulineprestige.com\/es\/voiture\/location-porsche-macan-casablanca\/\">Porsche Macane<\/a>. Alors n\u2019h\u00e9sitez plus, vous trouverez forc\u00e9ment le mod\u00e8le qui vous convient<\/p>\n<h2 style=\"text-align: justify;\">Location 4&#215;4 d\u2019exception pour des vacances inoubliables<\/h2>\n<p style=\"text-align: justify;\">Vous l\u2019aurez compris, les v\u00e9hicules que Touline Prestige propose \u00e0 la location dans la ville de Casablanca s\u2019adapteront \u00e0 tous vos besoins et seront le partenaire id\u00e9al durant vos excursions en montagne, \u00e0 la campagne. Touline Prestige vous facilite la vie et vous permet de filtrer les r\u00e9sultats pour n\u2019obtenir que les v\u00e9hicules tous terrains lorsque vous calculez gratuitement votre devis sur notre site internet. N\u2019attendez plus et venez voir d\u00e8s maintenant ce que Touline Prestige propose en <a href=\"https:\/\/www.toulineprestige.com\/es\/flotte-location-voiture-casablanca\/\">location de v\u00e9hicule<\/a> et ce qu&rsquo;elle vous r\u00e9serve sur votre prochaine destination !<\/p>\n<h2 style=\"text-align: justify;\">Cat\u00e9gories de v\u00e9hicules de location et services disponibles<\/h2>\n<ul>\n<li style=\"text-align: justify;\"><a href=\"https:\/\/www.toulineprestige.com\/es\/gamme-des-voitures-de-location-citadines-et-compactes\/\">Urbano y Compacto<\/a><\/li>\n<li style=\"text-align: justify;\"><a href=\"https:\/\/www.toulineprestige.com\/es\/location-vehicule-casablanca\/suv-4x2-4w4\/\">SUV y 4WD<\/a><\/li>\n<li style=\"text-align: justify;\"><a href=\"https:\/\/www.toulineprestige.com\/es\/location-vehicule-casablanca\/voitures-luxe-prestige\/\">Premium<\/a><\/li>\n<li style=\"text-align: justify;\"><a href=\"https:\/\/www.toulineprestige.com\/es\/location-vehicule-casablanca\/voitures-familiales\/\">Familiales &amp; Minibus<\/a><\/li>\n<li style=\"text-align: justify;\"><a href=\"https:\/\/www.toulineprestige.com\/es\/location-vehicule-casablanca\/utilitaires\/\">Utilitaires<\/a><\/li>\n<\/ul>","protected":false},"excerpt":{"rendered":"<p>Location 4&#215;4 \u00e0 Casablanca Quoi de plus grisant que de rouler sur les petites routes&hellip;<\/p>","protected":false},"author":2,"featured_media":0,"parent":0,"menu_order":0,"comment_status":"closed","ping_status":"closed","template":"","meta":{"footnotes":""},"class_list":["post-4424","page","type-page","status-publish","hentry"],"_links":{"self":[{"href":"https:\/\/www.toulineprestige.com\/es\/wp-json\/wp\/v2\/pages\/4424","targetHints":{"allow":["GET"]}}],"collection":[{"href":"https:\/\/www.toulineprestige.com\/es\/wp-json\/wp\/v2\/pages"}],"about":[{"href":"https:\/\/www.toulineprestige.com\/es\/wp-json\/wp\/v2\/types\/page"}],"author":[{"embeddable":true,"href":"https:\/\/www.toulineprestige.com\/es\/wp-json\/wp\/v2\/users\/2"}],"replies":[{"embeddable":true,"href":"https:\/\/www.toulineprestige.com\/es\/wp-json\/wp\/v2\/comments?post=4424"}],"version-history":[{"count":1,"href":"https:\/\/www.toulineprestige.com\/es\/wp-json\/wp\/v2\/pages\/4424\/revisions"}],"predecessor-version":[{"id":12545,"href":"https:\/\/www.toulineprestige.com\/es\/wp-json\/wp\/v2\/pages\/4424\/revisions\/12545"}],"wp:attachment":[{"href":"https:\/\/www.toulineprestige.com\/es\/wp-json\/wp\/v2\/media?parent=4424"}],"curies":[{"name":"wp","href":"https:\/\/api.w.org\/{rel}","templated":true}]}}