{"id":4425,"date":"2018-10-01T15:51:44","date_gmt":"2018-10-01T14:51:44","guid":{"rendered":"https:\/\/www.toulineprestige.com\/?page_id=862"},"modified":"2022-11-07T16:11:03","modified_gmt":"2022-11-07T15:11:03","slug":"location-suv","status":"publish","type":"page","link":"https:\/\/www.toulineprestige.com\/es\/location-suv\/","title":{"rendered":"Alquiler SUV"},"content":{"rendered":"<h1 style=\"text-align: justify;\">Location de SUV \u00e0 Casablanca<\/h1>\n<p style=\"text-align: justify;\"><span lang=\"EN-US\">SUV, crossover ou 4&#215;4, peu importe le terme\u00a0: tous ces v\u00e9hicules sont disponibles \u00e0 la location chez Touline Prestige. Que vous soyez \u00e0 la recherche d&rsquo;un SUV \u00e0 traction avant ou \u00e0 4 roues motrices, un mod\u00e8le compact aussi \u00e0 l&rsquo;aise en ville qu&rsquo;\u00e0 la campagne ou un gros SUV \u00e0 louer pour emprunter en toute qui\u00e9tude les routes les plus martyris\u00e9es, Touline Prestige est votre partenaire <strong><a href=\"https:\/\/www.toulineprestige.com\/es\/location-vehicule-casablanca\/suv-4x2-4w4\/\">location de SUV \u00e0 Casablanca<\/a>.<\/strong><\/span><\/p>\n<h3 style=\"text-align: justify;\">Louer un SUV, facile et \u00e9conomique avec Touline Prestige<\/h3>\n<p style=\"text-align: justify;\">Depuis l&rsquo;apparition du <a href=\"https:\/\/www.toulineprestige.com\/es\/voiture\/location-range-rover-evoque-casablanca\/\">Range Rover Evoque<\/a> au Maroc, la popularit\u00e9 du SUV ne s&rsquo;\u00e9tiole pas. En version coup\u00e9 sport, qui n&rsquo;a plus grand-chose \u00e0 voir avec le tout-terrain, au mod\u00e8le 4&#215;4 qui reste fid\u00e8le \u00e0 l&rsquo;esprit du SUV, les sous-cat\u00e9gories de ce segment se sont multipli\u00e9es. Petit SUV genre Nissan X-Trail, mod\u00e8le premium comme le BMW X3 xDrive, <a href=\"https:\/\/www.toulineprestige.com\/es\/voiture\/location-range-rover-sport-casablanca\/\">Range Rover HSE<\/a>, Audi Q7 ou encore <a href=\"https:\/\/www.toulineprestige.com\/es\/voiture\/location-porsche-macan-casablanca\/\">Porsche Macane<\/a> : tous ces SUV t\u00e9moignent de cette diversit\u00e9, qui se retrouve d&rsquo;ailleurs chez Touline Prestige location de voitures !<\/p>\n<h3 style=\"text-align: justify;\">Pourquoi opter pour une location de SUV ?<\/h3>\n<p style=\"text-align: justify;\">Le SUV, gr\u00e2ce au caract\u00e8re massif de ce type de v\u00e9hicule et \u00e0 la position de conduite sur\u00e9lev\u00e9e, offre un grand sentiment de s\u00e9curit\u00e9. C&rsquo;est \u00e9galement pratique lorsqu&rsquo;il faut enjamber une bordure \u00e9lev\u00e9e (attention au bas de caisse) ou \u00e9voluer sur des routes qui ont connu de meilleurs jours. Le SUV 4&#215;4 de location permet donc de s&rsquo;aventurer presque partout\u2026 sur les routes et chemins officiels (le hors-piste est interdit).<\/p>\n<h3 style=\"text-align: justify;\">Les atouts Touline Prestige pour votre location<\/h3>\n<p style=\"text-align: justify;\">Pourquoi choisir Touline Prestige pour louer votre SUV ? Les motifs sont nombreux. Il y a tout d&rsquo;abord le service, l&rsquo;ADN de Touline Prestige qui a fait la r\u00e9putation de la soci\u00e9t\u00e9. Mais outre le professionnalisme et la serviabilit\u00e9 de notre personnel, il y a le rapport qualit\u00e9-prix : chez Touline Prestige, vous prendrez le volant d&rsquo;un SUV r\u00e9cent des plus grands constructeurs automobiles (Jeep, Renault, Land Rover, Dacia, etc.) , et \u00e0 des tarifs parmi les plus comp\u00e9titifs du march\u00e9. Enfin, il y a le choix : du SUV compact urbain au SUV routier familial en passant par le <a href=\"https:\/\/www.toulineprestige.com\/es\/location-4x4\/\">4&#215;4<\/a> habile sur tous les terrains, vous trouverez sans aucun doute chaussure \u00e0 votre pied parmi notre large gamme. \u00c0 titre d&rsquo;exemple, Touline Prestige Casablanca propose une dizaine de cat\u00e9gories de location de SUV.<\/p>\n<p style=\"text-align: justify;\">Pour conna\u00eetre les disponibilit\u00e9s sur la destination de votre choix et d\u00e9couvrir nos prix attractifs \u00ab <a href=\"https:\/\/www.toulineprestige.com\/es\/location-vehicule-casablanca\/suv-4x2-4w4\/\"><strong>location de SUV \u00e0 Casablanca<\/strong><\/a> \u00bb, notre simulateur de devis est \u00e0 votre disposition !<\/p>\n<h3 style=\"text-align: justify;\">Cat\u00e9gories de v\u00e9hicules de location et services disponibles<\/h3>\n<ul>\n<li style=\"text-align: justify;\"><a href=\"https:\/\/www.toulineprestige.com\/es\/gamme-des-voitures-de-location-citadines-et-compactes\/\">Urbano y Compacto<\/a><\/li>\n<li style=\"text-align: justify;\"><a href=\"https:\/\/www.toulineprestige.com\/es\/location-vehicule-casablanca\/suv-4x2-4w4\/\">SUV y 4WD<\/a><\/li>\n<li style=\"text-align: justify;\"><a href=\"https:\/\/www.toulineprestige.com\/es\/location-vehicule-casablanca\/voitures-luxe-prestige\/\">Premium<\/a><\/li>\n<li style=\"text-align: justify;\"><a href=\"https:\/\/www.toulineprestige.com\/es\/location-vehicule-casablanca\/voitures-familiales\/\">Familiales &amp; Minibus<\/a><\/li>\n<li style=\"text-align: justify;\"><a href=\"https:\/\/www.toulineprestige.com\/es\/location-vehicule-casablanca\/utilitaires\/\">Utilitaires<\/a><\/li>\n<\/ul>","protected":false},"excerpt":{"rendered":"<p>Location de SUV \u00e0 Casablanca SUV, crossover ou 4&#215;4, peu importe le terme\u00a0: tous ces&hellip;<\/p>","protected":false},"author":2,"featured_media":0,"parent":0,"menu_order":0,"comment_status":"closed","ping_status":"closed","template":"","meta":{"footnotes":""},"class_list":["post-4425","page","type-page","status-publish","hentry"],"_links":{"self":[{"href":"https:\/\/www.toulineprestige.com\/es\/wp-json\/wp\/v2\/pages\/4425","targetHints":{"allow":["GET"]}}],"collection":[{"href":"https:\/\/www.toulineprestige.com\/es\/wp-json\/wp\/v2\/pages"}],"about":[{"href":"https:\/\/www.toulineprestige.com\/es\/wp-json\/wp\/v2\/types\/page"}],"author":[{"embeddable":true,"href":"https:\/\/www.toulineprestige.com\/es\/wp-json\/wp\/v2\/users\/2"}],"replies":[{"embeddable":true,"href":"https:\/\/www.toulineprestige.com\/es\/wp-json\/wp\/v2\/comments?post=4425"}],"version-history":[{"count":0,"href":"https:\/\/www.toulineprestige.com\/es\/wp-json\/wp\/v2\/pages\/4425\/revisions"}],"wp:attachment":[{"href":"https:\/\/www.toulineprestige.com\/es\/wp-json\/wp\/v2\/media?parent=4425"}],"curies":[{"name":"wp","href":"https:\/\/api.w.org\/{rel}","templated":true}]}}