{"id":4426,"date":"2019-01-27T17:00:06","date_gmt":"2019-01-27T16:00:06","guid":{"rendered":"https:\/\/www.toulineprestige.com\/?page_id=1835"},"modified":"2024-04-02T08:09:06","modified_gmt":"2024-04-02T08:09:06","slug":"alquiler-coches-marruecos","status":"publish","type":"page","link":"https:\/\/www.toulineprestige.com\/es\/location-voiture-maroc\/","title":{"rendered":"Alquiler de coches en Marruecos"},"content":{"rendered":"<div data-elementor-type=\"wp-page\" data-elementor-id=\"4426\" class=\"elementor elementor-4426\">\n\t\t\t\t\t\t<section class=\"elementor-section elementor-top-section elementor-element elementor-element-57e18da9 elementor-section-boxed elementor-section-height-default elementor-section-height-default\" data-id=\"57e18da9\" data-element_type=\"section\" data-e-type=\"section\">\n\t\t\t\t\t\t<div class=\"elementor-container elementor-column-gap-default\">\n\t\t\t\t\t<div class=\"elementor-column elementor-col-100 elementor-top-column elementor-element elementor-element-253d5b34\" data-id=\"253d5b34\" data-element_type=\"column\" data-e-type=\"column\">\n\t\t\t<div class=\"elementor-widget-wrap elementor-element-populated\">\n\t\t\t\t\t\t<div class=\"elementor-element elementor-element-651b2d78 elementor-widget elementor-widget-text-editor\" data-id=\"651b2d78\" data-element_type=\"widget\" data-e-type=\"widget\" data-widget_type=\"text-editor.default\">\n\t\t\t\t<div class=\"elementor-widget-container\">\n\t\t\t\t\t\t\t\t\t<h1>Alquiler de coches en Marruecos: Explore el pa\u00eds a precios asequibles<\/h1><p style=\"text-align: justify;\">Ubicado a solo 2 horas de vuelo desde Par\u00eds, Marruecos es un destino encantador donde la historia se mezcla con la belleza natural. Desde sus palacios con exuberantes jardines hasta sus bulliciosos zocos y vastos desiertos, Marruecos ofrece una experiencia rica en descubrimientos.<\/p><p style=\"text-align: justify;\">Para explorar este pa\u00eds fascinante, opta por nuestro servicio <strong>Alquiler de coches a precios asequibles en Marruecos<\/strong>. Reserva en l\u00ednea a trav\u00e9s de nuestra plataforma de comparaci\u00f3n y disfruta de una amplia gama de veh\u00edculos, desde autos compactos hasta SUV c\u00f3modos, a precios competitivos.<\/p><p><img fetchpriority=\"high\" decoding=\"async\" class=\"aligncenter wp-image-7033 size-full\" src=\"https:\/\/www.toulineprestige.com\/wp-content\/uploads\/location-voiture-au-maroc-pas-cher-1.png\" alt=\"\" width=\"615\" height=\"400\" srcset=\"https:\/\/www.toulineprestige.com\/wp-content\/uploads\/location-voiture-au-maroc-pas-cher-1.png 615w, https:\/\/www.toulineprestige.com\/wp-content\/uploads\/location-voiture-au-maroc-pas-cher-1-600x390.png 600w, https:\/\/www.toulineprestige.com\/wp-content\/uploads\/location-voiture-au-maroc-pas-cher-1-360x234.png 360w, https:\/\/www.toulineprestige.com\/wp-content\/uploads\/location-voiture-au-maroc-pas-cher-1-123x80.png 123w\" sizes=\"(max-width: 615px) 100vw, 615px\" \/><\/p><h2 style=\"text-align: justify;\">\u00bfPor qu\u00e9 reservar su alquiler de coche en Marruecos antes de su partida?<\/h2><p style=\"text-align: justify;\">Nuestro servicio le permite comparar los precios de diferentes empresas de alquiler y encontrar la mejor oferta de alquiler de coches en Marruecos. Con nuestro sistema de reserva en l\u00ednea, puede ahorrar tiempo y dinero mientras disfruta de una experiencia sin complicaciones desde su llegada.<\/p><p style=\"text-align: justify;\">Explora cada rinc\u00f3n de Marruecos, desde las hist\u00f3ricas medinas hasta las magn\u00edficas costas, a tu propio ritmo. Con nuestro servicio de alquiler de coches, tienes la libertad de descubrir las maravillas del pa\u00eds seg\u00fan tus propios deseos.<\/p><p style=\"text-align: justify;\">No te pierdas las atracciones imprescindibles de Marruecos, como la Medina de Fez, las Gargantas del Dad\u00e9s y las ruinas romanas de Volubilis. Alquilar un coche en Marruecos te brinda la flexibilidad necesaria para explorar estos tesoros ocultos y crear recuerdos inolvidables durante tu viaje.<\/p><p style=\"text-align: justify;\">Reserve su <strong>alquiler de coches en Marruecos<\/strong> \u00a1Comienza tu aventura hoy mismo!<\/p><p style=\"text-align: justify;\">\u00a0<\/p>\t\t\t\t\t\t\t\t<\/div>\n\t\t\t\t<\/div>\n\t\t\t\t\t<\/div>\n\t\t<\/div>\n\t\t\t\t\t<\/div>\n\t\t<\/section>\n\t\t\t\t<\/div>","protected":false},"excerpt":{"rendered":"<p>Location de voiture au Maroc : Explorez le pays \u00e0 prix abordable Situ\u00e9 \u00e0 seulement&hellip;<\/p>","protected":false},"author":2,"featured_media":0,"parent":0,"menu_order":0,"comment_status":"closed","ping_status":"closed","template":"","meta":{"footnotes":""},"class_list":["post-4426","page","type-page","status-publish","hentry"],"_links":{"self":[{"href":"https:\/\/www.toulineprestige.com\/es\/wp-json\/wp\/v2\/pages\/4426","targetHints":{"allow":["GET"]}}],"collection":[{"href":"https:\/\/www.toulineprestige.com\/es\/wp-json\/wp\/v2\/pages"}],"about":[{"href":"https:\/\/www.toulineprestige.com\/es\/wp-json\/wp\/v2\/types\/page"}],"author":[{"embeddable":true,"href":"https:\/\/www.toulineprestige.com\/es\/wp-json\/wp\/v2\/users\/2"}],"replies":[{"embeddable":true,"href":"https:\/\/www.toulineprestige.com\/es\/wp-json\/wp\/v2\/comments?post=4426"}],"version-history":[{"count":0,"href":"https:\/\/www.toulineprestige.com\/es\/wp-json\/wp\/v2\/pages\/4426\/revisions"}],"wp:attachment":[{"href":"https:\/\/www.toulineprestige.com\/es\/wp-json\/wp\/v2\/media?parent=4426"}],"curies":[{"name":"wp","href":"https:\/\/api.w.org\/{rel}","templated":true}]}}