{"id":4427,"date":"2018-08-03T01:43:06","date_gmt":"2018-08-02T23:43:06","guid":{"rendered":"\/\/www.toulineprestige.com\/?page_id=228"},"modified":"2022-11-07T16:16:13","modified_gmt":"2022-11-07T15:16:13","slug":"location-voiture-luxe","status":"publish","type":"page","link":"https:\/\/www.toulineprestige.com\/es\/location-voiture-luxe\/","title":{"rendered":"Location de voiture de luxe"},"content":{"rendered":"<h1 style=\"text-align: justify;\">Location voiture luxe \u00e0 Casablanca<\/h1>\n<p style=\"text-align: justify;\">Nous vous proposons \u00e0 la <strong>location voiture luxe \u00e0 Casablanca<\/strong> et des mod\u00e8les \u00e9l\u00e9gants comme la limousine Mercedes Classe S, des coup\u00e9s et des <a href=\"https:\/\/www.toulineprestige.com\/es\/location-voiture-sport\/\">voitures de sport<\/a> hors normes comme la\u00a0<a href=\"https:\/\/www.toulineprestige.com\/es\/voiture\/location-range-rover-sport-casablanca\/\">Range Rover Sport<\/a> : l\u2019offre s\u2019\u00e9tend des berlines premium jusqu\u2019aux v\u00e9hicules sp\u00e9ciaux de marque Porsche.<\/p>\n<p style=\"text-align: justify;\">Berlines, voitures de sport, cabriolets, roadsters, <a href=\"https:\/\/www.toulineprestige.com\/es\/location-4x4\/\">4&#215;4<\/a> peuvent \u00eatre lou\u00e9s chez Touline Prestige pour disposer d\u2019une voiture de luxe. Retrouvez chez le sp\u00e9cialiste de la location premium les mod\u00e8les les plus luxueux des constructeurs allemands mais aussi de marques l\u00e9gendaires comme Land Rover, Mercedes Benz, Porsche et bien d&rsquo;autres, le tout propos\u00e9 \u00e0 des tarifs comp\u00e9titifs.<\/p>\n<h2 style=\"text-align: justify;\">Des prestations diversifi\u00e9es<\/h2>\n<p style=\"text-align: justify;\">Avec Touline Prestige, une location voiture luxe peut \u00eatre r\u00e9serv\u00e9e par t\u00e9l\u00e9phone, e-mail ou Internet pour des besoins professionnels comme pour un week-end, des vacances, un cadeau, une occasion sp\u00e9ciale ou encore pour tester un v\u00e9hicule.<\/p>\n<p style=\"text-align: justify;\">En agence ou via le service de livraison en point de relais, r\u00e9cup\u00e9rez votre voiture de luxe en ville, en a\u00e9roport ou m\u00eame devant votre h\u00f4tel pour certaines destinations. Notez que certaines voitures ne peuvent \u00eatre r\u00e9serv\u00e9es que par t\u00e9l\u00e9phone.<\/p>\n<h2 style=\"text-align: justify;\">Pourquoi une location voiture luxe \u00e0 Casablanca ?<\/h2>\n<p style=\"text-align: justify;\">La voiture n\u2019est pas qu\u2019un moyen de transport. C\u2019est aussi un v\u00e9hicule de prestige et surtout de plaisir, dot\u00e9 d\u2019une aura particuli\u00e8re qui en fait souvent un \u00e9l\u00e9ment central de certaines occasions que l\u2019on veut sp\u00e9ciales. On pense \u00e0 la r\u00e9ception d\u2019une personnalit\u00e9 de marque que l\u2019on va chercher \u00e0 <a href=\"https:\/\/www.toulineprestige.com\/es\/location-voiture-aeroport-casablanca\/\">l\u2019a\u00e9roport<\/a> dans une belle voiture, ou client que l\u2019on veut impressionner.<\/p>\n<p style=\"text-align: justify;\">Touline Prestige agence de <a href=\"https:\/\/www.toulineprestige.com\/es\/alquiler-de-coches-casablanca\/\">alquiler de coches en casablanca<\/a> propose dans ses agences la location de voiture de luxe, avec un choix de voitures haut-de-gamme des plus grandes marques automobiles, ainsi que <a href=\"https:\/\/www.toulineprestige.com\/es\/location-voiture-pas-cher\/\">la location de voiture au prix moins cher<\/a>, de la grande berline au 4&#215;4, en passant par la <a href=\"https:\/\/www.toulineprestige.com\/es\/location-voiture-sport\/\">voiture de sport<\/a>. Les locations avec Touline Prestige sont toujours au meilleur prix, y compris pour sa gamme de v\u00e9hicules d\u2019exception.<\/p>\n<p style=\"text-align: justify;\">V\u00e9rifiez les <a href=\"https:\/\/www.toulineprestige.com\/es\/conditions-generales\/\">conditions g\u00e9n\u00e9rales<\/a> requises en termes d\u2019\u00e2ge et d\u2019anciennet\u00e9 du permis de conduire pour le type de mod\u00e8le qui vous int\u00e9resse. Vous pourrez tr\u00e8s prochainement prendre le volant d\u2019une voiture aussi rare que puissante, en indiquant l&rsquo;agence de votre choix ainsi que vos dates de location voiture luxe dans notre outil de r\u00e9servation en ligne, ou en t\u00e9l\u00e9phonant \u00e0 notre centrale en cas de besoins particuliers.<\/p>\n<h3 style=\"text-align: justify;\">Un r\u00e9seau important et des services complets<\/h3>\n<p style=\"text-align: justify;\">Vous pouvez b\u00e9n\u00e9ficier d&rsquo;une location voiture luxe \u00e0 de nombreux endroits. Des mod\u00e8les haut de gamme, prestige et luxe sont disponibles \u00e0 Casablanca mais pas seulement. De nombreuses agences du r\u00e9seau Touline Prestige\u00a0 disposent de voitures de prestige de marques Mercedes et Jeep&#8230;etc. Nous vous proposons \u00e9galement notre service limousine avec chauffeur, que ce soit pour un rendez-vous professionnel, un mariage, une tourn\u00e9e shopping, une visite touristique de luxe, etc.<\/p>\n<h3 style=\"text-align: justify;\">Cat\u00e9gories de v\u00e9hicules de location et services disponibles<\/h3>\n<ul>\n<li style=\"text-align: justify;\"><a href=\"https:\/\/www.toulineprestige.com\/es\/gamme-des-voitures-de-location-citadines-et-compactes\/\">Urbano y Compacto<\/a><\/li>\n<li style=\"text-align: justify;\"><a href=\"https:\/\/www.toulineprestige.com\/es\/location-vehicule-casablanca\/suv-4x2-4w4\/\">SUV y 4WD<\/a><\/li>\n<li style=\"text-align: justify;\"><a href=\"https:\/\/www.toulineprestige.com\/es\/location-vehicule-casablanca\/voitures-luxe-prestige\/\">Premium<\/a><\/li>\n<li style=\"text-align: justify;\"><a href=\"https:\/\/www.toulineprestige.com\/es\/location-vehicule-casablanca\/voitures-familiales\/\">Familiales &amp; Minibus<\/a><\/li>\n<li style=\"text-align: justify;\"><a href=\"https:\/\/www.toulineprestige.com\/es\/location-vehicule-casablanca\/utilitaires\/\">Utilitaires<\/a><\/li>\n<\/ul>","protected":false},"excerpt":{"rendered":"<p>Location voiture luxe \u00e0 Casablanca Nous vous proposons \u00e0 la location voiture luxe \u00e0 Casablanca&hellip;<\/p>","protected":false},"author":2,"featured_media":0,"parent":0,"menu_order":0,"comment_status":"closed","ping_status":"closed","template":"","meta":{"footnotes":""},"class_list":["post-4427","page","type-page","status-publish","hentry"],"_links":{"self":[{"href":"https:\/\/www.toulineprestige.com\/es\/wp-json\/wp\/v2\/pages\/4427","targetHints":{"allow":["GET"]}}],"collection":[{"href":"https:\/\/www.toulineprestige.com\/es\/wp-json\/wp\/v2\/pages"}],"about":[{"href":"https:\/\/www.toulineprestige.com\/es\/wp-json\/wp\/v2\/types\/page"}],"author":[{"embeddable":true,"href":"https:\/\/www.toulineprestige.com\/es\/wp-json\/wp\/v2\/users\/2"}],"replies":[{"embeddable":true,"href":"https:\/\/www.toulineprestige.com\/es\/wp-json\/wp\/v2\/comments?post=4427"}],"version-history":[{"count":0,"href":"https:\/\/www.toulineprestige.com\/es\/wp-json\/wp\/v2\/pages\/4427\/revisions"}],"wp:attachment":[{"href":"https:\/\/www.toulineprestige.com\/es\/wp-json\/wp\/v2\/media?parent=4427"}],"curies":[{"name":"wp","href":"https:\/\/api.w.org\/{rel}","templated":true}]}}