{"id":4429,"date":"2018-09-22T15:27:23","date_gmt":"2018-09-22T14:27:23","guid":{"rendered":"https:\/\/www.toulineprestige.com\/?page_id=737"},"modified":"2022-11-07T16:21:31","modified_gmt":"2022-11-07T15:21:31","slug":"location-de-voiture-pour-votre-mariage","status":"publish","type":"page","link":"https:\/\/www.toulineprestige.com\/es\/location-de-voiture-pour-votre-mariage\/","title":{"rendered":"Location de voiture pour votre mariage"},"content":{"rendered":"<h1 style=\"text-align: justify;\">Location de voiture mariage \u00e0 Casablanca<\/h1>\n<p style=\"text-align: justify;\">Vous avez enfin trouv\u00e9 la femme ou l&rsquo;homme de votre vie et la date du mariage se rapproche ? Quoi de plus normal, pour ce jour m\u00e9morable, de vouloir que tout soit parfait, de la c\u00e9r\u00e9monie \u00e0 la f\u00eate en passant par la location de voiture de votre mariage \u00e0 Casablanca. Faites confiance \u00e0 Touline Prestige pour votre location de voiture mariage en passant par notre agence de location \u00e0 Casablanca Maarif.<\/p>\n<h2 style=\"text-align: justify;\">Un v\u00e9hicule de location \u00e0 la hauteur de votre mariage<\/h2>\n<p style=\"text-align: justify;\">Avec Touline Prestige, le sp\u00e9cialiste de la location de <a href=\"https:\/\/www.toulineprestige.com\/es\/location-voiture-luxe\/\">voiture de luxe<\/a>, vous avez acc\u00e8s, aux 4 coins du Maroc, \u00e0 ce qui se fait de mieux en terme de location de v\u00e9hicule haut de gamme. Dans notre flotte classique, nous disposons de nombreuses berlines, comme la <a href=\"https:\/\/www.toulineprestige.com\/es\/voiture\/location-porsche-macan-casablanca\/\">Porsche Macan<\/a>, la <a href=\"https:\/\/www.toulineprestige.com\/es\/voiture\/location-mercedes-classe-s-casablanca\/\">Mercedes Classe S<\/a>, la <a href=\"https:\/\/www.toulineprestige.com\/es\/voiture\/location-range-rover-sport-casablanca\/\">Range Rover Sport<\/a> ou encore la <a href=\"https:\/\/www.toulineprestige.com\/es\/voiture\/location-volkswagen-touareg-casablanca\/\">Volkswagen Touareg<\/a> (veuillez noter que pour toute location de voiture, vous optez pour une cat\u00e9gorie. Le mod\u00e8le n&rsquo;est pas n\u00e9cessairement garanti).<\/p>\n<h3 style=\"text-align: justify;\">Louer une belle voiture pour votre mariage \u00e0 Casablanca<\/h3>\n<p style=\"text-align: justify;\"><a href=\"https:\/\/www.toulineprestige.com\/es\/voiture\/location-range-rover-sport-casablanca\/\">Location voiture mariage Range Rover Sport<\/a><br \/>\n<a href=\"https:\/\/www.toulineprestige.com\/es\/voiture\/location-porsche-macan-casablanca\/\">Location voiture mariage Porsche Macan<\/a><br \/>\n<a href=\"https:\/\/www.toulineprestige.com\/es\/voiture\/location-range-rover-evoque-casablanca\/\">Location voiture mariage Range Rover Evoque<\/a><br \/>\n<a href=\"https:\/\/www.toulineprestige.com\/es\/voiture\/location-jeep-grand-cherokee-casablanca\/\">Location voiture mariage Grand Cherokee<\/a><\/p>\n<h3 style=\"text-align: justify;\">Location de voiture de prestige<\/h3>\n<p style=\"text-align: justify;\">Si vous recherchez vraiment le top du haut de gamme pour votre location de voiture mariage, notre gamme de v\u00e9hicules de prestige vous propose des voitures de luxe comme la <a href=\"https:\/\/www.toulineprestige.com\/es\/voiture\/location-jeep-renegade-casablanca\/\">Jeep Renegade<\/a>, la <a href=\"https:\/\/www.toulineprestige.com\/es\/voiture\/location-kia-sorento-casablanca\/\">Kia Sorento<\/a>, <a href=\"https:\/\/www.toulineprestige.com\/es\/voiture\/location-alfa-romeo-giulietta-casablanca\/\">Alfa Romeo<\/a>, <a href=\"https:\/\/www.toulineprestige.com\/es\/voiture\/location-porsche-macan-casablanca\/\">Porsche Macane<\/a>.<\/p>\n<h3 style=\"text-align: justify;\">Comment louer une voiture pour votre mariage \u00e0 Casablanca ?<\/h3>\n<p style=\"text-align: justify;\">N&rsquo;h\u00e9sitez pas \u00e0 prendre contact avec notre service de location de voiture pour mariage \u00e0 Casablanca pour d\u00e9terminer vos besoins et d\u00e9couvrir nos tarifs tr\u00e8s attractif. Pour votre location de voiture mariage, avec ou sans chauffeur, misez sur les voitures haut de gamme et le service Touline Prestige, le meilleur rapport qualit\u00e9-prix du march\u00e9 premium.<\/p>\n<h3 style=\"text-align: justify;\">Cat\u00e9gories de v\u00e9hicules de location et services disponibles<\/h3>\n<ul>\n<li style=\"text-align: justify;\"><a href=\"https:\/\/www.toulineprestige.com\/es\/gamme-des-voitures-de-location-citadines-et-compactes\/\">Urbano y Compacto<\/a><\/li>\n<li style=\"text-align: justify;\"><a href=\"https:\/\/www.toulineprestige.com\/es\/location-vehicule-casablanca\/suv-4x2-4w4\/\">SUV y 4WD<\/a><\/li>\n<li style=\"text-align: justify;\"><a href=\"https:\/\/www.toulineprestige.com\/es\/location-vehicule-casablanca\/voitures-luxe-prestige\/\">Premium<\/a><\/li>\n<li style=\"text-align: justify;\"><a href=\"https:\/\/www.toulineprestige.com\/es\/location-vehicule-casablanca\/voitures-familiales\/\">Familiales &amp; Minibus<\/a><\/li>\n<li style=\"text-align: justify;\"><a href=\"https:\/\/www.toulineprestige.com\/es\/location-vehicule-casablanca\/utilitaires\/\">Utilitaires<\/a><\/li>\n<\/ul>","protected":false},"excerpt":{"rendered":"<p>Location de voiture mariage \u00e0 Casablanca Vous avez enfin trouv\u00e9 la femme ou l&rsquo;homme de&hellip;<\/p>","protected":false},"author":2,"featured_media":0,"parent":0,"menu_order":0,"comment_status":"closed","ping_status":"closed","template":"","meta":{"footnotes":""},"class_list":["post-4429","page","type-page","status-publish","hentry"],"_links":{"self":[{"href":"https:\/\/www.toulineprestige.com\/es\/wp-json\/wp\/v2\/pages\/4429","targetHints":{"allow":["GET"]}}],"collection":[{"href":"https:\/\/www.toulineprestige.com\/es\/wp-json\/wp\/v2\/pages"}],"about":[{"href":"https:\/\/www.toulineprestige.com\/es\/wp-json\/wp\/v2\/types\/page"}],"author":[{"embeddable":true,"href":"https:\/\/www.toulineprestige.com\/es\/wp-json\/wp\/v2\/users\/2"}],"replies":[{"embeddable":true,"href":"https:\/\/www.toulineprestige.com\/es\/wp-json\/wp\/v2\/comments?post=4429"}],"version-history":[{"count":0,"href":"https:\/\/www.toulineprestige.com\/es\/wp-json\/wp\/v2\/pages\/4429\/revisions"}],"wp:attachment":[{"href":"https:\/\/www.toulineprestige.com\/es\/wp-json\/wp\/v2\/media?parent=4429"}],"curies":[{"name":"wp","href":"https:\/\/api.w.org\/{rel}","templated":true}]}}