{"id":4432,"date":"2018-08-03T01:31:44","date_gmt":"2018-08-02T23:31:44","guid":{"rendered":"\/\/www.toulineprestige.com\/?page_id=225"},"modified":"2022-11-08T00:24:40","modified_gmt":"2022-11-07T23:24:40","slug":"location-vehicule-utilitaire","status":"publish","type":"page","link":"https:\/\/www.toulineprestige.com\/es\/location-vehicule-utilitaire\/","title":{"rendered":"Location v\u00e9hicule utilitaire"},"content":{"rendered":"<h1 class=\"seo-h4\" style=\"text-align: justify;\">Location v\u00e9hicule utilitaire \u00e0 Casablanca<\/h1>\n<p style=\"text-align: justify;\">V\u00e9ritable expert en location de v\u00e9hicules \u00e0 travers tout le Maroc, Touline Prestige r\u00e9pond \u00e0 la majorit\u00e9 de vos besoins. Alors si vous h\u00e9sitiez encore \u00e0 faire appel \u00e0 nos services pour votre location v\u00e9hicule utilitaire \u00e0 Casablanca, voici quelques raisons pour lesquelles vous vous f\u00e9liciterez d&rsquo;avoir choisi notre entreprise. En effet, le r\u00e9seau Touline Prestige Utilitaires Maroc c&rsquo;est :<\/p>\n<p style=\"text-align: justify;\">&#8211; Une large flotte de v\u00e9hicules de cat\u00e9gories et tailles diff\u00e9rentes, capables de r\u00e9pondre \u00e0 toutes vos attentes<\/p>\n<p style=\"text-align: justify;\">&#8211; Des conseillers disponibles et \u00e0 votre \u00e9coute pour vous permettre de trouver la solution la mieux adapt\u00e9e \u00e0 vos besoins<\/p>\n<p style=\"text-align: justify;\">&#8211; Des v\u00e9hicules r\u00e9cents et r\u00e9guli\u00e8rement r\u00e9vis\u00e9s<\/p>\n<p style=\"text-align: justify;\">&#8211; Des utilitaires construits par les plus grandes marques sur le march\u00e9<\/p>\n<p style=\"text-align: justify;\">&#8211; De nombreux accessoires et options compl\u00e9mentaires : GPS, conducteurs suppl\u00e9mentaires, assurance aux tiers et protections compl\u00e9mentaires, forfait kilom\u00e9trique adaptable<\/p>\n<p style=\"text-align: justify;\">&#8211; Un tr\u00e8s bon rapport qualit\u00e9\/prix sur toute nos offres, et ce quelle que soit la dur\u00e9e de votre location<\/p>\n<p style=\"text-align: justify;\">Mais Touline Prestige Utilitaires Maroc, ce sont surtout des v\u00e9hicules qui se conduisent tous avec un simple permis tourisme (Permis B).<\/p>\n<h2 style=\"text-align: justify;\">Louer une Hyundai H-1 chez Touline Prestige\u00a0:<\/h2>\n<p style=\"text-align: justify;\">Vous pouvez louer le minibus H1 de Hyundai \u00e0 Casablanca, notre flotte \u00e9tant r\u00e9guli\u00e8rement remise \u00e0 jour, il se peut que la H-1 ne soit pas disponible, et ce y compris dans une des agences mentionn\u00e9es, ou encore que vous le retrouviez ailleurs\u00a0; notre outil de r\u00e9servation en ligne vous indiquera ce qu\u2019il en est en temps r\u00e9el. Cela dit, n\u2019ayez aucune crainte car en cas d\u2019absence du H-1 dans notre gamme, nous vous proposerons une autre location de minibus ou minivan \u00e0 des tarifs toujours aussi int\u00e9ressants. \u00c0 ce propos, n\u2019h\u00e9sitez surtout pas \u00e0 jeter un coup d\u2019\u0153il \u00e0 notre simulateur de devis qui vous informera sur la disponibilit\u00e9 et les tarifs de <strong>location Hyundai H1<\/strong> dans l&rsquo;agence Touline Prestige Casablanca Maroc.<\/p>\n<h3 style=\"text-align: justify;\">Cat\u00e9gories de v\u00e9hicules de location et services disponibles<\/h3>\n<ul>\n<li style=\"text-align: justify;\"><a href=\"https:\/\/www.toulineprestige.com\/es\/gamme-des-voitures-de-location-citadines-et-compactes\/\">Urbano y Compacto<\/a><\/li>\n<li style=\"text-align: justify;\"><a href=\"https:\/\/www.toulineprestige.com\/es\/location-vehicule-casablanca\/suv-4x2-4w4\/\">SUV y 4WD<\/a><\/li>\n<li style=\"text-align: justify;\"><a href=\"https:\/\/www.toulineprestige.com\/es\/location-vehicule-casablanca\/voitures-luxe-prestige\/\">Premium<\/a><\/li>\n<li style=\"text-align: justify;\"><a href=\"https:\/\/www.toulineprestige.com\/es\/location-vehicule-casablanca\/voitures-familiales\/\">Familiales &amp; Minibus<\/a><\/li>\n<li style=\"text-align: justify;\"><a href=\"https:\/\/www.toulineprestige.com\/es\/location-vehicule-casablanca\/utilitaires\/\">Utilitaires<\/a><\/li>\n<\/ul>","protected":false},"excerpt":{"rendered":"<p>Location v\u00e9hicule utilitaire \u00e0 Casablanca V\u00e9ritable expert en location de v\u00e9hicules \u00e0 travers tout le&hellip;<\/p>","protected":false},"author":2,"featured_media":0,"parent":0,"menu_order":0,"comment_status":"closed","ping_status":"closed","template":"","meta":{"footnotes":""},"class_list":["post-4432","page","type-page","status-publish","hentry"],"_links":{"self":[{"href":"https:\/\/www.toulineprestige.com\/es\/wp-json\/wp\/v2\/pages\/4432","targetHints":{"allow":["GET"]}}],"collection":[{"href":"https:\/\/www.toulineprestige.com\/es\/wp-json\/wp\/v2\/pages"}],"about":[{"href":"https:\/\/www.toulineprestige.com\/es\/wp-json\/wp\/v2\/types\/page"}],"author":[{"embeddable":true,"href":"https:\/\/www.toulineprestige.com\/es\/wp-json\/wp\/v2\/users\/2"}],"replies":[{"embeddable":true,"href":"https:\/\/www.toulineprestige.com\/es\/wp-json\/wp\/v2\/comments?post=4432"}],"version-history":[{"count":0,"href":"https:\/\/www.toulineprestige.com\/es\/wp-json\/wp\/v2\/pages\/4432\/revisions"}],"wp:attachment":[{"href":"https:\/\/www.toulineprestige.com\/es\/wp-json\/wp\/v2\/media?parent=4432"}],"curies":[{"name":"wp","href":"https:\/\/api.w.org\/{rel}","templated":true}]}}