{"id":4441,"date":"2018-08-27T01:16:00","date_gmt":"2018-08-26T23:16:00","guid":{"rendered":"\/\/www.toulineprestige.com\/?page_id=566"},"modified":"2022-11-08T02:26:58","modified_gmt":"2022-11-08T01:26:58","slug":"location-voiture-sport","status":"publish","type":"page","link":"https:\/\/www.toulineprestige.com\/es\/location-voiture-sport\/","title":{"rendered":"Location voiture sport"},"content":{"rendered":"<h1 style=\"text-align: justify;\">Location voiture sport \u00e0 Casablanca<\/h1>\n<p style=\"text-align: justify;\">De Casablanca \u00e0 Tanger en passant par Rabat, des mod\u00e8les rares sont inclus dans les offres de notre agence de <a href=\"https:\/\/www.toulineprestige.com\/es\/comment-louer-une-voiture-a-casablanca\/\">alquiler de coches en casablanca<\/a> Touline Prestige pour la location voiture sport. <a href=\"https:\/\/www.toulineprestige.com\/es\/voiture\/location-porsche-macan-casablanca\/\">Porsche Macan<\/a>, <a href=\"https:\/\/www.toulineprestige.com\/es\/voiture\/location-range-rover-sport-casablanca\/\">Range Rover Sport<\/a>, <a href=\"https:\/\/www.toulineprestige.com\/es\/voiture\/location-mercedes-classe-s-casablanca\/\">Mercedes S<\/a>, les mod\u00e8les les plus puissants de notre flotte sont aussi bien des roadsters, des coup\u00e9s, des cabriolets que des berlines.<\/p>\n<h2 style=\"text-align: justify;\">Louer une de voiture de sport chez Touline Prestige<\/h2>\n<p style=\"text-align: justify;\">Profitez de technologies in\u00e9dites et domptez les moteurs parmi les plus avanc\u00e9s du monde de l\u2019automobile avec nos voitures de sport, disponibles au Maroc. Des dizaines de milliers de mod\u00e8les luxe et prestige font partie de la flotte de Touline Prestige et vous pouvez louer une voiture de sport pour une journ\u00e9e ou un week-end sur votre lieu de vacances ou lors d\u2019un \u00e9v\u00e8nement professionnel. De plus, nous proposons des offres sp\u00e9ciales sur la location voiture sport.<\/p>\n<p style=\"text-align: justify;\">Pour savoir o\u00f9 vous pouvez r\u00e9server le type de voiture de sport que vous souhaitez conduire, consultez nos v\u00e9hicules en location par cat\u00e9gorie puis laissez-vous guider. Vous obtenez les disponibilit\u00e9s de l\u2019agence de location de voiture \u00e0 casablanca centre ville Maarif. Vous pouvez contacter notre centrale de r\u00e9servation afin d\u2019obtenir de l\u2019aide, des voitures ou des tarifs.<\/p>\n<p style=\"text-align: justify;\">Chez Touline Prestige, vous trouverez de nombreux mod\u00e8les de coup\u00e9s, coup\u00e9s 4 portes et coup\u00e9s cabriolets toutes marques y compris Mercedes et BMW. Plusieurs agences peuvent mettre \u00e0 votre disposition des supercars, non seulement \u00e0 Casablanca, Rabat et Marrakech mais aussi \u00e0 Agadir, ou aux a\u00e9roports du Maroc.<\/p>\n<h3 style=\"text-align: justify;\">La location de voiture de sport pour des escapades de prestige<\/h3>\n<p style=\"text-align: justify;\">Vous r\u00eavez de conduire une voiture de sport ? Votre v\u0153u le plus cher est imm\u00e9diatement exauc\u00e9 avec Touline Prestige. Notre large gamme de v\u00e9hicules de sport vous procurera des frissons d&rsquo;excitation o\u00f9 que vous souhaitiez vous rendre.<\/p>\n<h3 style=\"text-align: justify;\">Une voiture de sport pour voyager avec style<\/h3>\n<p style=\"text-align: justify;\">Vous pr\u00e9voyez des vacances en solo ou en duo ? La location d&rsquo;une voiture de sport transformera le voyage en un s\u00e9jour de luxe et de raffinement. Vous avez l&rsquo;assurance de ne pas passer inaper\u00e7u \u00e0 bord de votre v\u00e9hicule de prestige! Au Maroc, vous pourrez vous mettre dans la peau d&rsquo;une c\u00e9l\u00e9brit\u00e9 et longer la c\u00f4te avec \u00e9norm\u00e9ment de classe. Pour vos rendez-vous d&rsquo;affaires, louer une voiture de sport permettra de vous d\u00e9marquer de la concurrence et de montrer l&rsquo;\u00e9nergie que vous mettez \u00e0 produire un travail d&rsquo;excellence, \u00e0 l&rsquo;image de votre \u00e9l\u00e9gante automobile sportive. Que vous soyez invit\u00e9 \u00e0 un mariage ou avez simplement envie de vous faire plaisir, la location d&rsquo;un v\u00e9hicule de sport produira l&rsquo;effet escompt\u00e9. Evadez-vous en weekend d&rsquo;exception \u00e0 bord du bolide de vos plus grands fantasmes et ne pensez plus \u00e0 rien! Confortable et chic, votre voiture de sport de location se r\u00e9v\u00e9lera \u00eatre votre meilleur alli\u00e9 pour vous distinguer sur la route.<\/p>\n<h3 style=\"text-align: justify;\">Des sensations in\u00e9dites<\/h3>\n<p style=\"text-align: justify;\">La location voiture sport est v\u00e9ritablement ce qu&rsquo;il y a de mieux pour les personnes qui appr\u00e9cient ressentir la vitesse et la puissance du moteur. Vous aimez vous sentir propulser dans le si\u00e8ge \u00e0 la moindre acc\u00e9l\u00e9ration ? Louer une voiture de sport vous fera vivre le doux sentiment de libert\u00e9 au volant des mod\u00e8les les plus luxueux et des marques l\u00e9gendaires. Offrez-vous une conduite exceptionnelle pour des moments inoubliables. La puissance de votre voiture de sport vous emm\u00e8nera sur les plus belles routes de la plan\u00e8te pour vous faire ressentir une ivresse inou\u00efe. Profitez de technologies avanc\u00e9es et domptez les moteurs les plus athl\u00e9tiques du monde de l&rsquo;automobile avec votre v\u00e9hicule de sport. Parcourez les lacets des montagnes \u00e0 vive allure, traversez les autoroutes et admirez les paysages qui d\u00e9filent sous vos yeux. L&rsquo;exp\u00e9rience s&rsquo;av\u00e8re \u00eatre absolument spectaculaire. Une fois arriv\u00e9e en milieu urbain, les sensations fortes continuent puisque arpenter les ruelles en voiture de sport est ce qu&rsquo;il y a de plus exaltant. Et c&rsquo;est sans remarquer les regards envieux des passants sur votre sublime sportive. Pour une journ\u00e9e, un long s\u00e9jour ou un \u00e9v\u00e9nement professionnel, la location de la voiture vous laissera des souvenirs imp\u00e9rissables. Alors n&rsquo;attendez plus pour vous installer au volant de votre bolide!<\/p>\n<h3 style=\"text-align: justify;\">Cat\u00e9gories de v\u00e9hicules de location et services disponibles<\/h3>\n<ul>\n<li style=\"text-align: justify;\"><a href=\"https:\/\/www.toulineprestige.com\/es\/gamme-des-voitures-de-location-citadines-et-compactes\/\">Urbano y Compacto<\/a><\/li>\n<li style=\"text-align: justify;\"><a href=\"https:\/\/www.toulineprestige.com\/es\/location-vehicule-casablanca\/suv-4x2-4w4\/\">SUV y 4WD<\/a><\/li>\n<li style=\"text-align: justify;\"><a href=\"https:\/\/www.toulineprestige.com\/es\/location-vehicule-casablanca\/voitures-luxe-prestige\/\">Premium<\/a><\/li>\n<li style=\"text-align: justify;\"><a href=\"https:\/\/www.toulineprestige.com\/es\/location-vehicule-casablanca\/voitures-familiales\/\">Familiales &amp; Minibus<\/a><\/li>\n<li style=\"text-align: justify;\"><a href=\"https:\/\/www.toulineprestige.com\/es\/location-vehicule-casablanca\/utilitaires\/\">Utilitaires<\/a><\/li>\n<\/ul>","protected":false},"excerpt":{"rendered":"<p>Location voiture sport \u00e0 Casablanca De Casablanca \u00e0 Tanger en passant par Rabat, des mod\u00e8les&hellip;<\/p>","protected":false},"author":2,"featured_media":0,"parent":0,"menu_order":0,"comment_status":"closed","ping_status":"closed","template":"","meta":{"footnotes":""},"class_list":["post-4441","page","type-page","status-publish","hentry"],"_links":{"self":[{"href":"https:\/\/www.toulineprestige.com\/es\/wp-json\/wp\/v2\/pages\/4441","targetHints":{"allow":["GET"]}}],"collection":[{"href":"https:\/\/www.toulineprestige.com\/es\/wp-json\/wp\/v2\/pages"}],"about":[{"href":"https:\/\/www.toulineprestige.com\/es\/wp-json\/wp\/v2\/types\/page"}],"author":[{"embeddable":true,"href":"https:\/\/www.toulineprestige.com\/es\/wp-json\/wp\/v2\/users\/2"}],"replies":[{"embeddable":true,"href":"https:\/\/www.toulineprestige.com\/es\/wp-json\/wp\/v2\/comments?post=4441"}],"version-history":[{"count":0,"href":"https:\/\/www.toulineprestige.com\/es\/wp-json\/wp\/v2\/pages\/4441\/revisions"}],"wp:attachment":[{"href":"https:\/\/www.toulineprestige.com\/es\/wp-json\/wp\/v2\/media?parent=4441"}],"curies":[{"name":"wp","href":"https:\/\/api.w.org\/{rel}","templated":true}]}}