{"id":4446,"date":"2018-10-20T03:52:02","date_gmt":"2018-10-20T02:52:02","guid":{"rendered":"https:\/\/www.toulineprestige.com\/?page_id=964"},"modified":"2022-11-08T02:25:28","modified_gmt":"2022-11-08T01:25:28","slug":"nos-offres-entreprises","status":"publish","type":"page","link":"https:\/\/www.toulineprestige.com\/es\/nos-offres-entreprises\/","title":{"rendered":"Location voiture pour entreprises"},"content":{"rendered":"<h1 style=\"text-align: justify;\">Location de voiture pour Entreprises<\/h1>\n<p style=\"text-align: justify;\"><b>Touline Prestige Entreprises, votre partenaire de confiance<\/b><br \/>\nTouline Prestige aiguise ses produits et services en fonction de la taille de votre entreprise, de la nature de vos besoins en mobilit\u00e9 ainsi que de vos contraintes professionnelles.<\/p>\n<p style=\"text-align: justify;\">Pour cela, Touline Prestige met \u00e0 votre disposition une large gamme de voitures et vous offre une panoplie de services additionnels pour satisfaire l\u2019ensemble de vos besoins. Nous taillons pour vous la solution sur-mesure pour une efficacit\u00e9 optimale et une satisfaction \u00e0 la hauteur de vos ambitions.<\/p>\n<p style=\"text-align: justify;\">Notre \u00e9quipe commerciale\u00a0est votre interlocuteur privil\u00e9gi\u00e9. Sur un simple appel, vous \u00eates directement accompagn\u00e9, conseill\u00e9, orient\u00e9 et satisfait. Que ce soit pour un renseignement ou pour toute demande de devis, une \u00e9quipe d&rsquo;experts est \u00e0 votre \u00e9coute pour vous aider et vous apporter la solution qui correspond le mieux \u00e0 votre besoin.<\/p>\n<p style=\"text-align: justify;\">Vous pouvez nous contacter au\u00a0<a href=\"tel:\/\/+212661306638\">+212 6 61 30 66 38<\/a> de 8h30 \u00e0 12h30 et de 14h30 \u00e0 19h30 du lundi au Samedi (hors jours f\u00e9ri\u00e9s).<\/p>\n<p style=\"text-align: justify;\">Votre passage \u00e0 notre <a href=\"https:\/\/www.toulineprestige.com\/es\/\">agence de location de voiture \u00e0 Casablanca<\/a> Touline Prestige, sera particuli\u00e8rement marqu\u00e9 par le niveau d\u2019hospitalit\u00e9 et de service dont font preuve nos agents pour r\u00e9pondre \u00e0 vos questions et vous assister en cas de besoin.<\/p>\n<h3 style=\"text-align: justify;\">La location courte et moyenne dur\u00e9e<\/h3>\n<p style=\"text-align: justify;\">Touline Prestige vous apporte une v\u00e9ritable valeur ajout\u00e9e gr\u00e2ce \u00e0\u00a0:<\/p>\n<ul style=\"text-align: justify;\">\n<li>Son expertise m\u00e9tier et son savoir-faire reconnu<\/li>\n<li>Sa pr\u00e9sence \u00e0 l\u2019international et sa conformit\u00e9 aux standards et normes internationales en mati\u00e8re de location de voitures<\/li>\n<li>Sa qualit\u00e9 de service et sa proximit\u00e9 de ses clients<\/li>\n<li>Son capital humain qui est \u00e0 votre \u00e9coute pour vous conseiller et vous orienter<\/li>\n<li>Sa capacit\u00e9 \u00e0 s\u2019adapter, \u00e0 innover et \u00e0 offrir toujours le meilleur<\/li>\n<\/ul>\n<p style=\"text-align: justify;\">Pour toute demande concernant nos services de location courte et moyenne dur\u00e9e, veuillez contacter notre \u00e9quipe commerciale qui aura le plaisir de vous apporter toute l\u2019aide n\u00e9cessaire au\u00a0<a href=\"tel:\/\/+212661306638\">+212 6 61 30 66 38<\/a> de 8h30-12h30 et de 14h30-19h30 du Lundi au Samedi (Hors jours f\u00e9ri\u00e9s).<\/p>\n<h3 style=\"text-align: justify;\">La location longue dur\u00e9e pour les entreprises<\/h3>\n<p style=\"text-align: justify;\">La location longue dur\u00e9e consiste pour une entreprise \u00e0 externaliser la gestion de son parc. Outre le financement,\u00a0Touline Prestige\u00a0assure \u00e9galement la gestion administrative et technique de la flotte.<\/p>\n<p style=\"text-align: justify;\">Le principe de la location longue dur\u00e9e est simple : il s&rsquo;agit pour une entreprise de ne payer que les co\u00fbts li\u00e9s \u00e0 l&rsquo;utilisation de son v\u00e9hicule (choix de la dur\u00e9e et du kilom\u00e9trage). Elle s&rsquo;acquitte en contrepartie d&rsquo;un loyer prenant en compte le loyer financier et le loyer li\u00e9 aux prestations.<\/p>\n<p style=\"text-align: justify;\">Touline Prestige offre aux entreprises des solutions compl\u00e8tes et pertinentes int\u00e9grant le plan de financement, l&rsquo;entretien du v\u00e9hicule et l&rsquo;accompagnement tout au long de la dur\u00e9e du contrat LLD. Et ce, dans l&rsquo;objectif ultime d&rsquo;optimiser la mobilit\u00e9 \u00e0 ses clients et d&rsquo;assurer pleinement la gestion de leur(s) v\u00e9hicule(s).<\/p>\n<p style=\"text-align: justify;\">En souscrivant au contrat de location longue dur\u00e9e avec\u00a0Touline Prestige, vous \u00eates s\u00fbr de rouler dans une voiture toujours en parfait \u00e9tat de fonctionnement sans vous soucier de toute responsabilit\u00e9 administrative ou technique\u00a0; et ce depuis la mise en circulation de votre voiture neuve jusqu&rsquo;\u00e0 sa restitution par nos agents, en passant par l&rsquo;entretien p\u00e9riodique, le renouvellement annuel de l&rsquo;assurance tous risques et de la vignette, l&rsquo;assistance et la gestion des sinistres.<\/p>\n<p style=\"text-align: justify;\">Outre les avantages financiers et fiscaux, vous b\u00e9n\u00e9ficiez des conseils d&rsquo;un expert confirm\u00e9 et de la prise en charge totale de la gestion de votre v\u00e9hicule pendant toute la dur\u00e9e du contrat pour votre s\u00e9r\u00e9nit\u00e9 et tranquillit\u00e9 d&rsquo;esprit.<\/p>\n<h3 style=\"text-align: justify;\">La location longue dur\u00e9e pour les particuliers<\/h3>\n<p style=\"text-align: justify;\">La Location Longue Dur\u00e9e consiste, pour un particulier, de disposer pleinement d&rsquo;un v\u00e9hicule neuf durant une p\u00e9riode allant de 24 \u00e0 60 mois.<\/p>\n<p style=\"text-align: justify;\">Outre le fait de pouvoir choisir librement son v\u00e9hicule, la LLD vous permet de jouir d&rsquo;un v\u00e9hicule durant toute la p\u00e9riode du contrat en ne payant qu&rsquo;un loyer fixe comprenant un maximum de prestations\u00a0:<\/p>\n<ul style=\"text-align: justify;\">\n<li>Assurances tous risques (avec une franchise de 5% de la valeur des d\u00e9g\u00e2ts)<\/li>\n<li>Toutes les vignettes<\/li>\n<li>Tous les entretiens pr\u00e9ventifs et curatifs<\/li>\n<li>Assistance et remorquage<\/li>\n<li>Mise \u00e0 disposition d\u2019un v\u00e9hicule de remplacement<\/li>\n<li>Changement de pneumatiques<\/li>\n<li>Gestion des sinistres<\/li>\n<li>Visites techniques<\/li>\n<\/ul>\n<p style=\"text-align: justify;\">Afin de vous simplifier la vie,\u00a0Touline Prestige vous offre la LLD Particuliers, la solution qui vous d\u00e9charge d&rsquo;un grand nombre de soucis pour votre plus grand confort.<\/p>\n<p style=\"text-align: justify;\">La location longue dur\u00e9e vous conf\u00e8re une multitude d\u2019avantages\u00a0:<\/p>\n<ul style=\"text-align: justify;\">\n<li>Votre budget est ma\u00eetris\u00e9 et connu \u00e0 l\u2019avance gr\u00e2ce \u00e0 un loyer fixe sans apport initial, sans frais de dossier<\/li>\n<li>Votre temps vous appartient, vous ne le perdez plus dans les corv\u00e9es li\u00e9es \u00e0 la voiture<\/li>\n<li>Le contrat de la LLD est personnalis\u00e9 et flexible<\/li>\n<li>Une \u00e9quipe de sp\u00e9cialistes \u00e0 votre \u00e9coute 24h\/24 et 7j\/7<\/li>\n<\/ul>\n<p style=\"text-align: justify;\">La gestion de votre v\u00e9hicule est facilit\u00e9e puisqu&rsquo;elle est totalement externalis\u00e9e et votre temps est d\u00e9ploy\u00e9 en faveur de vos propres priorit\u00e9s.<\/p>\n<h3 style=\"text-align: justify;\">Cat\u00e9gories de v\u00e9hicules de location et services disponibles<\/h3>\n<ul>\n<li style=\"text-align: justify;\"><a href=\"https:\/\/www.toulineprestige.com\/es\/gamme-des-voitures-de-location-citadines-et-compactes\/\">Urbano y Compacto<\/a><\/li>\n<li style=\"text-align: justify;\"><a href=\"https:\/\/www.toulineprestige.com\/es\/location-vehicule-casablanca\/suv-4x2-4w4\/\">SUV y 4WD<\/a><\/li>\n<li style=\"text-align: justify;\"><a href=\"https:\/\/www.toulineprestige.com\/es\/location-vehicule-casablanca\/voitures-luxe-prestige\/\">Premium<\/a><\/li>\n<li style=\"text-align: justify;\"><a href=\"https:\/\/www.toulineprestige.com\/es\/location-vehicule-casablanca\/voitures-familiales\/\">Familiales &amp; Minibus<\/a><\/li>\n<li style=\"text-align: justify;\"><a href=\"https:\/\/www.toulineprestige.com\/es\/location-vehicule-casablanca\/utilitaires\/\">Utilitaires<\/a><\/li>\n<\/ul>","protected":false},"excerpt":{"rendered":"<p>Location de voiture pour Entreprises Touline Prestige Entreprises, votre partenaire de confiance Touline Prestige aiguise&hellip;<\/p>","protected":false},"author":2,"featured_media":0,"parent":0,"menu_order":0,"comment_status":"closed","ping_status":"closed","template":"","meta":{"footnotes":""},"class_list":["post-4446","page","type-page","status-publish","hentry"],"_links":{"self":[{"href":"https:\/\/www.toulineprestige.com\/es\/wp-json\/wp\/v2\/pages\/4446","targetHints":{"allow":["GET"]}}],"collection":[{"href":"https:\/\/www.toulineprestige.com\/es\/wp-json\/wp\/v2\/pages"}],"about":[{"href":"https:\/\/www.toulineprestige.com\/es\/wp-json\/wp\/v2\/types\/page"}],"author":[{"embeddable":true,"href":"https:\/\/www.toulineprestige.com\/es\/wp-json\/wp\/v2\/users\/2"}],"replies":[{"embeddable":true,"href":"https:\/\/www.toulineprestige.com\/es\/wp-json\/wp\/v2\/comments?post=4446"}],"version-history":[{"count":0,"href":"https:\/\/www.toulineprestige.com\/es\/wp-json\/wp\/v2\/pages\/4446\/revisions"}],"wp:attachment":[{"href":"https:\/\/www.toulineprestige.com\/es\/wp-json\/wp\/v2\/media?parent=4446"}],"curies":[{"name":"wp","href":"https:\/\/api.w.org\/{rel}","templated":true}]}}