{"id":8487,"date":"2023-04-13T05:41:40","date_gmt":"2023-04-13T05:41:40","guid":{"rendered":"https:\/\/www.toulineprestige.com\/?page_id=8487"},"modified":"2023-04-13T05:41:40","modified_gmt":"2023-04-13T05:41:40","slug":"conditions-generales-de-location","status":"publish","type":"page","link":"https:\/\/www.toulineprestige.com\/es\/conditions-generales-de-location\/","title":{"rendered":"Conditions g\u00e9n\u00e9rales de location"},"content":{"rendered":"<h2>ARTICLE I<\/h2>\n<p><strong>A. \u00c9TAT DU V\u00c9HICULE<\/strong><\/p>\n<p>Je reconnais avoir visit\u00e9 le v\u00e9hicule et v\u00e9rifi\u00e9 qu&rsquo;il est en parfait \u00e9tat et je m&rsquo;engage \u00e0 ne pas toucher aux scell\u00e9s ou au compteur au risque de payer \u00e0 Touline Prestige le montant correspondant \u00e0 200 Km\u00a0\/ jour.<\/p>\n<p><strong>B. RETOUR DU V\u00c9HICULE.<\/strong><\/p>\n<p>1. J&rsquo;accepte \u00e9galement de restituer le v\u00e9hicule, avec tous ses pneus, outils et \u00e9quipements accessoires, \u00e0 la station Touline Prestige de la ville o\u00f9 le v\u00e9hicule a \u00e9t\u00e9 lou\u00e9, ou \u00e0 la date et au lieu pr\u00e9vus pour le retour. Ou \u00e0 une date ant\u00e9rieure \u00e0 la demande de service 1 voiture sp\u00e9cifi\u00e9e, le fait de ne pas le retourner \u00e0 la date pr\u00e9vue peut \u00eatre consid\u00e9r\u00e9 comme un \u00e9cart qui m&rsquo;expose \u00e0 des poursuites judiciaires.<\/p>\n<p>2. Les cinq pneus sont en bon \u00e9tat \u00e0 la livraison, l&rsquo;usure est normale, mais en cas de d\u00e9t\u00e9rioration anormale ou de coupure de l&rsquo;un d&rsquo;entre eux, je m&rsquo;engage \u00e0 le remplacer imm\u00e9diatement par un autre de m\u00eame marque et de m\u00eame dimension.<\/p>\n<p>3. D\u00e8s la fin de la location, je retournerai tous les documents n\u00e9cessaires au v\u00e9hicule, \u00e0 d\u00e9faut les pi\u00e8ces \u00e9tant indispensables \u00e0 la location, j&rsquo;accepte de payer Touline Prestige pour les jours de retard jusqu&rsquo;\u00e0 la livraison desdites pi\u00e8ces.<\/p>\n<p><strong>C. \u00c9TAT M\u00c9CANIQUE<\/strong><\/p>\n<p>Je reconnais que le v\u00e9hicule est en bon \u00e9tat de fonctionnement et en bon \u00e9tat et je suis responsable du paiement du carburant consomm\u00e9 pendant la p\u00e9riode de location.<\/p>\n<p>Les r\u00e9parations r\u00e9sultant de pannes anormales ou de n\u00e9gligence de ma part (contr\u00f4le du niveau d&rsquo;eau. Huile, bo\u00eete de vitesses) seront \u00e0 mes frais.<\/p>\n<p>Les r\u00e9parations r\u00e9sultant d&rsquo;une panne normale seront \u00e0 la charge de Touline Prestige et feront l&rsquo;objet d&rsquo;une facture d\u00e9taill\u00e9e et re\u00e7ue accompagn\u00e9e des pi\u00e8ces d\u00e9fectueuses remplac\u00e9es, en toutes circonstances. Je ne pourrai pas r\u00e9clamer de d\u00e9dommagement pour retard ou lors de la restitution du v\u00e9hicule. Annulation de location ou r\u00e9parations n\u00e9cessaires pendant la location.<\/p>\n<p>&nbsp;<\/p>\n<h2>ARTICLE II: LOCATION &#8211; D\u00c9P\u00d4T<\/h2>\n<p>Le montant de la location est pay\u00e9 \u00e0 l&rsquo;avance, la caution est obligatoire, elle ne peut \u00eatre utilis\u00e9e pour une prolongation sans l&rsquo;accord de Touline Prestige.<\/p>\n<p>Dans le cas o\u00f9 Touline Prestige m&rsquo;accorde la prolongation, j&rsquo;accepte d&rsquo;envoyer le montant de la location suppl\u00e9mentaire 48 heures avant l&rsquo;expiration de la location en cours.<\/p>\n<p>Je m&rsquo;engage \u00e0 ne pas m&rsquo;opposer au paiement de l&rsquo;acompte ou de la garantie qui subsiste si cet acompte est r\u00e9gl\u00e9:<\/p>\n<p>-Dommages injustifi\u00e9s<\/p>\n<p>-Perte de papiers<\/p>\n<p>&#8211; Saisir les frais ou autres frais selon le cas, \u00e0 condition que Touline Prestige fournisse les pi\u00e8ces justificatives n\u00e9cessaires.<\/p>\n<p>&nbsp;<\/p>\n<h2>ARTICLE III: INFRACTIONS ET INFRACTIONS<\/h2>\n<p>Toutes les amendes, frais, d\u00e9penses et taxes sur toutes les infractions \u00e0 la l\u00e9gislation relative \u00e0 la circulation, au stationnement ou autres pendant la dur\u00e9e du pr\u00e9sent contrat sont de ma responsabilit\u00e9.<\/p>\n<p>&nbsp;<\/p>\n<h2>ARTICLE IV: UTILISATION DU V\u00c9HICULE<\/h2>\n<p>J&rsquo;accepte que le v\u00e9hicule ne soit pas utilis\u00e9:<\/p>\n<p>1-Pour le transport de passagers \u00e0 titre on\u00e9reux, la r\u00e9mun\u00e9ration a \u00e9t\u00e9 fix\u00e9e express\u00e9ment ou implicitement.<\/p>\n<p>2-Pour le transport de marchandises de contrebande entra\u00eenant l&rsquo;immobilisation ou la saisie du v\u00e9hicule par les autorit\u00e9s sous peine de payer Touline Prestige le prix du v\u00e9hicule selon l&rsquo;argus de l&rsquo;ann\u00e9e major\u00e9 d&rsquo;une indemnit\u00e9 de 20000,00 dh, ainsi que tous les frais encourus par Touline Prestige en cas de poursuites judiciaires.<\/p>\n<p>3- Pour propulser ou tirer n&rsquo;importe quel v\u00e9hicule ou remorque.<\/p>\n<p>4-Dans le cadre de comp\u00e9titions sportives automobiles.<\/p>\n<p>5-Par toute personne sous l&rsquo;influence d&rsquo;esprits ou de stup\u00e9fiants.<\/p>\n<p>6-De plus, le v\u00e9hicule ne peut \u00eatre conduit que par des personnes d\u00e9sign\u00e9es.<\/p>\n<p>Dans ce contrat, sous r\u00e9serve de l&rsquo;autorisation pr\u00e9alable de Touline Prestige, et \u00e0 condition que lesdites personnes soient \u00e2g\u00e9es d&rsquo;au moins 25 ans et d\u00e9tiennent un permis de conduire l\u00e9gal depuis au moins un an.<\/p>\n<p>&nbsp;<\/p>\n<h2>ARTICLE V: ASSURANCE<\/h2>\n<p>Je reconnais avoir pris connaissance des conditions g\u00e9n\u00e9rales de la police d&rsquo;assurance automobile Touline Prestige et j&rsquo;accepte:<\/p>\n<p>1. Payer \u00e0 Touline Prestige les frais engag\u00e9s pour assurer la r\u00e9paration des dommages, dus \u00e0 une collision ou autres caus\u00e9s au v\u00e9hicule sous ma responsabilit\u00e9 et pendant la dur\u00e9e du pr\u00e9sent contrat. Cette responsabilit\u00e9 sera:<\/p>\n<p>a-Limit\u00e9 \u00e0 la quantit\u00e9 maximale indiqu\u00e9e dans la liste de prix en vigueur dans les brochures Touline Prestige.<\/p>\n<p>b-Rejet\u00e9 si j&rsquo;accepte de payer \u00e0 l&rsquo;avance le tarif pr\u00e9vu en cas de d\u00e9mission par Touline Prestige desdits dommages; acceptation confirm\u00e9e en pla\u00e7ant mes initiales dans la case r\u00e9serv\u00e9e \u00e0 cet effet dans le pr\u00e9sent contrat et avec l&rsquo;expression \u00ab\u00a0 j&rsquo;accepte \u00a0\u00bb mes initiales dans la case r\u00e9serv\u00e9e \u00e0 cet effet dans le pr\u00e9sent contrat, je b\u00e9n\u00e9ficierai de la garantie conform\u00e9ment aux dispositions figurant dans les brochures Touline Prestige au tarif en vigueur.<\/p>\n<p><strong>Non inclus dans cette garantie<\/strong>. Radio, t\u00e9l\u00e9phone, accessoires, d\u00e9t\u00e9rioration normale des pneus, dommages aux composants situ\u00e9s sous le v\u00e9hicule. Tous les v\u00eatements ou objets pour lesquels le client reste son propre assureur.<\/p>\n<p>Le client pourra d\u00e9gager sa part des frais en fournissant une assurance compl\u00e9mentaire, en cas d&rsquo;accident, ces assurances compl\u00e9mentaires ne comprennent pas le rapatriement de la voiture ou les frais d&rsquo;immobilisation estim\u00e9s \u00e0 50% du prix de la location. Par jour. (maximum 30 jours).<\/p>\n<p><u>Remarque :<\/u><\/p>\n<p>Touline Prestige n&rsquo;est pas responsable de la perte ou des dommages caus\u00e9s aux biens et objets de valeur transport\u00e9s ou laiss\u00e9s dans ou sur le v\u00e9hicule pendant la dur\u00e9e du pr\u00e9sent contrat ou apr\u00e8s le retour du v\u00e9hicule \u00e0 Touline Prestige pour toute responsabilit\u00e9 pour toute action, r\u00e9clamation pour frais et les dommages r\u00e9sultant de ces pertes ou dommages.<\/p>\n<h2>ARTICLE VI; EN CAS D&rsquo;ACCIDENT<\/h2>\n<p>Par la pr\u00e9sente, je donne mon consentement \u00e0 ladite politique et j&rsquo;accepte de respecter ses clauses et conditions. Je m&rsquo;engage \u00e9galement, par ailleurs, sous peine de perdre la prestation d&rsquo;assurance, \u00e0 prendre toutes les mesures utiles pour prot\u00e9ger les int\u00e9r\u00eats de Touline Prestige et de sa compagnie d&rsquo;assurance en cas d&rsquo;accident pendant la dur\u00e9e du pr\u00e9sent contrat et notamment:<\/p>\n<p>1-Recueillir par \u00e9crit le nom et l&rsquo;adresse des personnes impliqu\u00e9es et des t\u00e9moins.<\/p>\n<p>2-Ne reconnaissez pas votre responsabilit\u00e9 ou votre culpabilit\u00e9, et ne traitez pas avec des tiers.<\/p>\n<p>3-Ne quittez pas le v\u00e9hicule sans avoir pris soin de garantir votre s\u00e9curit\u00e9 et votre protection.<\/p>\n<p>4-Fournir un rapport d\u00e9taill\u00e9 par t\u00e9l\u00e9phone \u00e0 l&rsquo;agence Touline Prestige.<\/p>\n<p>5-Avertissez imm\u00e9diatement la police s&rsquo;il n&rsquo;y a pas d&rsquo;\u00e9tablissement ou s&rsquo;il y a des bless\u00e9s.<\/p>\n<p>6-J&rsquo;informe Touline Prestige du lieu et de l&rsquo;heure de l&rsquo;accident.<\/p>\n<p>7-D\u00e9clarer les plaintes par \u00e9crit dans les cinq jours suivants (24 heures pour vol) appuy\u00e9es par le rapport de police ou de gendarmerie, en notant les noms et adresses des parties concern\u00e9es et des t\u00e9moins.<\/p>\n<p>8-A payer Touline Prestige en cas d&rsquo;accident responsable une franchise de:<\/p>\n<p>CAT\u00c9GORIES<\/p>\n<p>A\u00a0 \u00a0 \u00a0 \u00a0 \u00a0 \u00a0 \u00a0 \u00a010 000Dh\u00a0 \u00a0 \u00a0 \u00a0 \u00a0 \u00a0 \u00a0 \u00a0B\u00a0 \u00a0 \u00a0 \u00a0 \u00a0 \u00a0 \u00a0 \u00a012 000Dh\u00a0 \u00a0 \u00a0 \u00a0 \u00a0 \u00a0 \u00a0 \u00a0 \u00a0 C\u00a0 \u00a0 \u00a0 \u00a0 \u00a0 \u00a0 \u00a0 \u00a0 \u00a014 000Dh<\/p>\n<p>D \/ E\u00a0 \u00a0 \u00a0 \u00a0 \u00a017 000Dh\u00a0 \u00a0 \u00a0 \u00a0 \u00a0 \u00a0 \u00a0 \u00a0F\u00a0 \u00a0 \u00a0 \u00a0 \u00a0 \u00a0 \u00a0 \u00a019 000Dh\u00a0 \u00a0 \u00a0 \u00a0 \u00a0 \u00a0 \u00a0 \u00a0 \u00a0 aff\u00a0 \u00a0 \u00a0 \u00a0 \u00a0 \u00a0 \u00a0 \u00a0 \u00a021 000Dh<\/p>\n<p>Safari\u00a0 \u00a0 \u00a0 \u00a0 23.00Dh\u00a0 \u00a0 \u00a0 \u00a0 \u00a0 \u00a0 \u00a0 \u00a0\u00a0Prestige\u00a0 \u00a0 \u00a025.000Dh\u00a0 \u00a0 \u00a0 \u00a0 \u00a0 \u00a0 \u00a0 \u00a0 \u00a0Limousine\u00a0 \u00a0 \u00a050.000Dh<\/p>\n<p>L&rsquo;assurance rachat fran\u00e7aise entre en vigueur apr\u00e8s l&rsquo;\u00e9tablissement d&rsquo;un rapport en cas d&rsquo;accident.<\/p>\n<h2>ARTICLE VII<\/h2>\n<p>1-Je ne c\u00e9derai, ne vendrai, n&rsquo;hypoth\u00e9querai ou ne conditionnerai en aucune circonstance le v\u00e9hicule, le pr\u00e9sent contrat, son \u00e9quipement ou ses outils et je ne les traiterai pas d&rsquo;une mani\u00e8re qui nuit \u00e0 Touline Prestige.<\/p>\n<p>2-Les modifications apport\u00e9es aux clauses et conditions du pr\u00e9sent contrat si elles ne sont pas consign\u00e9es par \u00e9crit, seront nulles et non avenues.<\/p>\n<p>3- Ce contrat de location sera r\u00e9gi et interpr\u00e9t\u00e9 conform\u00e9ment aux lois du pays o\u00f9 le contrat a \u00e9t\u00e9 sign\u00e9. Pour tout litige li\u00e9 \u00e0 l&rsquo;interpr\u00e9tation et \u00e0 l&rsquo;ex\u00e9cution du pr\u00e9sent contrat, les parties attribuent comp\u00e9tence exclusive aux tribunaux du si\u00e8ge social de la soci\u00e9t\u00e9 Touline Prestige.<\/p>\n<h2>ARTICLE VIII: INFRACTION AU CODE DE LA ROUTE<\/h2>\n<p>1-Pour les r\u00e9sidents, il est obligatoire de remplir et de signer la D\u00e9claration Pr\u00e9liminaire de location de voiture sans chauffeur, ce document est joint au contrat<\/p>\n<p>2-Pour les non-r\u00e9sidents: je donne mon consentement et mon consentement \u00e0 payer pour toute infraction au code de la route pendant ma p\u00e9riode de location, via ma carte de cr\u00e9dit. Il est obligatoire de remplir et de signer l&rsquo;annexe au contrat de location pour les r\u00e9sidents. Ce document est joint au contrat.<\/p>\n<h2>ARTICLE IX: ENGAGEMENT DE CONFIDENTIALIT\u00c9<\/h2>\n<h3>Vos donn\u00e9es\u00a0personnelles<\/h3>\n<ul>\n<li>Aucune information personnelle n&rsquo;est collect\u00e9e \u00e0 votre insu. Dans une logique de respect de la vie priv\u00e9e, Touline Prestige s&rsquo;engage \u00e0 ce que la collecte et le traitement des informations personnelles soient effectu\u00e9s conform\u00e9ment \u00e0 la loi n \u00b0 09-08 du 18 f\u00e9vrier 2009 relative \u00e0 la protection des personnes \u00e0 l&rsquo;\u00e9gard du traitement des donn\u00e9es personnelles.<\/li>\n<li>Les informations personnelles ne sont pas divulgu\u00e9es \u00e0 des tiers.<\/li>\n<li>Conform\u00e9ment aux dispositions de la loi 09-08, Touline Prestige garantit \u00e0 l&rsquo;utilisateur le droit d&rsquo;acc\u00e8s et de rectification, et d&rsquo;opposition aux donn\u00e9es personnelles le concernant. L&rsquo;utilisateur a la possibilit\u00e9 d&rsquo;exercer ce droit en envoyant un courrier \u00e9lectronique \u00e0 l&rsquo;adresse suivante: contact@toulineprestige.com<\/li>\n<li>Aucun traitement n&rsquo;est effectu\u00e9 sur les informations que vous nous communiquez via le formulaire de contact et de r\u00e9servation. Vos donn\u00e9es ne sont utilis\u00e9es que pour vous contacter en r\u00e9ponse \u00e0 votre demande et ne seront pas conserv\u00e9es sur nos serveurs \u00e0 l&rsquo;issue de notre collaboration.<\/li>\n<li>Quant \u00e0 l&rsquo;adresse e-mail que vous saisissez dans le formulaire NewsLetter, elle sera enregistr\u00e9e et utilis\u00e9e pour vous envoyer nos actualit\u00e9s et offres sp\u00e9ciales. Cependant, vous pouvez \u00e0 tout moment vous d\u00e9sinscrire de cette liste en utilisant le lien que vous trouverez dans ce type d&#8217;email.<\/li>\n<\/ul>\n<h3>Les Cookies<\/h3>\n<ul>\n<li>Dans le cadre de l&rsquo;am\u00e9lioration de ses services, des cookies peuvent \u00eatre plac\u00e9s sur l&rsquo;ordinateur de l&rsquo;utilisateur pour g\u00e9n\u00e9rer des statistiques sur l&rsquo;utilisation du site Touline Prestige (les pages les plus visit\u00e9es, la fr\u00e9quence d&rsquo;acc\u00e8s au site, etc.).<\/li>\n<li>Les statistiques g\u00e9n\u00e9r\u00e9es par les cookies ne sont pas personnelles et ne contiennent aucune donn\u00e9e personnelle (email, t\u00e9l\u00e9phone, nom, etc.).<\/li>\n<li>Les statistiques g\u00e9n\u00e9r\u00e9es avec ces cookies peuvent \u00eatre conserv\u00e9es pendant une p\u00e9riode de deux ans.<\/li>\n<\/ul>\n<h3>Formulaire de contact<\/h3>\n<ul>\n<li>Les informations personnelles communiqu\u00e9es \u00e0 Touline Prestige via les diff\u00e9rents formulaires de contact ne sont utilis\u00e9es que pour r\u00e9pondre aux demandes des utilisateurs.<\/li>\n<li>Ils ne sont accessibles qu&rsquo;aux services comp\u00e9tents de 1 Service Car, ils ne sont communiqu\u00e9s \u00e0 aucun tiers et ils sont conserv\u00e9s pendant la dur\u00e9e n\u00e9cessaire \u00e0 l&rsquo;instruction des demandes.<\/li>\n<\/ul>","protected":false},"excerpt":{"rendered":"<p>ARTICLE I A. \u00c9TAT DU V\u00c9HICULE Je reconnais avoir visit\u00e9 le v\u00e9hicule et v\u00e9rifi\u00e9 qu&rsquo;il&hellip;<\/p>","protected":false},"author":2,"featured_media":0,"parent":0,"menu_order":0,"comment_status":"closed","ping_status":"closed","template":"","meta":{"footnotes":""},"class_list":["post-8487","page","type-page","status-publish","hentry"],"_links":{"self":[{"href":"https:\/\/www.toulineprestige.com\/es\/wp-json\/wp\/v2\/pages\/8487","targetHints":{"allow":["GET"]}}],"collection":[{"href":"https:\/\/www.toulineprestige.com\/es\/wp-json\/wp\/v2\/pages"}],"about":[{"href":"https:\/\/www.toulineprestige.com\/es\/wp-json\/wp\/v2\/types\/page"}],"author":[{"embeddable":true,"href":"https:\/\/www.toulineprestige.com\/es\/wp-json\/wp\/v2\/users\/2"}],"replies":[{"embeddable":true,"href":"https:\/\/www.toulineprestige.com\/es\/wp-json\/wp\/v2\/comments?post=8487"}],"version-history":[{"count":0,"href":"https:\/\/www.toulineprestige.com\/es\/wp-json\/wp\/v2\/pages\/8487\/revisions"}],"wp:attachment":[{"href":"https:\/\/www.toulineprestige.com\/es\/wp-json\/wp\/v2\/media?parent=8487"}],"curies":[{"name":"wp","href":"https:\/\/api.w.org\/{rel}","templated":true}]}}