{"id":4413,"date":"2019-02-01T03:35:07","date_gmt":"2019-02-01T02:35:07","guid":{"rendered":"https:\/\/www.toulineprestige.com\/?page_id=1960"},"modified":"2022-11-06T04:40:17","modified_gmt":"2022-11-06T03:40:17","slug":"comment-louer-une-voiture-a-casablanca","status":"publish","type":"page","link":"https:\/\/www.toulineprestige.com\/it\/comment-louer-une-voiture-a-casablanca\/","title":{"rendered":"Comment louer une voiture \u00e0 Casablanca ?"},"content":{"rendered":"<h1>Comment louer une voiture \u00e0 Casablanca ?<\/h1>\n<p>Vous souhaitez profiter des avantages procur\u00e9s par une voiture de location pour d\u00e9couvrir en toute libert\u00e9 les richesses de la Ville Lumi\u00e8re. Afin de rendre votre s\u00e9jour le plus agr\u00e9able possible, Touline Prestige est heureuse de vous proposer ses services de location de voiture \u00e0 Casablanca. Que vous arriviez par avion ou par train, vous trouverez ais\u00e9ment l&rsquo;une de nos agences dans les a\u00e9roports et les gares de la capitale \u00e9conomique. La ville abrite en parall\u00e8le de nombreux autres comptoirs. Pour plus de renseignements, s\u00e9lectionnez simplement l&#8217;emplacement de votre choix dans la liste qui suit.<\/p>\n<p><strong>Comment louer une voiture \u00e0 Casablanca ?<\/strong> et \u00eatre proche des \u00e9difices incontournables de Casablanca? notre agence de location de voiture si situe au centre de Casablanca. Celle-ci trouve notamment \u00e0 moins de 5 min \u00e0 pied de la grande mosqu\u00e9e Hassan II, d\u00e9couvrez nos <a href=\"https:\/\/www.toulineprestige.com\/it\/flotte-location-voiture-casablanca\/\"><strong>voitures de location.<\/strong><\/a><\/p>\n<h4>Quels types de voitures puis-je louer \u00e0 Casablanca ?<\/h4>\n<p>Ce n\u2019est pas le choix qui manque ! Voyez plut\u00f4t :<\/p>\n<ul>\n<li><strong>D\u00e9capotable<\/strong> : il est vrai que Paris n\u2019est pas la ville la plus ensoleill\u00e9 d\u2019Europe, mais croyez-nous, remontez la corniche A\u00efn Diab en d\u00e9capotable, c\u2019est la classe !<\/li>\n<li><strong>SUV ou Break<\/strong> : pour ceux qui voyagent en famille ou charg\u00e9.<\/li>\n<li><strong>Mini<\/strong> : une petite s\u00e9ance shopping en mini ? Vous pourrez vous garer partout !<\/li>\n<li><strong>\u00c9conomique<\/strong> : id\u00e9al pour les petits budgets, les voitures \u00e9conomiques sont parfaites pour se rendre d\u2019un point A \u00e0 un point B sans se ruiner.<\/li>\n<\/ul>\n<h4>Quel \u00e2ge faut-il avoir pour louer une voiture \u00e0 Casablanca ?<\/h4>\n<p>Rares sont les compagnies de location de voiture \u00e0 accepter des conducteurs \u00e2g\u00e9s de moins de 21 ans. Par ailleurs, il vous faudra presque toujours \u00eatre titulaire du permis de conduire depuis au moins un an. Enfin, sachez que pour un jeune conducteur (moins de 25 ans) ou un s\u00e9nior (plus de 75 ans) des restrictions ou des frais peuvent \u00eatre appliqu\u00e9s.<\/p>\n<h4>Puis-je louer ma voiture \u00e0 Casablanca avec une carte de d\u00e9bit ?<\/h4>\n<p>La r\u00e8gle veut que vous louiez une voiture avec une carte de cr\u00e9dit. Si vous r\u00e9sidez au Maroc, il se peut que certaines agences soient plus flexibles sur le mode de paiement, c&rsquo;est le cas de Touline Prestige.<\/p>\n<h4>Que dois-je savoir sur la conduite \u00e0 Casablanca ?<\/h4>\n<p>La conduite sur le p\u00e9riph\u00e9rique de Casablanca peut se r\u00e9v\u00e9ler al\u00e9atoire mais dans la ville, notamment en journ\u00e9e, vous ne rencontrerez pas pas de difficult\u00e9s majeures. Toutefois, ce n&rsquo;est pas un mythe : trouver une place de parking \u00e0 Casablanca peut rapidement tourner au cauchemar avec votre voiture de location. Il serait illusoire de pr\u00e9tendre dresser ici une liste des endroits pour s&rsquo;y garer. Sachez simplement que la ville de Casablanca a mis en place, pour les automobilistes au bord de la crise de nerfs, un site internet qui recense quelques 140 parkings, avec toutes les infos qu&rsquo;il faut pour les trouver, payer, etc. Il ne vous reste plus qu&rsquo;\u00e0 entrer leur adresse dans votre GPS ! Sachez aussi qu&rsquo;afin de r\u00e9duire l&rsquo;encombrement dans le centre-ville, Casablanca a d\u00e9velopp\u00e9 des grands parkings aux entr\u00e9es de la ville. Bien pratique pour ceux qui ne se sentent pas en mesure d&rsquo;affronter la conduite des locaux.<\/p>\n<h2>Notre flotte de voitures de location 2022<\/h2>\n<p><strong>Louer une voiture pas cher<\/strong> tout en \u00e9tant proche des \u00e9difices incontournables du centre ville de Casablanca ?\u00a0 Situ\u00e9e en plein centre-ville \u00e0 moins de 3 minutes \u00e0 pied de la grande mosqu\u00e9e Hassan II et \u00e0 moins de 10 minutes \u00e0 pied de l&rsquo;ancienne Medina . Vous y trouverez des voitures de location de tous types afin de r\u00e9pondre \u00e0 vos besoins et pr\u00e9f\u00e9rences ! <a href=\"https:\/\/www.toulineprestige.com\/it\/location-voiture-pas-cher\/\">Louez une voiture pas cher \u00e0 Casablanca<\/a>. Faites votre <a href=\"https:\/\/www.toulineprestige.com\/it\/\">r\u00e9servation en ligne<\/a> maintenant pour b\u00e9n\u00e9ficier des meilleurs prix.<\/p>\n<h3>Les diff\u00e9rentes activit\u00e9s touristiques \u00e0 Casablanca<\/h3>\n<p>Destination la plus pris\u00e9e du Maroc, Casablanca offre une large palette d&rsquo;activit\u00e9s pour les touristes. Ses nombreuses activit\u00e9s sont \u00e0 la fois ludiques et divertissantes. La culture musulmane est pr\u00e9sente dans le pays, mais le modernisme de l&rsquo;Occident lui a donn\u00e9 une dimension multiculturelle.<\/p>\n<p>Les rues et les ruelles surplombant la ville offrent un spectacle culturel et architectural pour les touristes. Visiter Casablanca la nuit est incontournable. Les rues sont anim\u00e9es le soir avec des festivit\u00e9s typiquement maghr\u00e9bines.<\/p>\n<p>De plus, les bo\u00eetes de nuit sont aussi impressionnantes avec des ambiances branch\u00e9es pour satisfaire autant les touristes que les habitants.<\/p>\n<h3>A voir, \u00e0 faire \u00e0 Casablanca<\/h3>\n<p>Le Morroco Mall, un embl\u00e8me \u00e0 Casablanca<\/p>\n<p>Premier centre commercial en Afrique avec trois \u00e9tages, Le Morroco Mall vient d&rsquo;ouvrir ses portes en 2011 et n&rsquo;a rien \u00e0 envier aux centres commerciaux de Duba\u00ef et d&rsquo;Abu Dhabi. Il compte plus de 350 boutiques et un immense magasin: Les galeries Lafayette.<\/p>\n<p>C&rsquo;est une destination de loisirs autant pour les touristes que pour les habitants. Le centre commercial offre plusieurs divertissements, dont les suivants : un aquarium, une patinoire, une fontaine musicale et un cin\u00e9ma 3D.<\/p>\n<p>Des restaurants vous ouvrent leurs portes sur place pour d\u00e9guster les fameux plats typiquement marocains comme le tagine, les associations sucr\u00e9es-sal\u00e9es, le couscous accompagn\u00e9 de l\u00e9gumes, le m\u00e9choui d&rsquo;agneau mais aussi du poisson tout fra\u00eechement p\u00each\u00e9.<\/p>\n<h3>La gastronomie marocaine<\/h3>\n<p>Selon les connaisseurs en gastronomie, la cuisine marocaine est la troisi\u00e8me au classement mondial. M\u00e9lange de saveur douce et \u00e9pic\u00e9e aux parfums enivrants, cette cuisine ne laisse personne indiff\u00e9rent. La cuisine fran\u00e7aise de haute qualit\u00e9 a fait son entr\u00e9e dans la ville qui compte des restaurants o\u00f9 on peut d\u00e9guster de bonnes recettes. La gastronomie mondiale allant du sushi japonais aux mets chinois est aussi pr\u00e9sente \u00e0 Casablanca, sans oublier les hamburgers et la cuisine orientale.<\/p>\n<h2>D\u00e9couvrir Casablanca<\/h2>\n<div class=\"b-description_readmore_wrapper js-description_readmore_wrapper\">\n<div class=\"edito2 b-description_readmore js-description_readmore\">\n<p><strong>Au Maroc, Casablanca, si elle n&rsquo;est pas la capitale, est un peu la m\u00e9tropole du pays : la plus peupl\u00e9e, la plus dynamique \u00e9conomiquement. <\/strong><\/p>\n<p>Cette ville constitue en effet l&rsquo;\u00e9picentre du Commerce et de la Finance marocaine. \u00a0\u00bbCasa\u00a0\u00bb tient une place particuli\u00e8re au sein de ce royaume.\u00a0Il est \u00e9galement possible de s&rsquo;extraire un peu du Casablanca moderne en parcourant la m\u00e9dina, centre historique de la ville.<\/p>\n<h2>Casablanca: \u00e9picentre du Maroc<\/h2>\n<p>Capitale\u00a0<strong>\u00e9conomique<\/strong>\u00a0et\u00a0<strong>financi\u00e8re<\/strong>\u00a0du Maghreb, Casablanca est la plus grande ville du Maroc avec ses 4 000 000 d&rsquo;habitants. C&rsquo;est aussi le premier port du pays et elle poss\u00e8de un centre universitaire. Son accroissement ainsi que son urbanisation n&rsquo;a pas cess\u00e9 depuis le XIXe si\u00e8cle.<\/p>\n<p>De nos jours, il sagit d&rsquo;une grande ville, ce qui signifie aussi bruit, pollution, bref, pas toujours ce que l&rsquo;on recherche en\u00a0<strong>vacances<\/strong>\u00a0! On ne s&rsquo;\u00e9tonne pas que les dur\u00e9es de s\u00e9jour des visiteurs \u00e0 Casablanca soit courtes, bien que la ville m\u00e9rite tout de m\u00eame qu&rsquo;on s&rsquo;y attarde : la\u00a0<strong>mosqu\u00e9e Hassan II<\/strong>\u00a0est le monument symbolique de Casablanca : construite au bord de la mer, cet \u00e9difice moderne poss\u00e8de un minaret de 200 m\u00e8tres de haut, pour former la troisi\u00e8me plus grande mosqu\u00e9e du monde ! Sur la place Mohammed V, les touristes se pressent devant l&rsquo;architecture h\u00e9rit\u00e9e de la p\u00e9riode coloniale.<\/p>\n<h2>Les grands incontournables de Casa :<\/h2>\n<h3>La mosqu\u00e9e Hassan II \u00e0 Casablanca<\/h3>\n<p>La grande mosqu\u00e9e de\u00a0<strong>Casa<\/strong>, monument incontournable de la ville, peut se vanter de d\u00e9tenir plus d\u2019un record. C\u2019est avant tout le deuxi\u00e8me \u00e9difice religieux le plus grand au monde (apr\u00e8s la mosqu\u00e9e de La Mecque)! Son minaret est \u00e9galement le plus haut au monde avec 200 m\u00e8tres de hauteur. La beaut\u00e9 de l\u2019\u00e9difice est d\u00fbe \u00e0 un tr\u00e8s beau m\u00e9lange entre architecture traditionnelle et hautes technologies. Une des particularit\u00e9s de la mosqu\u00e9e est qu\u2019elle poss\u00e8de un toit \u00e0 glissi\u00e8re qui permet de s\u2019ouvrir en temps de canicule en seulement 3 minutes. Incroyable ! Ce qui est bon \u00e0 savoir est que cette mosqu\u00e9e fait partie des tr\u00e8s rares ouvertes \u00e0 un public non musulman. Il est possible donc de la visiter de l\u2019int\u00e9rieur gr\u00e2ce \u00e0 des visites guid\u00e9es organis\u00e9es sur place et moyennant 100 Dhs la personne. En plus de la mosqu\u00e9e en elle-m\u00eame, on peut visiter sur place, la biblioth\u00e8que, l\u2019\u00e9cole coranique et le mus\u00e9e.<\/p>\n<h3>Le march\u00e9 central de Casablanca<\/h3>\n<p>Visite incontournable \u00e0 Casablanca, le march\u00e9 central vous donnera un tr\u00e8s bel aper\u00e7u de la vie\u00a0<strong>quotidienne<\/strong>\u00a0des marocains \u00e0 Casa. V\u00e9ritable plaisir des sens, vous trouverez de superbes produits de la terre et de la mer au march\u00e9 central. Les parfums et les couleurs vous ouvriront l\u2019app\u00e9tit et vous aurez envie de tout acheter et de tout cuisiner. Vous trouverez plusieurs restaurants sur place qui proposent des sp\u00e9cialit\u00e9s locales succulentes, ne manques pas d\u2019y d\u00e9guster les plats traditionnels de la r\u00e9gion.<\/p>\n<h3>Le vieux centre de Casablanca<\/h3>\n<p>Un\u00a0<strong>quartier<\/strong>\u00a0\u00e0 d\u00e9couvrir ! Le vieux centre h\u00e9berge de v\u00e9ritables merveilles architecturales telles que l\u2019Eglise du Sacr\u00e9 C\u0153ur, l\u2019immeuble de Marius Boyer, le march\u00e9 central, etc. Sa particularit\u00e9 r\u00e9side dans son impressionnant m\u00e9lange architectural. Fusion entre n\u00e9o-mauresque, art d\u00e9co et n\u00e9o classique. Ce quartier est aujourd\u2019hui quartier d\u2019affaires de la ville.<\/p>\n<h2>A voir, \u00e0 faire \u00e0 Casablanca<\/h2>\n<h3>Le Morroco Mall, un embl\u00e8me \u00e0 Casablanca<\/h3>\n<p>Premier centre <strong>commercial<\/strong> en Afrique avec trois \u00e9tages, Le Morroco Mall vient d&rsquo;ouvrir ses portes en 2011 et n&rsquo;a rien \u00e0 envier aux centres commerciaux de Duba\u00ef et d&rsquo;Abu Dhabi. Il compte plus de 350 boutiques et un immense magasin: Les galeries Lafayette.<\/p>\n<p>C&rsquo;est une destination de loisirs autant pour les touristes que pour les habitants. Le centre commercial offre plusieurs divertissements, dont les suivants : un aquarium, une patinoire, une fontaine musicale et un cin\u00e9ma 3D.<\/p>\n<p>Des restaurants vous ouvrent leurs portes sur place pour d\u00e9guster les fameux plats typiquement marocains comme le tagine, les associations sucr\u00e9es-sal\u00e9es, le couscous accompagn\u00e9 de l\u00e9gumes, le m\u00e9choui d&rsquo;agneau mais aussi du poisson tout fra\u00eechement p\u00each\u00e9.<\/p>\n<h3>La gastronomie marocaine<\/h3>\n<p>Selon les connaisseurs en <strong>gastronomie<\/strong>, la cuisine marocaine est la troisi\u00e8me au classement mondial. M\u00e9lange de saveur douce et \u00e9pic\u00e9e aux parfums enivrants, cette cuisine ne laisse personne indiff\u00e9rent. La cuisine fran\u00e7aise de haute qualit\u00e9 a fait son entr\u00e9e dans la ville qui compte des restaurants o\u00f9 on peut d\u00e9guster de bonnes recettes. La gastronomie mondiale allant du sushi japonais aux mets chinois est aussi pr\u00e9sente \u00e0 Casablanca, sans oublier les hamburgers et la cuisine orientale.<\/p>\n<\/div>\n<\/div>","protected":false},"excerpt":{"rendered":"<p>Comment louer une voiture \u00e0 Casablanca ? Vous souhaitez profiter des avantages procur\u00e9s par une&hellip;<\/p>","protected":false},"author":2,"featured_media":0,"parent":0,"menu_order":0,"comment_status":"closed","ping_status":"closed","template":"","meta":{"footnotes":""},"class_list":["post-4413","page","type-page","status-publish","hentry"],"_links":{"self":[{"href":"https:\/\/www.toulineprestige.com\/it\/wp-json\/wp\/v2\/pages\/4413","targetHints":{"allow":["GET"]}}],"collection":[{"href":"https:\/\/www.toulineprestige.com\/it\/wp-json\/wp\/v2\/pages"}],"about":[{"href":"https:\/\/www.toulineprestige.com\/it\/wp-json\/wp\/v2\/types\/page"}],"author":[{"embeddable":true,"href":"https:\/\/www.toulineprestige.com\/it\/wp-json\/wp\/v2\/users\/2"}],"replies":[{"embeddable":true,"href":"https:\/\/www.toulineprestige.com\/it\/wp-json\/wp\/v2\/comments?post=4413"}],"version-history":[{"count":0,"href":"https:\/\/www.toulineprestige.com\/it\/wp-json\/wp\/v2\/pages\/4413\/revisions"}],"wp:attachment":[{"href":"https:\/\/www.toulineprestige.com\/it\/wp-json\/wp\/v2\/media?parent=4413"}],"curies":[{"name":"wp","href":"https:\/\/api.w.org\/{rel}","templated":true}]}}