{"id":4420,"date":"2019-03-26T03:57:46","date_gmt":"2019-03-26T02:57:46","guid":{"rendered":"https:\/\/www.toulineprestige.com\/?page_id=2697"},"modified":"2025-11-04T00:22:52","modified_gmt":"2025-11-03T23:22:52","slug":"foire-aux-questions","status":"publish","type":"page","link":"https:\/\/www.toulineprestige.com\/it\/foire-aux-questions\/","title":{"rendered":"Domande frequenti"},"content":{"rendered":"<p>[vc_row full_width=\u00a0\u00bbstretch_row\u00a0\u00bb css=\u00a0\u00bb.vc_custom_1634784824303{background-color: #f0c540 !important;}\u00a0\u00bb][vc_column][stm_call_to_action_2 call_to_action_color=\u00a0\u00bb#f0c540&Prime; call_to_action_text_color=\u00a0\u00bb#273f44&Prime; call_to_action_label_right=\u00a0\u00bb+212 661-306-638&Prime; css=\u00a0\u00bb.vc_custom_1634784783815{padding-right: 0px !important;padding-left: 0px !important;}\u00a0\u00bb link=\u00a0\u00bb|||\u00a0\u00bb call_to_action_label=\u00a0\u00bbN&rsquo;h\u00e9sitez pas \u00e0 demander&#8230;\u00a0\u00bb call_to_action_label_2=\u00a0\u00bbDes questions ?\u00a0\u00bb][\/vc_column][\/vc_row][vc_row][vc_column][vc_empty_space height=\u00a0\u00bb42px\u00a0\u00bb][\/vc_column][\/vc_row][vc_row][vc_column css=\u00a0\u00bb.vc_custom_1634784899619{margin-top: 50px !important;margin-bottom: 100px !important;}\u00a0\u00bb][vc_column_text]<\/p>\n<h2>Questions fr\u00e9quentes sur la location de voiture au Maroc avec Touline Prestige<\/h2>\n<p>Une question sur votre location de voiture ou nos services ? Consultez notre foire aux questions et vous y trouverez certainement votre r\u00e9ponse. Si vous avez d&rsquo;autres questions, n&rsquo;h\u00e9sitez pas \u00e0 <a href=\"https:\/\/www.toulineprestige.com\/contact\">nous contacter<\/a>.[\/vc_column_text][vc_tta_accordion][vc_tta_section title=\u00a0\u00bbAstuces utiles pour r\u00e9server une voiture \u00e0 Casablanca\u00a0\u00bb tab_id=\u00a0\u00bb374BEHFUHRNIE\u00a0\u00bb][vc_column_text]Si les grandes villes sont bien raccord\u00e9es entre elles par des r\u00e9seaux de transports publics, il n\u2019en va pas de m\u00eame pour les r\u00e9gions les plus enclav\u00e9es : louer une voiture peut parfois s\u2019av\u00e9rer la seule fa\u00e7on d\u2019explorer les espaces montagneux et les zones rurales plus ou moins recul\u00e9es. Louer une voiture au Maroc permet aussi d\u2019en faire le tour par les villes c\u00f4ti\u00e8res moins tourn\u00e9es vers le tourisme.<\/p>\n<p>Si vous vous aventurez en dehors des sentiers battus et que vous choisissez d\u2019aller \u00e0 la rencontre des superbes paysages qu\u2019abrite le sud du pays par les routes de campagnes, ou les r\u00e9gions montagneuses, mieux vaut prendre un 4&#215;4 ou une voiture tout terrain au moment de choisir votre v\u00e9hicule de location. Ce type de v\u00e9hicule vous sera utile sur piste comme sur route.<\/p>\n<p>Bon \u00e0 savoir lorsqu\u2019on loue une voiture au Maroc : les ronds-points ne sont pas r\u00e9gis par la m\u00eame l\u00e9gislation qu\u2019en France. Ainsi, la priorit\u00e9 ne va pas n\u00e9cessairement aux v\u00e9hicules d\u00e9j\u00e0 engag\u00e9s dans le giratoire : certains ronds-points donnent la priorit\u00e9 aux voitures qui entrent. Il faut donc \u00eatre particuli\u00e8rement attentif aux \u00e9ventuelles signalisations, ou \u00e0 d\u00e9faut, vous calquer sur l\u2019attitude des automobilistes \u00e0 vos c\u00f4t\u00e9s.<\/p>\n<p>Il pourrait \u00eatre tentant de partir du Maroc \u00e0 la d\u00e9couverte des autres pays du Maghreb. Cependant, sachez que cela ne sera pas possible avec une voiture de location marocaine. Il n\u2019est en effet pas permis de voyager en dehors du Maroc avec votre voiture de location. Il vous faudra donc la laisser sur place et \u00e9ventuellement en louer une nouvelle dans un pays voisin.[\/vc_column_text][\/vc_tta_section][vc_tta_section title=\u00a0\u00bbCombien co\u00fbte une voiture de location \u00e0 Casablanca ?\u00a0\u00bb tab_id=\u00a0\u00bb1582348206380-be3a022c-7e24&Prime;][vc_column_text]Une voiture de location \u00e0 Casablanca co\u00fbte \u00e0 partir de 20 \u20ac par jour.[\/vc_column_text][\/vc_tta_section][vc_tta_section title=\u00a0\u00bbCombien co\u00fbte la location d\u2019une voiture \u00e0 Casablanca pendant une semaine ?\u00a0\u00bb tab_id=\u00a0\u00bbEIAZEN9374N92374&Prime;][vc_column_text]Une location de voiture \u00e0 Casablanca co\u00fbte 140 \u20ac par semaine (20 \u20ac par jour).[\/vc_column_text][\/vc_tta_section][vc_tta_section title=\u00a0\u00bbConduite Maroc : Ce qu&rsquo;il faut savoir\u00a0\u00bb tab_id=\u00a0\u00bbFINZEOIUNOZEURNOU\u00a0\u00bb][vc_column_text]L\u2019\u00e9tat des routes marocaines s\u2019est beaucoup am\u00e9lior\u00e9 ces derni\u00e8res ann\u00e9es, \u00e0 mesure que s\u2019est \u00e9tendu le r\u00e9seau routier du pays. Il existe un grand nombre d\u2019autoroutes \u00e0 p\u00e9age, qui relient les villes de Rabat, Casablanca, et Tanger, soutenues par des routes secondaires goudronn\u00e9es qui permettent de relier le reste du pays. Dans certaines zones plus enclav\u00e9es ou recul\u00e9es, souvent dans la montagne ou le d\u00e9sert, les routes ne sont plus asphalt\u00e9es et l\u2019on conduit plus g\u00e9n\u00e9ralement sur des pistes. La conduite se fait \u00e0 droite au Maroc.[\/vc_column_text][\/vc_tta_section][vc_tta_section title=\u00a0\u00bbConduite Maroc : \u00c0 combien s&rsquo;\u00e9l\u00e8ve le prix de l&rsquo;essence ?\u00a0\u00bb tab_id=\u00a0\u00bbDFJF89U3983N\u00a0\u00bb][vc_column_text]Le litre d\u2019essence au Maroc co\u00fbte environ 10 MAD (0,95 EUR). Si on trouve des stations-service dans toutes les grandes villes, et en nombre suffisant, il faut cependant veiller \u00e0 faire le plein avant d\u2019entamer un long trajet, car les stations-service sont beaucoup plus espac\u00e9es dans les campagnes. La plupart des stations ferment \u00e0 la nuit tomb\u00e9e, il faut donc \u00eatre pr\u00e9voyant.[\/vc_column_text][\/vc_tta_section][vc_tta_section title=\u00a0\u00bbQuelle est la cat\u00e9gorie de voiture la plus populaire \u00e0 Maroc ?\u00a0\u00bb tab_id=\u00a0\u00bbFJ9FJFLJZI34&Prime;][vc_column_text]Citadine (Clio 4 ou similaire) est la cat\u00e9gorie de voiture la plus r\u00e9serv\u00e9e \u00e0 Maroc.[\/vc_column_text][\/vc_tta_section][vc_tta_section title=\u00a0\u00bbConduite Maroc : \u00c0 partir de quel \u00e2ge est-il possible de louer une voiture ?\u00a0\u00bb tab_id=\u00a0\u00bbJHFH38H39H3IHK3&Prime;][vc_column_text]On peut louer un v\u00e9hicule au Maroc \u00e0 partir de 21 ans, si l\u2019on a obtenu son permis de conduire depuis plus d\u2019un an. Des taxes suppl\u00e9mentaires s\u2019appliquent aux conducteurs de moins de 25 ans dans la plupart des agences de location. On peut utiliser un permis national pour conduire au Maroc pendant la premi\u00e8re ann\u00e9e, mais un permis international est toujours plus s\u00fbr.[\/vc_column_text][\/vc_tta_section][vc_tta_section title=\u00a0\u00bbQuels avantages offre la r\u00e9servation par Internet ?\u00a0\u00bb tab_id=\u00a0\u00bb1583858482109-ac6badb6-80e4&Prime;][vc_column_text]Gr\u00e2ce \u00e0 Internet vous r\u00e9servez en temps r\u00e9el et profitez de prix int\u00e9ressants soumis \u00e0 nos conditions g\u00e9n\u00e9rales de location. Aussit\u00f4t apr\u00e8s votre r\u00e9servation, vous obtenez une confirmation de r\u00e9servation.[\/vc_column_text][\/vc_tta_section][vc_tta_section title=\u00a0\u00bbQuel d\u00e9lai dois-je respecter pour r\u00e9server ma voiture de location sur Internet ?\u00a0\u00bb tab_id=\u00a0\u00bb1583858559987-ea45485d-4209&Prime;][vc_column_text]La r\u00e9servation doit \u00eatre faite au moins deux heures avant l\u2019enl\u00e8vement du v\u00e9hicule. Veuillez noter que pour la location de nos jeeps et cabriolets, un d\u00e9lai de 48 heures \u00e0 l\u2019avance est n\u00e9cessaire.[\/vc_column_text][\/vc_tta_section][vc_tta_section title=\u00a0\u00bbSous quel code distinctif trouvez-vous les groupes de v\u00e9hicules chez Touline Prestige ?\u00a0\u00bb tab_id=\u00a0\u00bb1583858656760-62d87e74-59b8&Prime;][vc_column_text]Le code d\u00e9nomm\u00e9 CRS est un standard international pour le regroupement de mod\u00e8les de voitures semblables en cat\u00e9gories. Vous pouvez trouver un descriptif exact de ces cat\u00e9gories de v\u00e9hicules dans la partie \u00ab\u00a0s\u00e9lection de v\u00e9hicules\u00a0\u00bb du pays de location souhait\u00e9.[\/vc_column_text][\/vc_tta_section][vc_tta_section title=\u00a0\u00bbPuis-je louer un mod\u00e8le de v\u00e9hicule particulier sur Touline Prestige ?\u00a0\u00bb tab_id=\u00a0\u00bb1583859139801-118c71a6-4e7f\u00a0\u00bb][vc_column_text]Touline Prestige garantit un groupe de v\u00e9hicules et non un mod\u00e8le en particulier. Lors du calcul du prix de location, nous citons en exemple un certain nombre de mod\u00e8les de v\u00e9hicules possibles.[\/vc_column_text][\/vc_tta_section][vc_tta_section title=\u00a0\u00bbComment puis-je r\u00e9server sur Touline Prestige les meilleurs tarifs week-end et semaine ?\u00a0\u00bb tab_id=\u00a0\u00bb1583859253012-276c7936-b467&Prime;][vc_column_text]Apr\u00e8s avoir entr\u00e9 votre date de r\u00e9servation, nous calculons pour vous les tarifs on-line les plus avantageux. Ceci inclut \u00e9galement nos forfaits semaine et week-end.[\/vc_column_text][\/vc_tta_section][vc_tta_section title=\u00a0\u00bb\u00c0 quel moment vais-je payer mon v\u00e9hicule de location ?\u00a0\u00bb tab_id=\u00a0\u00bb1583878964700-991c0a5d-f2bc\u00a0\u00bb][vc_column_text]Au moment de la r\u00e9servation, il vous sera demand\u00e9 votre num\u00e9ro de carte de cr\u00e9dit pour une r\u00e9servation ferme. Ceci pour des raisons de s\u00e9curit\u00e9. Bien qu\u2019une caution soit retenue sur votre carte au d\u00e9part de la location, le paiement s\u2019effectue sur place au retour du v\u00e9hicule.[\/vc_column_text][\/vc_tta_section][vc_tta_section title=\u00a0\u00bbQuelle proc\u00e9dure respecter lorsque je rends mon v\u00e9hicule ?\u00a0\u00bb tab_id=\u00a0\u00bb1583879046476-1a6db2b3-ce7f\u00a0\u00bb][vc_column_text]<\/p>\n<div class=\"t3-js-accordeon-content t3-accordeon-content\">\n<ul class=\"sx-gc-def\">\n<li>Ne croyez uniquement que ce que vous voyez. Les cl\u00e9s de la voiture ainsi que le contrat de location ne doivent \u00eatre remis qu\u2019aux employ\u00e9s Touline Prestige.<\/li>\n<li>Si vous souhaitez restituer le v\u00e9hicule dans un h\u00f4tel, un garage ou une soci\u00e9t\u00e9 plut\u00f4t que dans une de nos agences, merci d\u2019obtenir l\u2019autorisation de l\u2019agence au pr\u00e9alable.<\/li>\n<\/ul>\n<\/div>\n<p>[\/vc_column_text][\/vc_tta_section][\/vc_tta_accordion][\/vc_column][\/vc_row]<\/p>\n","protected":false},"excerpt":{"rendered":"<p>[vc_row full_width=\u00a0\u00bbstretch_row\u00a0\u00bb css=\u00a0\u00bb.vc_custom_1634784824303{background-color: #f0c540 !important;}\u00a0\u00bb][vc_column][stm_call_to_action_2 call_to_action_color=\u00a0\u00bb#f0c540&Prime; call_to_action_text_color=\u00a0\u00bb#273f44&Prime; call_to_action_label_right=\u00a0\u00bb+212 661-306-638&Prime; css=\u00a0\u00bb.vc_custom_1634784783815{padding-right: 0px !important;padding-left: 0px !important;}\u00a0\u00bb link=\u00a0\u00bb|||\u00a0\u00bb&hellip;<\/p>\n","protected":false},"author":2,"featured_media":0,"parent":0,"menu_order":0,"comment_status":"closed","ping_status":"closed","template":"","meta":{"footnotes":""},"class_list":["post-4420","page","type-page","status-publish","hentry"],"_links":{"self":[{"href":"https:\/\/www.toulineprestige.com\/it\/wp-json\/wp\/v2\/pages\/4420","targetHints":{"allow":["GET"]}}],"collection":[{"href":"https:\/\/www.toulineprestige.com\/it\/wp-json\/wp\/v2\/pages"}],"about":[{"href":"https:\/\/www.toulineprestige.com\/it\/wp-json\/wp\/v2\/types\/page"}],"author":[{"embeddable":true,"href":"https:\/\/www.toulineprestige.com\/it\/wp-json\/wp\/v2\/users\/2"}],"replies":[{"embeddable":true,"href":"https:\/\/www.toulineprestige.com\/it\/wp-json\/wp\/v2\/comments?post=4420"}],"version-history":[{"count":1,"href":"https:\/\/www.toulineprestige.com\/it\/wp-json\/wp\/v2\/pages\/4420\/revisions"}],"predecessor-version":[{"id":12547,"href":"https:\/\/www.toulineprestige.com\/it\/wp-json\/wp\/v2\/pages\/4420\/revisions\/12547"}],"wp:attachment":[{"href":"https:\/\/www.toulineprestige.com\/it\/wp-json\/wp\/v2\/media?parent=4420"}],"curies":[{"name":"wp","href":"https:\/\/api.w.org\/{rel}","templated":true}]}}