{"id":4423,"date":"2019-02-11T05:00:23","date_gmt":"2019-02-11T04:00:23","guid":{"rendered":"https:\/\/www.toulineprestige.com\/?page_id=2105"},"modified":"2025-12-10T18:15:09","modified_gmt":"2025-12-10T17:15:09","slug":"livraison-et-le-retrait-de-votre-vehicule-a-domicile","status":"publish","type":"page","link":"https:\/\/www.toulineprestige.com\/it\/livraison-et-le-retrait-de-votre-vehicule-a-domicile\/","title":{"rendered":"Livraison et le retrait de votre v\u00e9hicule \u00e0 domicile"},"content":{"rendered":"<div data-elementor-type=\"wp-page\" data-elementor-id=\"4423\" class=\"elementor elementor-4423\">\n\t\t\t\t\t\t<section class=\"elementor-section elementor-top-section elementor-element elementor-element-239ad253 elementor-section-boxed elementor-section-height-default elementor-section-height-default\" data-id=\"239ad253\" data-element_type=\"section\" data-e-type=\"section\">\n\t\t\t\t\t\t<div class=\"elementor-container elementor-column-gap-default\">\n\t\t\t\t\t<div class=\"elementor-column elementor-col-100 elementor-top-column elementor-element elementor-element-2e719f92\" data-id=\"2e719f92\" data-element_type=\"column\" data-e-type=\"column\">\n\t\t\t<div class=\"elementor-widget-wrap elementor-element-populated\">\n\t\t\t\t\t\t<div class=\"elementor-element elementor-element-7d9173be elementor-widget elementor-widget-text-editor\" data-id=\"7d9173be\" data-element_type=\"widget\" data-e-type=\"widget\" data-widget_type=\"text-editor.default\">\n\t\t\t\t<div class=\"elementor-widget-container\">\n\t\t\t\t\t\t\t\t\t<h1>Votre voiture de location livr\u00e9e \u00e0 votre porte ?<\/h1><p>Gagnez du temps et profitez de la livraison de votre v\u00e9hicule de location \u00e0 l\u2019heure et \u00e0 l\u2019endroit de votre choix pour vous \u00e9viter le transport de vos bagages et vous permettre de profiter un peu plus longtemps de votre s\u00e9jour \u00e0 Casablanca.<\/p><p>Vous pouvez m\u00eame r\u00e9server jusqu\u2019\u00e0 la derni\u00e8re minute\u00a0: si vous r\u00e9servez avant midi, nous livrerons votre voiture \u00e0 domicile le m\u00eame jour.<\/p><h2>Service de livraison et de reprise \u00e0 domicile<\/h2><p>\u00c0 l&rsquo;attention de nos clients professionnels B2B, <strong>Touline Prestige<\/strong> propose son service de livraison de v\u00e9hicule \u00e0 votre domicile, sur le site de votre entreprise, \u00e0 un h\u00f4tel ou tout autre lieu de votre choix.<\/p><h3>Comment b\u00e9n\u00e9ficier du service livraison ?<\/h3><p>Pour plus d&rsquo;infos, veuillez contacter votre commercial au\u00a0<a href=\"tel:\/\/+212661306638\">+212 6 61 30 66 38<\/a><\/p>\t\t\t\t\t\t\t\t<\/div>\n\t\t\t\t<\/div>\n\t\t\t\t\t<\/div>\n\t\t<\/div>\n\t\t\t\t\t<\/div>\n\t\t<\/section>\n\t\t\t\t<\/div>","protected":false},"excerpt":{"rendered":"<p>Votre voiture de location livr\u00e9e \u00e0 votre porte ? Gagnez du temps et profitez de&hellip;<\/p>","protected":false},"author":2,"featured_media":0,"parent":0,"menu_order":0,"comment_status":"closed","ping_status":"closed","template":"","meta":{"footnotes":""},"class_list":["post-4423","page","type-page","status-publish","hentry"],"_links":{"self":[{"href":"https:\/\/www.toulineprestige.com\/it\/wp-json\/wp\/v2\/pages\/4423","targetHints":{"allow":["GET"]}}],"collection":[{"href":"https:\/\/www.toulineprestige.com\/it\/wp-json\/wp\/v2\/pages"}],"about":[{"href":"https:\/\/www.toulineprestige.com\/it\/wp-json\/wp\/v2\/types\/page"}],"author":[{"embeddable":true,"href":"https:\/\/www.toulineprestige.com\/it\/wp-json\/wp\/v2\/users\/2"}],"replies":[{"embeddable":true,"href":"https:\/\/www.toulineprestige.com\/it\/wp-json\/wp\/v2\/comments?post=4423"}],"version-history":[{"count":4,"href":"https:\/\/www.toulineprestige.com\/it\/wp-json\/wp\/v2\/pages\/4423\/revisions"}],"predecessor-version":[{"id":12702,"href":"https:\/\/www.toulineprestige.com\/it\/wp-json\/wp\/v2\/pages\/4423\/revisions\/12702"}],"wp:attachment":[{"href":"https:\/\/www.toulineprestige.com\/it\/wp-json\/wp\/v2\/media?parent=4423"}],"curies":[{"name":"wp","href":"https:\/\/api.w.org\/{rel}","templated":true}]}}