{"id":4426,"date":"2019-01-27T17:00:06","date_gmt":"2019-01-27T16:00:06","guid":{"rendered":"https:\/\/www.toulineprestige.com\/?page_id=1835"},"modified":"2024-04-02T08:09:06","modified_gmt":"2024-04-02T08:09:06","slug":"noleggio-auto-marocco","status":"publish","type":"page","link":"https:\/\/www.toulineprestige.com\/it\/location-voiture-maroc\/","title":{"rendered":"Noleggio auto in Marocco"},"content":{"rendered":"<div data-elementor-type=\"wp-page\" data-elementor-id=\"4426\" class=\"elementor elementor-4426\">\n\t\t\t\t\t\t<section class=\"elementor-section elementor-top-section elementor-element elementor-element-57e18da9 elementor-section-boxed elementor-section-height-default elementor-section-height-default\" data-id=\"57e18da9\" data-element_type=\"section\" data-e-type=\"section\">\n\t\t\t\t\t\t<div class=\"elementor-container elementor-column-gap-default\">\n\t\t\t\t\t<div class=\"elementor-column elementor-col-100 elementor-top-column elementor-element elementor-element-253d5b34\" data-id=\"253d5b34\" data-element_type=\"column\" data-e-type=\"column\">\n\t\t\t<div class=\"elementor-widget-wrap elementor-element-populated\">\n\t\t\t\t\t\t<div class=\"elementor-element elementor-element-651b2d78 elementor-widget elementor-widget-text-editor\" data-id=\"651b2d78\" data-element_type=\"widget\" data-e-type=\"widget\" data-widget_type=\"text-editor.default\">\n\t\t\t\t<div class=\"elementor-widget-container\">\n\t\t\t\t\t\t\t\t\t<h1>Noleggio auto in Marocco: Esplora il paese a prezzi convenienti<\/h1><p style=\"text-align: justify;\">Situato a soli 2 ore di volo da Parigi, il Marocco \u00e8 una destinazione incantevole dove la storia si mescola alla bellezza naturale. Dai suoi palazzi con giardini lussureggianti ai suoi vivaci souk e ai vasti deserti, il Marocco offre un'esperienza ricca di scoperte.<\/p><p style=\"text-align: justify;\">Per esplorare questo affascinante paese, opta per il nostro servizio <strong>Noleggio auto a prezzi accessibili in Marocco<\/strong>. Prenota online attraverso il nostro sito di confronto e goditi un'ampia gamma di veicoli, dalle auto compatte agli SUV confortevoli, a tariffe competitive.<\/p><p><img fetchpriority=\"high\" decoding=\"async\" class=\"aligncenter wp-image-7033 size-full\" src=\"https:\/\/www.toulineprestige.com\/wp-content\/uploads\/location-voiture-au-maroc-pas-cher-1.png\" alt=\"\" width=\"615\" height=\"400\" srcset=\"https:\/\/www.toulineprestige.com\/wp-content\/uploads\/location-voiture-au-maroc-pas-cher-1.png 615w, https:\/\/www.toulineprestige.com\/wp-content\/uploads\/location-voiture-au-maroc-pas-cher-1-600x390.png 600w, https:\/\/www.toulineprestige.com\/wp-content\/uploads\/location-voiture-au-maroc-pas-cher-1-360x234.png 360w, https:\/\/www.toulineprestige.com\/wp-content\/uploads\/location-voiture-au-maroc-pas-cher-1-123x80.png 123w\" sizes=\"(max-width: 615px) 100vw, 615px\" \/><\/p><h2 style=\"text-align: justify;\">Perch\u00e9 prenotare il noleggio auto in Marocco prima della tua partenza?<\/h2><p style=\"text-align: justify;\">Il nostro servizio ti permette di confrontare i prezzi delle diverse compagnie di noleggio e trovare la migliore offerta di noleggio auto in Marocco. Con il nostro sistema di prenotazione online, puoi risparmiare tempo e denaro godendo di un'esperienza senza problemi al tuo arrivo.<\/p><p style=\"text-align: justify;\">Esplora ogni angolo del Marocco, dalle storiche medine alle magnifiche coste, al tuo ritmo. Con il nostro servizio di noleggio auto, hai la libert\u00e0 di scoprire le meraviglie del paese secondo i tuoi desideri.<\/p><p style=\"text-align: justify;\">Non perderti le attrazioni imperdibili del Marocco, come la Medina di Fez, le Gole del Dad\u00e8s e le rovine romane di Volubilis. Noleggiare un'auto in Marocco ti offre la flessibilit\u00e0 necessaria per esplorare questi tesori nascosti e creare ricordi indimenticabili durante il tuo viaggio.<\/p><p style=\"text-align: justify;\">Prenota il <strong>noleggio auto in Marocco<\/strong> Inizia la tua avventura oggi stesso!<\/p><p style=\"text-align: justify;\">\u00a0<\/p>\t\t\t\t\t\t\t\t<\/div>\n\t\t\t\t<\/div>\n\t\t\t\t\t<\/div>\n\t\t<\/div>\n\t\t\t\t\t<\/div>\n\t\t<\/section>\n\t\t\t\t<\/div>","protected":false},"excerpt":{"rendered":"<p>Location de voiture au Maroc : Explorez le pays \u00e0 prix abordable Situ\u00e9 \u00e0 seulement&hellip;<\/p>","protected":false},"author":2,"featured_media":0,"parent":0,"menu_order":0,"comment_status":"closed","ping_status":"closed","template":"","meta":{"footnotes":""},"class_list":["post-4426","page","type-page","status-publish","hentry"],"_links":{"self":[{"href":"https:\/\/www.toulineprestige.com\/it\/wp-json\/wp\/v2\/pages\/4426","targetHints":{"allow":["GET"]}}],"collection":[{"href":"https:\/\/www.toulineprestige.com\/it\/wp-json\/wp\/v2\/pages"}],"about":[{"href":"https:\/\/www.toulineprestige.com\/it\/wp-json\/wp\/v2\/types\/page"}],"author":[{"embeddable":true,"href":"https:\/\/www.toulineprestige.com\/it\/wp-json\/wp\/v2\/users\/2"}],"replies":[{"embeddable":true,"href":"https:\/\/www.toulineprestige.com\/it\/wp-json\/wp\/v2\/comments?post=4426"}],"version-history":[{"count":0,"href":"https:\/\/www.toulineprestige.com\/it\/wp-json\/wp\/v2\/pages\/4426\/revisions"}],"wp:attachment":[{"href":"https:\/\/www.toulineprestige.com\/it\/wp-json\/wp\/v2\/media?parent=4426"}],"curies":[{"name":"wp","href":"https:\/\/api.w.org\/{rel}","templated":true}]}}