{"id":4430,"date":"2018-09-26T06:40:23","date_gmt":"2018-09-26T05:40:23","guid":{"rendered":"https:\/\/www.toulineprestige.com\/?page_id=767"},"modified":"2022-11-08T00:21:15","modified_gmt":"2022-11-07T23:21:15","slug":"location-voiture-longue-duree-casablanca-maroc","status":"publish","type":"page","link":"https:\/\/www.toulineprestige.com\/it\/location-voiture-longue-duree-casablanca-maroc\/","title":{"rendered":"Location longue dur\u00e9e"},"content":{"rendered":"<h1>Location voiture longue dur\u00e9e avec Touline Prestige<\/h1>\n<p>D\u00e9j\u00e0 utilis\u00e9e par les entreprises pour g\u00e9rer leur parc automobile, la location longue dur\u00e9e (LLD) s\u2019ouvre de plus en plus aux particuliers qui ne souhaitent plus investir dans l\u2019achat d\u2019une voiture ou qui d\u00e9sirent en changer r\u00e9guli\u00e8rement.<\/p>\n<h2>La location longue dur\u00e9e : une alternative \u00e0 l\u2019achat<\/h2>\n<p>L\u2019achat d\u2019une voiture ne repr\u00e9sente pas un investissement mais bien une perte d\u2019argent. Sachez qu\u2019un v\u00e9hicule neuf perd en moyenne 25\u00a0% de sa valeur d\u00e8s la premi\u00e8re ann\u00e9e. Il ne faut pas non plus oublier les frais d\u2019entretien et d\u2019usage qui repr\u00e9sentent un co\u00fbt important. La location longue dur\u00e9e (LLD) offre la possibilit\u00e9 \u00e0 un particulier de conduire une voiture neuve sans pour autant se ruiner.<br \/>\nLe principe est simple : vous louez un v\u00e9hicule sur une p\u00e9riode allant de 1 \u00e0 5 ans pour un kilom\u00e9trage d\u00e9termin\u00e9.<br \/>\nPlusieurs \u00e9l\u00e9ments sont pris en compte pour fixer le montant des mensualit\u00e9s :<\/p>\n<ul>\n<li>Le prix de la voiture ;<\/li>\n<li>Le prix de sa valeur r\u00e9siduelle au terme de la location ;<\/li>\n<li>La dur\u00e9e du contrat ;<\/li>\n<li>Le nombre de kilom\u00e8tres effectu\u00e9s pendant la dur\u00e9e de la location ;<\/li>\n<li>Les services compris (entretien, assistance, assurance&#8230;).<\/li>\n<\/ul>\n<h2>A qui s\u2019adresse cette formule ?<\/h2>\n<p>La location longue dur\u00e9e s\u2019adresse \u00e0 toute personne souhaitant remplacer r\u00e9guli\u00e8rement sa voiture, tous les deux, trois ou quatre ans.<\/p>\n<h3>Les avantages de la location longue dur\u00e9e<\/h3>\n<p>La location longue dur\u00e9e permet au conducteur de ma\u00eetriser son budget car le loyer est identique chaque mois. En effet, l\u2019entretien, l\u2019assurance et l\u2019assistance sont compris dans le contrat ce qui permet de rouler en toute s\u00e9r\u00e9nit\u00e9 sans s\u2019inqui\u00e9ter des \u00e9ventuels co\u00fbts li\u00e9s au v\u00e9hicule.<br \/>\nAutre avantage de la LLD : le locataire peut changer de voiture aussi souvent qu\u2019il le souhaite sans avoir \u00e0 s\u2019occuper de la revente de son ancienne voiture.<\/p>\n<h3>Cat\u00e9gories de v\u00e9hicules de location et services disponibles<\/h3>\n<ul>\n<li><a href=\"https:\/\/www.toulineprestige.com\/it\/gamme-des-voitures-de-location-citadines-et-compactes\/\">Urbano &amp; Compatto<\/a><\/li>\n<li><a href=\"https:\/\/www.toulineprestige.com\/it\/location-vehicule-casablanca\/suv-4x2-4w4\/\">SUV &amp; 4WD<\/a><\/li>\n<li><a href=\"https:\/\/www.toulineprestige.com\/it\/location-vehicule-casablanca\/voitures-luxe-prestige\/\">Premio<\/a><\/li>\n<li><a href=\"https:\/\/www.toulineprestige.com\/it\/location-vehicule-casablanca\/voitures-familiales\/\">Familiales &amp; Minibus<\/a><\/li>\n<li><a href=\"https:\/\/www.toulineprestige.com\/it\/location-vehicule-casablanca\/utilitaires\/\">Utilitaires<\/a><\/li>\n<\/ul>\n<h3>Plus d&rsquo;information au sujet de la location de v\u00e9hicule longue dur\u00e9e avec Touline Prestige<\/h3>\n<p>Avec son activit\u00e9 de location longue dur\u00e9e, Touline Prestige votre expert de la mobilit\u00e9, offre \u00e0 ses nombreux clients un compl\u00e9ment intelligent pour louer une voiture sur des p\u00e9riodes plus longues en ma\u00eetrisant leur budget.\u00a0Si vous caressez l\u2019id\u00e9e d\u2019acqu\u00e9rir une voiture neuve \u00e0 des conditions int\u00e9ressantes, Touline Prestige Location Longue Dur\u00e9e vous propose une alternative pertinente par rapport \u00e0 l\u2019achat au comptant et \u00e0 cr\u00e9dit.\u00a0La location longue dur\u00e9e propos\u00e9e par Touline Prestige est aussi simple dans son fonctionnement que la location de voitures Touline Prestige.<\/p>\n<h3>Une gamme importante de v\u00e9hicule longue dur\u00e9e<\/h3>\n<p>Touline Prestige propose l&rsquo;ensemble de la gamme disponible \u00e0 la location de voiture classique aux clients longue dur\u00e9e. Vous pourrez donc choisir parmi l&rsquo;ensemble des plus grandes marques propos\u00e9es habituellement par Touline Prestige.<\/p>","protected":false},"excerpt":{"rendered":"<p>Location voiture longue dur\u00e9e avec Touline Prestige D\u00e9j\u00e0 utilis\u00e9e par les entreprises pour g\u00e9rer leur&hellip;<\/p>","protected":false},"author":2,"featured_media":0,"parent":0,"menu_order":0,"comment_status":"closed","ping_status":"closed","template":"","meta":{"footnotes":""},"class_list":["post-4430","page","type-page","status-publish","hentry"],"_links":{"self":[{"href":"https:\/\/www.toulineprestige.com\/it\/wp-json\/wp\/v2\/pages\/4430","targetHints":{"allow":["GET"]}}],"collection":[{"href":"https:\/\/www.toulineprestige.com\/it\/wp-json\/wp\/v2\/pages"}],"about":[{"href":"https:\/\/www.toulineprestige.com\/it\/wp-json\/wp\/v2\/types\/page"}],"author":[{"embeddable":true,"href":"https:\/\/www.toulineprestige.com\/it\/wp-json\/wp\/v2\/users\/2"}],"replies":[{"embeddable":true,"href":"https:\/\/www.toulineprestige.com\/it\/wp-json\/wp\/v2\/comments?post=4430"}],"version-history":[{"count":0,"href":"https:\/\/www.toulineprestige.com\/it\/wp-json\/wp\/v2\/pages\/4430\/revisions"}],"wp:attachment":[{"href":"https:\/\/www.toulineprestige.com\/it\/wp-json\/wp\/v2\/media?parent=4430"}],"curies":[{"name":"wp","href":"https:\/\/api.w.org\/{rel}","templated":true}]}}