{"id":4433,"date":"2018-08-27T13:33:32","date_gmt":"2018-08-27T11:33:32","guid":{"rendered":"\/\/www.toulineprestige.com\/?page_id=587"},"modified":"2025-11-04T00:09:31","modified_gmt":"2025-11-03T23:09:31","slug":"location-voiture-aeroport-casablanca","status":"publish","type":"page","link":"https:\/\/www.toulineprestige.com\/it\/location-voiture-aeroport-casablanca\/","title":{"rendered":"Location voiture a\u00e9roport casablanca"},"content":{"rendered":"<h1 style=\"text-align: justify;\">Location de voiture A\u00e9roport Mohammed V Casablanca<\/h1>\n<p style=\"text-align: justify;\">Afin de vous d\u00e9placer en toute simplicit\u00e9 dans l&rsquo;arri\u00e8re-pays marocain, notre <strong>agence de location de voitures<\/strong> Touline Prestige vous propose de r\u00e9server un v\u00e9hicule de qualit\u00e9 \u00e0 l&rsquo;a\u00e9roport de Casablanca. Vous pourrez choisir votre v\u00e9hicule parmi notre s\u00e9lection et b\u00e9n\u00e9ficier d&rsquo;une prise en charge 24 heures sur 24. Il vous est \u00e9galement possible de comparer les prix de nos mod\u00e8les gr\u00e2ce \u00e0 notre simulateur de devis. Vous aurez ainsi la possibilit\u00e9 de d\u00e9finir les options dont vous avez r\u00e9ellement besoins et que vous souhaitez inclure \u00e0 votre s\u00e9lection.<\/p>\n<p style=\"text-align: justify;\">Diff\u00e9rentes cat\u00e9gories de voitures sont propos\u00e9es afin de satisfaire au mieux vos besoins, en fonction de l&rsquo;utilit\u00e9 dont vous en ferez et du type de s\u00e9jour que vous souhaitez effectuer. D&rsquo;autre part, nous certifions l&rsquo;\u00e9tat irr\u00e9prochable de nos v\u00e9hicules car tous nos mod\u00e8les sont neufs ou tr\u00e8s r\u00e9cents ; cependant sachez que nous ne garantissons pas la libert\u00e9 de choix d&rsquo;un mod\u00e8le ou d&rsquo;une marque en particulier. Une fois votre r\u00e9servation effectu\u00e9e, vous b\u00e9n\u00e9ficierez d&rsquo;un v\u00e9hicule de qualit\u00e9, disponible d\u00e8s votre arriv\u00e9e \u00e0 <strong>l&rsquo;a\u00e9roport de Casablanca Mohammed 5<\/strong>.<\/p>\n<p style=\"text-align: justify;\">L\u2019a\u00e9roport Mohammed 5 de Casablanca est situ\u00e9 \u00e0 30 kilom\u00e8tres au sud de la capitale \u00e9conomique du pays avec une capacit\u00e9 annuelle de 14 millions de passagers et Desservi par 50 compagnies r\u00e9guli\u00e8res reliant le pays \u00e0 80 destinations mondiales.<\/p>\n<p style=\"text-align: justify;\">L\u2019a\u00e9roport de Casablanca est li\u00e9 \u00e0 la ville par une navette ferroviaire avec une fr\u00e9quence de un train par heure. Cette ligne traverse les principaux quartiers de la ville de Casablanca, \u00e0 savoir : Ain Sebaa, Sidi Othmane, Sidi Maarouf, Bournazil, Hay Hassani, Sidi Barnoussi, oulfa, Sidi Moumen, DerbGhalef, Derb Sultan, Beaus\u00e9jour, Hay Mohamadi, Hay moulay Abdallah, \u2026 etc<\/p>\n<p style=\"text-align: justify;\">Touline Prestige Agence de location de voiture \u00e0 Casablanca dispose de voiture de luxe de grandes marques comme Mercedes, Jeep, Porsche, Renault \u2026 les prix de location de cette cat\u00e9gorie de voiture sont \u00e0 partir de <strong>200 dhs par jour<\/strong> seulement.<\/p>\n<p style=\"text-align: justify;\">Touline Prestige Casablanca ouvre son service de location voiture Casablanca aux entreprises dans le cadre d\u2019un contrat de location de voiture de longue dur\u00e9e. Pour plus d\u2019informations sur ce service, contactez notre service commercial.<\/p>\n<h3 style=\"text-align: justify;\">Profitez de notre service de location de voitures Touline Prestige pour d\u00e9couvrir les paysages marocains<\/h3>\n<p style=\"text-align: justify;\">Situ\u00e9e au coeur de Maroc, la ville de Casablanca est aussi la plus grande m\u00e9tropole du Maghreb. Jeune et dynamique, elle est essentiellement orient\u00e9e vers le domaine des affaires. Tr\u00e8s peu visit\u00e9e pour son aspect touristique, la ville marocaine renferme tout de m\u00eame de splendides monuments architecturaux, dont le plus connu se trouve \u00eatre la plus grande et la plus belle mosqu\u00e9e du Maghreb, la mosqu\u00e9e Hassan II. Si vous en avez l&rsquo;occasion, vous pourrez \u00e9galement vous rendre gr\u00e2ce \u00e0 votre v\u00e9hicule dans l&rsquo;arri\u00e8re-pays marocain qui offre \u00e0 seulement quelques heures de Casablanca, de nombreuses opportunit\u00e9s de d\u00e9couvertes. Vous pourrez par exemple admirer les splendeurs architecturales de villes imp\u00e9riales, telles que Rabat ou F\u00e8s. Un vaste choix de destinations s&rsquo;offrira \u00e0 vous. Des d\u00e9serts du Grand Sud aux neiges de l&rsquo;Atlas, les possibilit\u00e9s de voyages sont infinies. C&rsquo;est pourquoi nous vous proposons de b\u00e9n\u00e9ficier de notre service de location de voitures \u00e0 l&rsquo;a\u00e9roport de Casablanca Mohammed V, afin que vous puissiez profiter pleinement des richesses du Maroc.<\/p>\n<h3 style=\"text-align: justify;\">Des options, rien que pour votre confort<\/h3>\n<p style=\"text-align: justify;\">La proposition d\u2019options satisfaisantes prouve le professionnalisme de Touline Prestige concernant la <strong>location voiture \u00e0 Casablanca<\/strong>, dont le GPS, l\u2019Airbug et bien d\u2019autres. Il garantit les comp\u00e9tences du conducteur et impose certaines conditions pour que les touristes ou les vacanciers puissent jouir des s\u00e9jours en toute s\u00e9r\u00e9nit\u00e9. Ce n\u2019est pas \u00e9tonnant s\u2019il existe souvent un deuxi\u00e8me chauffeur exp\u00e9riment\u00e9 pour assurer le relai tout le long de la balade au sein de la merveilleuse ville. Les services sont faits particuli\u00e8rement pour r\u00e9pondre \u00e0 vos exigences; vous \u00eates libres de r\u00e9cup\u00e9rer la voiture partout o\u00f9 vous \u00eates, soit \u00e0 l\u2019h\u00f4tel soit \u00e0 la gare. Ils concernent \u00e9galement votre transfert a\u00e9roport Casablanca. Inutile d\u2019avoir des soucis au niveau de votre s\u00e9curit\u00e9, car les v\u00e9hicules disposent des assurances tous risques. Pour ce qui concerne le paiement, le virement Swift et la carte cr\u00e9dit sont acceptables.<\/p>\n<h4 style=\"text-align: justify;\">Cat\u00e9gories de v\u00e9hicules de location et services disponibles<\/h4>\n<ul>\n<li style=\"text-align: justify;\"><a href=\"https:\/\/www.toulineprestige.com\/it\/gamme-des-voitures-de-location-citadines-et-compactes\/\">Urbano &amp; Compatto<\/a><\/li>\n<li style=\"text-align: justify;\"><a href=\"https:\/\/www.toulineprestige.com\/it\/location-vehicule-casablanca\/suv-4x2-4w4\/\">SUV &amp; 4WD<\/a><\/li>\n<li style=\"text-align: justify;\"><a href=\"https:\/\/www.toulineprestige.com\/it\/location-vehicule-casablanca\/voitures-luxe-prestige\/\">Premio<\/a><\/li>\n<li style=\"text-align: justify;\"><a href=\"https:\/\/www.toulineprestige.com\/it\/location-vehicule-casablanca\/voitures-familiales\/\">Familiales &amp; Minibus<\/a><\/li>\n<li style=\"text-align: justify;\"><a href=\"https:\/\/www.toulineprestige.com\/it\/location-vehicule-casablanca\/utilitaires\/\">Utilitaires<\/a><\/li>\n<\/ul>","protected":false},"excerpt":{"rendered":"<p>Location de voiture A\u00e9roport Mohammed V Casablanca Afin de vous d\u00e9placer en toute simplicit\u00e9 dans&hellip;<\/p>","protected":false},"author":2,"featured_media":0,"parent":0,"menu_order":0,"comment_status":"closed","ping_status":"closed","template":"","meta":{"footnotes":""},"class_list":["post-4433","page","type-page","status-publish","hentry"],"_links":{"self":[{"href":"https:\/\/www.toulineprestige.com\/it\/wp-json\/wp\/v2\/pages\/4433","targetHints":{"allow":["GET"]}}],"collection":[{"href":"https:\/\/www.toulineprestige.com\/it\/wp-json\/wp\/v2\/pages"}],"about":[{"href":"https:\/\/www.toulineprestige.com\/it\/wp-json\/wp\/v2\/types\/page"}],"author":[{"embeddable":true,"href":"https:\/\/www.toulineprestige.com\/it\/wp-json\/wp\/v2\/users\/2"}],"replies":[{"embeddable":true,"href":"https:\/\/www.toulineprestige.com\/it\/wp-json\/wp\/v2\/comments?post=4433"}],"version-history":[{"count":1,"href":"https:\/\/www.toulineprestige.com\/it\/wp-json\/wp\/v2\/pages\/4433\/revisions"}],"predecessor-version":[{"id":12540,"href":"https:\/\/www.toulineprestige.com\/it\/wp-json\/wp\/v2\/pages\/4433\/revisions\/12540"}],"wp:attachment":[{"href":"https:\/\/www.toulineprestige.com\/it\/wp-json\/wp\/v2\/media?parent=4433"}],"curies":[{"name":"wp","href":"https:\/\/api.w.org\/{rel}","templated":true}]}}