{"id":4434,"date":"2018-09-22T12:22:05","date_gmt":"2018-09-22T11:22:05","guid":{"rendered":"https:\/\/www.toulineprestige.com\/?page_id=730"},"modified":"2022-11-08T00:27:12","modified_gmt":"2022-11-07T23:27:12","slug":"location-voiture-annulation-modification","status":"publish","type":"page","link":"https:\/\/www.toulineprestige.com\/it\/location-voiture-annulation-modification\/","title":{"rendered":"Location voiture annulation modification"},"content":{"rendered":"<h1 style=\"text-align: justify;\">Annulation et modification de votre location de voiture<\/h1>\n<p style=\"text-align: justify;\">Changement de programme, des vacances annul\u00e9es, un rendez-vous repouss\u00e9 ou un incident de derni\u00e8re minute ? Heureusement, Touline Prestige pr\u00e9voit la modification ou l\u2019annulation de votre location de voiture sans frais avec notre tarif \u00ab payer \u00e0 l\u2019arriv\u00e9e \u00bb. Vous avez opt\u00e9 pour le tarif pr\u00e9pay\u00e9 ? Pas de panique, nous vous proposons des solutions pour modifier et annuler votre r\u00e9servation.<\/p>\n<h2 style=\"text-align: justify;\">Conditions d&rsquo;annulation ou de modification pour votre location de voiture<\/h2>\n<p style=\"text-align: justify;\">Lorsque vous effectuez votre r\u00e9servation en ligne vous avez la possibilit\u00e9 de choisir entre deux types de paiement : \u00ab\u00a0Payer sur place\u00a0\u00bb ou \u00ab\u00a0Transfert d&rsquo;argent\u00a0\u00bb. Les conditions d&rsquo;annulation et modification sont diff\u00e9rentes.<\/p>\n<h3 style=\"text-align: justify;\">Tarif souple \u00ab payer \u00e0 l\u2019arriv\u00e9e \u00bb : annulation gratuite<\/h3>\n<p style=\"text-align: justify;\">En choisissant le paiement \u00e0 l\u2019arriv\u00e9e, vous avez la possibilit\u00e9 d\u2019annuler ou de modifier votre r\u00e9servation gratuitement \u00e0 n\u2019importe quel moment avant l\u2019heure de la collecte. Un peu plus cher, ce tarif est \u00e0 privil\u00e9gier si vos plans risquent de changer. Sachez cependant que les modifications, m\u00eame sans frais, d\u00e9pendent de nos disponibilit\u00e9s.<\/p>\n<h3 style=\"text-align: justify;\">Tarif pr\u00e9pay\u00e9 : nos meilleurs prix<\/h3>\n<p style=\"text-align: justify;\">En optant pour le paiement par transfert d&rsquo;argent lors de la r\u00e9servation, vous b\u00e9n\u00e9ficiez de nos meilleurs tarifs avec une r\u00e9duction allant jusqu&rsquo;\u00e0 -30%, mais des frais seront pr\u00e9lev\u00e9s en cas d\u2019annulation ou de modification de votre r\u00e9servation. Soyez bien pr\u00e9par\u00e9 !<\/p>\n<ul style=\"text-align: justify;\">\n<li>Modification paiement par transfert d&rsquo;argent : La modification de votre location de voiture est possible jusqu\u2019\u00e0 24h avant le d\u00e9but de la location et d\u00e9pend de nos disponibilit\u00e9s. Les frais applicables s\u2019\u00e9l\u00e8vent \u00e0 250 Dhs.<\/li>\n<li>Annulation paiement par transfert d&rsquo;argent\u00a0 : Vous pouvez annuler votre location de voiture avant la date de retrait pr\u00e9vue. Un maximum de trois jours de location, incluant frais et options, seront cependant d\u00e9duits de votre remboursement. Attention, vous devez formuler une demande officielle ; sans cela, la non-collecte du v\u00e9hicule ne donne lieu \u00e0 aucun remboursement !<\/li>\n<\/ul>\n<h3 style=\"text-align: justify;\">Comment annuler ou modifier ma r\u00e9servation chez Touline Prestige ?<\/h3>\n<p style=\"text-align: justify;\">Vous avez la possibilit\u00e9 d&rsquo;annuler ou modifier votre location de voiture directement en ligne Vous pouvez \u00e9galement effectuer vos demande de modification ou d\u2019annulation par \u00e9crit aupr\u00e8s de notre service client : Touline Prestige, 55 Rue Guercif, Bd. Moulay Youssef &#8211; Casablanca &#8211; Maroc Email: reservation(arobaz)toulineprestige.com.<\/p>\n<h3 style=\"text-align: justify;\">Informations suppl\u00e9mentaires<\/h3>\n<p style=\"text-align: justify;\">Pour plus de renseignements, vous pouvez consulter nos <a href=\"https:\/\/www.toulineprestige.com\/it\/conditions-generales\/\">conditions g\u00e9n\u00e9rales<\/a> et les informations g\u00e9n\u00e9rales ou encore contacter un de nos agents au +212 6 61 30 66 38<\/p>\n<p style=\"text-align: justify;\">* Les conditions de cette page sont donn\u00e9es \u00e0 titre indicatif uniquement et peuvent \u00eatre modifi\u00e9es.<\/p>\n<h3 style=\"text-align: justify;\">Cat\u00e9gories de v\u00e9hicules de location et services disponibles<\/h3>\n<ul>\n<li style=\"text-align: justify;\"><a href=\"https:\/\/www.toulineprestige.com\/it\/gamme-des-voitures-de-location-citadines-et-compactes\/\">Urbano &amp; Compatto<\/a><\/li>\n<li style=\"text-align: justify;\"><a href=\"https:\/\/www.toulineprestige.com\/it\/location-vehicule-casablanca\/suv-4x2-4w4\/\">SUV &amp; 4WD<\/a><\/li>\n<li style=\"text-align: justify;\"><a href=\"https:\/\/www.toulineprestige.com\/it\/location-vehicule-casablanca\/voitures-luxe-prestige\/\">Premio<\/a><\/li>\n<li style=\"text-align: justify;\"><a href=\"https:\/\/www.toulineprestige.com\/it\/location-vehicule-casablanca\/voitures-familiales\/\">Familiales &amp; Minibus<\/a><\/li>\n<li style=\"text-align: justify;\"><a href=\"https:\/\/www.toulineprestige.com\/it\/location-vehicule-casablanca\/utilitaires\/\">Utilitaires<\/a><\/li>\n<\/ul>","protected":false},"excerpt":{"rendered":"<p>Annulation et modification de votre location de voiture Changement de programme, des vacances annul\u00e9es, un&hellip;<\/p>","protected":false},"author":2,"featured_media":0,"parent":0,"menu_order":0,"comment_status":"closed","ping_status":"closed","template":"","meta":{"footnotes":""},"class_list":["post-4434","page","type-page","status-publish","hentry"],"_links":{"self":[{"href":"https:\/\/www.toulineprestige.com\/it\/wp-json\/wp\/v2\/pages\/4434","targetHints":{"allow":["GET"]}}],"collection":[{"href":"https:\/\/www.toulineprestige.com\/it\/wp-json\/wp\/v2\/pages"}],"about":[{"href":"https:\/\/www.toulineprestige.com\/it\/wp-json\/wp\/v2\/types\/page"}],"author":[{"embeddable":true,"href":"https:\/\/www.toulineprestige.com\/it\/wp-json\/wp\/v2\/users\/2"}],"replies":[{"embeddable":true,"href":"https:\/\/www.toulineprestige.com\/it\/wp-json\/wp\/v2\/comments?post=4434"}],"version-history":[{"count":0,"href":"https:\/\/www.toulineprestige.com\/it\/wp-json\/wp\/v2\/pages\/4434\/revisions"}],"wp:attachment":[{"href":"https:\/\/www.toulineprestige.com\/it\/wp-json\/wp\/v2\/media?parent=4434"}],"curies":[{"name":"wp","href":"https:\/\/api.w.org\/{rel}","templated":true}]}}